{"id":32482,"date":"2020-09-22T17:24:27","date_gmt":"2020-09-22T17:24:27","guid":{"rendered":"https:\/\/dev.railscarma.com\/?page_id=32482"},"modified":"2022-09-07T05:23:02","modified_gmt":"2022-09-07T05:23:02","slug":"ruckmeldung-dankeschon","status":"publish","type":"page","link":"https:\/\/www.railscarma.com\/de\/ruckmeldung-dankeschon\/","title":{"rendered":"R\u00fcckmeldung Dankesch\u00f6n"},"content":{"rendered":"<div data-elementor-type=\"wp-page\" data-elementor-id=\"32482\" class=\"elementor elementor-32482\" data-elementor-post-type=\"page\">\n\t\t\t\t\t\t<section class=\"elementor-section elementor-top-section elementor-element elementor-element-e807fe9 elementor-section-boxed elementor-section-height-default elementor-section-height-default\" data-id=\"e807fe9\" data-element_type=\"section\">\n\t\t\t\t\t\t<div class=\"elementor-container elementor-column-gap-default\">\n\t\t\t\t\t<div class=\"elementor-column elementor-col-100 elementor-top-column elementor-element elementor-element-6df6cad\" data-id=\"6df6cad\" data-element_type=\"column\">\n\t\t\t<div class=\"elementor-widget-wrap elementor-element-populated\">\n\t\t\t\t\t\t<div class=\"elementor-element elementor-element-e728f80 uael-heading-align-center elementor-widget elementor-widget-uael-advanced-heading\" data-id=\"e728f80\" data-element_type=\"widget\" data-widget_type=\"uael-advanced-heading.default\">\n\t\t\t\t<div class=\"elementor-widget-container\">\n\t\t\t\t\t\n\t\t<div class=\"uael-module-content uael-heading-wrapper\">\n\t\t\t\t\t\t\n\t\t\t<h1 class=\"uael-heading\">\n\t\t\t\t\t\t\t\t\t\t<span class=\"uael-heading-text elementor-inline-editing uael-size--default\" data-elementor-setting-key=\"heading_title\" data-elementor-inline-editing-toolbar=\"basic\">Dankesch\u00f6n<\/span>\n\t\t\t\t\t\t\t<\/h1>\n\n\t\t\t\n\t\t\t\t\t\t<div class=\"uael-module-content uael-separator-parent\">\n\t\t\t\t\t\t\t\t\t\t\t\t\t<div class=\"uael-separator\"><\/div>\n\t\t\t\t\t\t\t<\/div>\n\t\t\t\n\t\t\t\t\t\t\t<div class=\"uael-subheading elementor-inline-editing\" data-elementor-setting-key=\"heading_description\" data-elementor-inline-editing-toolbar=\"advanced\" >\n\t\t\t\t\tVielen Dank, dass Sie sich die Zeit genommen haben, unser Feedback-Formular auszuf\u00fcllen. Wir sch\u00e4tzen Ihr Feedback und freuen uns darauf, Ihre Serviceerfahrung mit uns zu verbessern. Bitte z\u00f6gern Sie nicht, sich mit uns in Verbindung zu setzen, wenn Sie Fragen oder Bedenken haben. Als Ihr Partner f\u00fcr IT-Infrastrukturservices, Cloud- und Design-Services sind wir immer gerne f\u00fcr Sie da und helfen Ihnen, Ihr Gesch\u00e4ft auszubauen.\t\t\t\t<\/div>\n\t\t\t\t\n\t\t\t\t\t\t<\/div>\n\t\t\t\t\t\t<\/div>\n\t\t\t\t<\/div>\n\t\t\t\t\t<\/div>\n\t\t<\/div>\n\t\t\t\t\t<\/div>\n\t\t<\/section>\n\t\t\t\t<\/div>","protected":false},"excerpt":{"rendered":"<p>Thank You Thank you for taking out time to fill out our feedback form. We value your feedback &amp; look forward to it for improving your overall service experience with us. Please feel free to get in touch with us for any of your queries and concerns. We, as your IT infrastructure Services, Cloud and &hellip;<\/p>\n<p class=\"read-more\"> <a class=\"\" href=\"https:\/\/www.railscarma.com\/de\/ruckmeldung-dankeschon\/\"> <span class=\"screen-reader-text\">R\u00fcckmeldung Dankesch\u00f6n<\/span> Weiterlesen \u00bb<\/a><\/p>","protected":false},"author":1,"featured_media":0,"parent":0,"menu_order":0,"comment_status":"closed","ping_status":"closed","template":"","meta":{"footnotes":""},"class_list":["post-32482","page","type-page","status-publish","hentry"],"yoast_head":"<!-- This site is optimized with the Yoast SEO plugin v26.8 - https:\/\/yoast.com\/product\/yoast-seo-wordpress\/ -->\n<title>Feedback Thank You - RailsCarma - Ruby on Rails Development Company specializing in Offshore Development<\/title>\n<meta name=\"description\" content=\"Thank You Thank you for taking out time to fill out our feedback form. We value your feedback &amp; look forward to it for improving your overall service\" \/>\n<meta name=\"robots\" content=\"noindex, nofollow\" \/>\n<meta property=\"og:locale\" content=\"de_DE\" \/>\n<meta property=\"og:type\" content=\"article\" \/>\n<meta property=\"og:title\" content=\"Feedback Thank You - RailsCarma - Ruby on Rails Development Company specializing in Offshore Development\" \/>\n<meta property=\"og:description\" content=\"Thank You Thank you for taking out time to fill out our feedback form. We value your feedback &amp; look forward to it for improving your overall service\" \/>\n<meta property=\"og:url\" content=\"https:\/\/www.railscarma.com\/de\/ruckmeldung-dankeschon\/\" \/>\n<meta property=\"og:site_name\" content=\"RailsCarma - Ruby on Rails Development Company specializing in Offshore Development\" \/>\n<meta property=\"article:publisher\" content=\"https:\/\/www.facebook.com\/RailsCarma\/\" \/>\n<meta property=\"article:modified_time\" content=\"2022-09-07T05:23:02+00:00\" \/>\n<meta property=\"og:image\" content=\"https:\/\/www.railscarma.com\/wp-content\/uploads\/2022\/09\/Ruby-on-Rails-Development-Company.jpg\" \/>\n\t<meta property=\"og:image:width\" content=\"1200\" \/>\n\t<meta property=\"og:image:height\" content=\"628\" \/>\n\t<meta property=\"og:image:type\" content=\"image\/jpeg\" \/>\n<meta name=\"twitter:card\" content=\"summary_large_image\" \/>\n<meta name=\"twitter:site\" content=\"@railscarma\" \/>\n<script type=\"application\/ld+json\" class=\"yoast-schema-graph\">{\"@context\":\"https:\/\/schema.org\",\"@graph\":[{\"@type\":\"WebPage\",\"@id\":\"https:\/\/www.railscarma.com\/feedback-thank-you\/\",\"url\":\"https:\/\/www.railscarma.com\/feedback-thank-you\/\",\"name\":\"Feedback Thank You - RailsCarma - Ruby on Rails Development Company specializing in Offshore Development\",\"isPartOf\":{\"@id\":\"https:\/\/www.railscarma.com\/#website\"},\"datePublished\":\"2020-09-22T17:24:27+00:00\",\"dateModified\":\"2022-09-07T05:23:02+00:00\",\"description\":\"Thank You Thank you for taking out time to fill out our feedback form. We value your feedback &amp; look forward to it for improving your overall service\",\"breadcrumb\":{\"@id\":\"https:\/\/www.railscarma.com\/feedback-thank-you\/#breadcrumb\"},\"inLanguage\":\"de\",\"potentialAction\":[{\"@type\":\"ReadAction\",\"target\":[\"https:\/\/www.railscarma.com\/feedback-thank-you\/\"]}]},{\"@type\":\"BreadcrumbList\",\"@id\":\"https:\/\/www.railscarma.com\/feedback-thank-you\/#breadcrumb\",\"itemListElement\":[{\"@type\":\"ListItem\",\"position\":1,\"name\":\"Home\",\"item\":\"https:\/\/www.railscarma.com\/\"},{\"@type\":\"ListItem\",\"position\":2,\"name\":\"Feedback Thank You\"}]},{\"@type\":\"WebSite\",\"@id\":\"https:\/\/www.railscarma.com\/#website\",\"url\":\"https:\/\/www.railscarma.com\/\",\"name\":\"RailsCarma - Ruby on Rails Development Company specializing in Offshore Development\",\"description\":\"RailsCarma is a Ruby on Rails Development Company in Bangalore. We specialize in Offshore Ruby on Rails Development based out in USA and India. Hire experienced Ruby on Rails developers for the ultimate Web Experience.\",\"publisher\":{\"@id\":\"https:\/\/www.railscarma.com\/#organization\"},\"potentialAction\":[{\"@type\":\"SearchAction\",\"target\":{\"@type\":\"EntryPoint\",\"urlTemplate\":\"https:\/\/www.railscarma.com\/?s={search_term_string}\"},\"query-input\":{\"@type\":\"PropertyValueSpecification\",\"valueRequired\":true,\"valueName\":\"search_term_string\"}}],\"inLanguage\":\"de\"},{\"@type\":\"Organization\",\"@id\":\"https:\/\/www.railscarma.com\/#organization\",\"name\":\"RailsCarma\",\"url\":\"https:\/\/www.railscarma.com\/\",\"logo\":{\"@type\":\"ImageObject\",\"inLanguage\":\"de\",\"@id\":\"https:\/\/www.railscarma.com\/#\/schema\/logo\/image\/\",\"url\":\"https:\/\/www.railscarma.com\/wp-content\/uploads\/2020\/08\/railscarma_logo.png\",\"contentUrl\":\"https:\/\/www.railscarma.com\/wp-content\/uploads\/2020\/08\/railscarma_logo.png\",\"width\":200,\"height\":46,\"caption\":\"RailsCarma\"},\"image\":{\"@id\":\"https:\/\/www.railscarma.com\/#\/schema\/logo\/image\/\"},\"sameAs\":[\"https:\/\/www.facebook.com\/RailsCarma\/\",\"https:\/\/x.com\/railscarma\",\"https:\/\/www.linkedin.com\/company\/railscarma\/\",\"https:\/\/myspace.com\/railscarma\",\"https:\/\/in.pinterest.com\/railscarma\/\",\"https:\/\/www.youtube.com\/channel\/UCx3Wil-aAnDARuatTEyMdpg\"]}]}<\/script>\n<!-- \/ Yoast SEO plugin. -->","yoast_head_json":{"title":"Feedback Danke - RailsCarma - Ruby on Rails Entwicklungsunternehmen, spezialisiert auf Offshore Entwicklung","description":"Vielen Dank, dass Sie sich die Zeit genommen haben, unser Feedback-Formular auszuf\u00fcllen. Wir sch\u00e4tzen Ihr Feedback und freuen uns darauf, Ihren Service zu verbessern.","robots":{"index":"noindex","follow":"nofollow"},"og_locale":"de_DE","og_type":"article","og_title":"Feedback Thank You - RailsCarma - Ruby on Rails Development Company specializing in Offshore Development","og_description":"Thank You Thank you for taking out time to fill out our feedback form. We value your feedback &amp; look forward to it for improving your overall service","og_url":"https:\/\/www.railscarma.com\/de\/ruckmeldung-dankeschon\/","og_site_name":"RailsCarma - Ruby on Rails Development Company specializing in Offshore Development","article_publisher":"https:\/\/www.facebook.com\/RailsCarma\/","article_modified_time":"2022-09-07T05:23:02+00:00","og_image":[{"width":1200,"height":628,"url":"https:\/\/www.railscarma.com\/wp-content\/uploads\/2022\/09\/Ruby-on-Rails-Development-Company.jpg","type":"image\/jpeg"}],"twitter_card":"summary_large_image","twitter_site":"@railscarma","schema":{"@context":"https:\/\/schema.org","@graph":[{"@type":"WebPage","@id":"https:\/\/www.railscarma.com\/feedback-thank-you\/","url":"https:\/\/www.railscarma.com\/feedback-thank-you\/","name":"Feedback Danke - RailsCarma - Ruby on Rails Entwicklungsunternehmen, spezialisiert auf Offshore Entwicklung","isPartOf":{"@id":"https:\/\/www.railscarma.com\/#website"},"datePublished":"2020-09-22T17:24:27+00:00","dateModified":"2022-09-07T05:23:02+00:00","description":"Vielen Dank, dass Sie sich die Zeit genommen haben, unser Feedback-Formular auszuf\u00fcllen. Wir sch\u00e4tzen Ihr Feedback und freuen uns darauf, Ihren Service zu verbessern.","breadcrumb":{"@id":"https:\/\/www.railscarma.com\/feedback-thank-you\/#breadcrumb"},"inLanguage":"de","potentialAction":[{"@type":"ReadAction","target":["https:\/\/www.railscarma.com\/feedback-thank-you\/"]}]},{"@type":"BreadcrumbList","@id":"https:\/\/www.railscarma.com\/feedback-thank-you\/#breadcrumb","itemListElement":[{"@type":"ListItem","position":1,"name":"Home","item":"https:\/\/www.railscarma.com\/"},{"@type":"ListItem","position":2,"name":"Feedback Thank You"}]},{"@type":"WebSite","@id":"https:\/\/www.railscarma.com\/#website","url":"https:\/\/www.railscarma.com\/","name":"RailsCarma \u2013 Ruby on Rails-Entwicklungsunternehmen, spezialisiert auf Offshore-Entwicklung","description":"RailsCarma ist ein Ruby on Rails-Entwicklungsunternehmen in Bangalore. Wir sind auf die Offshore-Ruby-on-Rails-Entwicklung mit Sitz in den USA und Indien spezialisiert. Stellen Sie erfahrene Ruby on Rails-Entwickler f\u00fcr das ultimative Web-Erlebnis ein.","publisher":{"@id":"https:\/\/www.railscarma.com\/#organization"},"potentialAction":[{"@type":"SearchAction","target":{"@type":"EntryPoint","urlTemplate":"https:\/\/www.railscarma.com\/?s={search_term_string}"},"query-input":{"@type":"PropertyValueSpecification","valueRequired":true,"valueName":"search_term_string"}}],"inLanguage":"de"},{"@type":"Organization","@id":"https:\/\/www.railscarma.com\/#organization","name":"SchienenCarma","url":"https:\/\/www.railscarma.com\/","logo":{"@type":"ImageObject","inLanguage":"de","@id":"https:\/\/www.railscarma.com\/#\/schema\/logo\/image\/","url":"https:\/\/www.railscarma.com\/wp-content\/uploads\/2020\/08\/railscarma_logo.png","contentUrl":"https:\/\/www.railscarma.com\/wp-content\/uploads\/2020\/08\/railscarma_logo.png","width":200,"height":46,"caption":"RailsCarma"},"image":{"@id":"https:\/\/www.railscarma.com\/#\/schema\/logo\/image\/"},"sameAs":["https:\/\/www.facebook.com\/RailsCarma\/","https:\/\/x.com\/railscarma","https:\/\/www.linkedin.com\/company\/railscarma\/","https:\/\/myspace.com\/railscarma","https:\/\/in.pinterest.com\/railscarma\/","https:\/\/www.youtube.com\/channel\/UCx3Wil-aAnDARuatTEyMdpg"]}]}},"amp_enabled":false,"_links":{"self":[{"href":"https:\/\/www.railscarma.com\/de\/wp-json\/wp\/v2\/pages\/32482","targetHints":{"allow":["GET"]}}],"collection":[{"href":"https:\/\/www.railscarma.com\/de\/wp-json\/wp\/v2\/pages"}],"about":[{"href":"https:\/\/www.railscarma.com\/de\/wp-json\/wp\/v2\/types\/page"}],"author":[{"embeddable":true,"href":"https:\/\/www.railscarma.com\/de\/wp-json\/wp\/v2\/users\/1"}],"replies":[{"embeddable":true,"href":"https:\/\/www.railscarma.com\/de\/wp-json\/wp\/v2\/comments?post=32482"}],"version-history":[{"count":0,"href":"https:\/\/www.railscarma.com\/de\/wp-json\/wp\/v2\/pages\/32482\/revisions"}],"wp:attachment":[{"href":"https:\/\/www.railscarma.com\/de\/wp-json\/wp\/v2\/media?parent=32482"}],"curies":[{"name":"wp","href":"https:\/\/api.w.org\/{rel}","templated":true}]}}