{"id":32486,"date":"2020-09-22T17:38:49","date_gmt":"2020-09-22T17:38:49","guid":{"rendered":"https:\/\/dev.railscarma.com\/?page_id=32486"},"modified":"2020-11-05T09:59:03","modified_gmt":"2020-11-05T09:59:03","slug":"entwicklung-von-ruby-on-rails-auslagern","status":"publish","type":"page","link":"https:\/\/www.railscarma.com\/de\/entwicklung-von-ruby-on-rails-auslagern\/","title":{"rendered":"Ruby On Rails Entwicklung auslagern"},"content":{"rendered":"<div data-elementor-type=\"wp-page\" data-elementor-id=\"32486\" class=\"elementor elementor-32486\" data-elementor-post-type=\"page\">\n\t\t\t\t\t\t<section class=\"elementor-section elementor-top-section elementor-element elementor-element-42f416a8 elementor-section-stretched elementor-section-boxed elementor-section-height-default elementor-section-height-default\" data-id=\"42f416a8\" data-element_type=\"section\" data-settings=\"{&quot;stretch_section&quot;:&quot;section-stretched&quot;,&quot;background_background&quot;:&quot;classic&quot;}\">\n\t\t\t\t\t\t\t<div class=\"elementor-background-overlay\"><\/div>\n\t\t\t\t\t\t\t<div class=\"elementor-container elementor-column-gap-default\">\n\t\t\t\t\t<div class=\"elementor-column elementor-col-100 elementor-top-column elementor-element elementor-element-33ecab17\" data-id=\"33ecab17\" data-element_type=\"column\">\n\t\t\t<div class=\"elementor-widget-wrap elementor-element-populated\">\n\t\t\t\t\t\t<div class=\"elementor-element elementor-element-76e1b1c elementor-widget elementor-widget-heading\" data-id=\"76e1b1c\" data-element_type=\"widget\" data-widget_type=\"heading.default\">\n\t\t\t\t<div class=\"elementor-widget-container\">\n\t\t\t\t\t<h1 class=\"elementor-heading-title elementor-size-default\">Ruby On Rails Entwicklung auslagern<\/h1>\t\t\t\t<\/div>\n\t\t\t\t<\/div>\n\t\t\t\t<div class=\"elementor-element elementor-element-e9d25d2 elementor-widget elementor-widget-button\" data-id=\"e9d25d2\" data-element_type=\"widget\" data-widget_type=\"button.default\">\n\t\t\t\t<div class=\"elementor-widget-container\">\n\t\t\t\t\t\t\t\t\t<div class=\"elementor-button-wrapper\">\n\t\t\t\t\t<a class=\"elementor-button elementor-button-link elementor-size-md\" href=\"\/de\/kontaktiere-uns\/\">\n\t\t\t\t\t\t<span class=\"elementor-button-content-wrapper\">\n\t\t\t\t\t\t<span class=\"elementor-button-icon\">\n\t\t\t\t<i aria-hidden=\"true\" class=\"fas fa-angle-double-right\"><\/i>\t\t\t<\/span>\n\t\t\t\t\t\t\t\t\t<span class=\"elementor-button-text\">KONTAKTIERE UNS<\/span>\n\t\t\t\t\t<\/span>\n\t\t\t\t\t<\/a>\n\t\t\t\t<\/div>\n\t\t\t\t\t\t\t\t<\/div>\n\t\t\t\t<\/div>\n\t\t\t\t\t<\/div>\n\t\t<\/div>\n\t\t\t\t\t<\/div>\n\t\t<\/section>\n\t\t\t\t<section class=\"elementor-section elementor-top-section elementor-element elementor-element-b7c9544 elementor-section-boxed elementor-section-height-default elementor-section-height-default\" data-id=\"b7c9544\" data-element_type=\"section\">\n\t\t\t\t\t\t<div class=\"elementor-container elementor-column-gap-default\">\n\t\t\t\t\t<div class=\"elementor-column elementor-col-100 elementor-top-column elementor-element elementor-element-3246e5b\" data-id=\"3246e5b\" data-element_type=\"column\">\n\t\t\t<div class=\"elementor-widget-wrap elementor-element-populated\">\n\t\t\t\t\t\t<div class=\"elementor-element elementor-element-76be75e elementor-widget elementor-widget-uael-advanced-heading\" data-id=\"76be75e\" data-element_type=\"widget\" data-widget_type=\"uael-advanced-heading.default\">\n\t\t\t\t<div class=\"elementor-widget-container\">\n\t\t\t\t\t\n\t\t<div class=\"uael-module-content uael-heading-wrapper\">\n\t\t\t\t\t\t\n\t\t\t<h2 class=\"uael-heading\">\n\t\t\t\t\t\t\t\t\t\t<span class=\"uael-heading-text elementor-inline-editing uael-size--default\" data-elementor-setting-key=\"heading_title\" data-elementor-inline-editing-toolbar=\"basic\">Ruby On Rails Entwicklung auslagern<\/span>\n\t\t\t\t\t\t\t<\/h2>\n\n\t\t\t\n\t\t\t\t\t\t<div class=\"uael-module-content uael-separator-parent\">\n\t\t\t\t\t\t\t\t\t\t\t\t\t<div class=\"uael-separator\"><\/div>\n\t\t\t\t\t\t\t<\/div>\n\t\t\t\n\t\t\t\n\t\t\t\t\t\t<\/div>\n\t\t\t\t\t\t<\/div>\n\t\t\t\t<\/div>\n\t\t\t\t<div class=\"elementor-element elementor-element-8601b72 elementor-widget elementor-widget-text-editor\" data-id=\"8601b72\" data-element_type=\"widget\" data-widget_type=\"text-editor.default\">\n\t\t\t\t<div class=\"elementor-widget-container\">\n\t\t\t\t\t\t\t\t\t<p>Ruby on Rails-Entwicklung Outsourcing bezieht sich auf die Einstellung eines\u00a0<a href=\"https:\/\/dev.railscarma.com\/\">Rails-Entwicklungsunternehmen<\/a>\u00a0um bestimmte Teile der Anwendung, die bereits in Ruby on Rails kodiert wurde, zu erstellen. Zu den zahlreichen Vorteilen, die ein Outsourcing-Partner f\u00fcr die Rails-Entwicklung bieten kann, geh\u00f6ren: hochqualifiziertes Entwicklungspersonal, das Ihnen bei der Erstellung und Verwaltung Ihrer Codes den R\u00fccken freih\u00e4lt, Zugang zu spezialisierten Qualit\u00e4tssicherungsdiensten, die daf\u00fcr sorgen, dass nur der beste Code in Frage kommt, und eine Arbeitsumgebung, die der innovativen Rails-Entwicklung f\u00f6rderlich ist.<\/p>\t\t\t\t\t\t\t\t<\/div>\n\t\t\t\t<\/div>\n\t\t\t\t<div class=\"elementor-element elementor-element-fc16063 elementor-widget elementor-widget-uael-advanced-heading\" data-id=\"fc16063\" data-element_type=\"widget\" data-widget_type=\"uael-advanced-heading.default\">\n\t\t\t\t<div class=\"elementor-widget-container\">\n\t\t\t\t\t\n\t\t<div class=\"uael-module-content uael-heading-wrapper\">\n\t\t\t\t\t\t\n\t\t\t<h2 class=\"uael-heading\">\n\t\t\t\t\t\t\t\t\t\t<span class=\"uael-heading-text elementor-inline-editing uael-size--default\" data-elementor-setting-key=\"heading_title\" data-elementor-inline-editing-toolbar=\"basic\">Der RailsCarma RoR Outsourcing Vorteil<\/span>\n\t\t\t\t\t\t\t<\/h2>\n\n\t\t\t\n\t\t\t\t\t\t<div class=\"uael-module-content uael-separator-parent\">\n\t\t\t\t\t\t\t\t\t\t\t\t\t<div class=\"uael-separator\"><\/div>\n\t\t\t\t\t\t\t<\/div>\n\t\t\t\n\t\t\t\n\t\t\t\t\t\t<\/div>\n\t\t\t\t\t\t<\/div>\n\t\t\t\t<\/div>\n\t\t\t\t<div class=\"elementor-element elementor-element-7fdcab6 elementor-widget elementor-widget-text-editor\" data-id=\"7fdcab6\" data-element_type=\"widget\" data-widget_type=\"text-editor.default\">\n\t\t\t\t<div class=\"elementor-widget-container\">\n\t\t\t\t\t\t\t\t\t<p>Mit seinem erstklassigen Talent bei der Entwicklung von Rails-Anwendungen von Weltklasse,\u00a0<a href=\"https:\/\/dev.railscarma.com\/\">SchienenCarma<\/a>\u00a0Das Team von RailsCarma verf\u00fcgt \u00fcber umfangreiche Erfahrungen bei der Arbeit an einer Vielzahl von Rails-Anwendungen, die ihr branchenweites Fachwissen widerspiegeln. Wir, bei RailsCarma, sind starke Bef\u00fcrworter der Rails-Gemeinschaft und besonders an Open-Source-Entwicklungsprojekten interessiert. Wenn Sie Ihr Projekt von einem Offshore-Outsourcing-Partner wie uns auslagern, k\u00f6nnen Sie sich auf eine effiziente und qualitative Fertigstellung Ihres Projektes verlassen.<\/p><p>Als Outsourcing-Partner verf\u00fcgen wir \u00fcber ein Team von ROR-Entwicklern und Projektmanagern mit dem erforderlichen technischen Hintergrund und Gesch\u00e4ftsverst\u00e4ndnis, um eine klare Verbindung zwischen den technischen Feinheiten und ihren gesch\u00e4ftlichen Auswirkungen herzustellen. Dies tr\u00e4gt zu einer reibungslosen und erfolgreichen Durchf\u00fchrung Ihres Projekts bei.<br \/>W\u00e4hrend die meisten Unternehmen skeptisch sind, ob die Auslagerung ihrer Projekte an einen Offshore-Partner erfolgreich sein wird, kann RailsCarma mit seinem fortschrittlichen technischen Ansatz und seinem weltweit pr\u00e4senten Projektmanagement alle Bedenken ausr\u00e4umen. Es ist kein Wunder, dass Millionen-Dollar-Unternehmen weltweit zu RailsCarma aufschauen, weil es ihnen ROR-Expertise bietet.<\/p><p>Neben einem geschickten Team erfahrener ROR-Entwickler verf\u00fcgen wir \u00fcber ein engagiertes Team von Qualit\u00e4tssicherungsspezialisten, die Testl\u00e4ufe auf verschiedenen Betriebssystemplattformen durchf\u00fchren und die Anwendungen durchsuchen, um die technischen L\u00fccken zusammen mit einer Strategie zur effizienten Behebung dieser L\u00fccken zu ermitteln und die hervorragende Qualit\u00e4t jedes Projekts sicherzustellen.<\/p><p>Unser Projektmanagement ist mit den Feinheiten der Integration von Software-Methoden in ein Projekt und der Rationalisierung des Prozesses vertraut, um die Projekte in einer kurzen Durchlaufzeit zu liefern. Die Zusammenarbeit mit uns als Offshore-Partner bietet Ihnen einen enormen Kostenvorteil, da Sie kein eigenes Rails-Entwicklungsteam unterhalten m\u00fcssen und unsere Preise trotz eines weltweit pr\u00e4senten und effizienten Projektmanagements den Offshore-Vorteil bieten. Mit uns sind Sie also in der Lage, eine hochmoderne Rails-App mit dem bestm\u00f6glichen ROI zu entwickeln.<\/p><p>Wenn Sie also auf der Suche nach einem hochqualifizierten und erfahrenen Team sind, auf das Sie sich verlassen k\u00f6nnen, wenn es um qualit\u00e4tsorientierte Arbeit f\u00fcr Ihr bevorstehendes Rails-Projekt geht, brauchen Sie nicht weiter zu suchen. Outsourcen Sie Ihr Projekt von uns, um Ihre Rails-Anwendung erfolgreich und effizient zu erstellen.<\/p>\t\t\t\t\t\t\t\t<\/div>\n\t\t\t\t<\/div>\n\t\t\t\t\t<\/div>\n\t\t<\/div>\n\t\t\t\t\t<\/div>\n\t\t<\/section>\n\t\t\t\t<section class=\"elementor-section elementor-top-section elementor-element elementor-element-69724da9 elementor-section-boxed elementor-section-height-default elementor-section-height-default\" data-id=\"69724da9\" data-element_type=\"section\" data-settings=\"{&quot;background_background&quot;:&quot;classic&quot;}\">\n\t\t\t\t\t\t\t<div class=\"elementor-background-overlay\"><\/div>\n\t\t\t\t\t\t\t<div class=\"elementor-container elementor-column-gap-default\">\n\t\t\t\t\t<div class=\"elementor-column elementor-col-100 elementor-top-column elementor-element elementor-element-507e7b5c\" data-id=\"507e7b5c\" data-element_type=\"column\">\n\t\t\t<div class=\"elementor-widget-wrap elementor-element-populated\">\n\t\t\t\t\t\t<div class=\"elementor-element elementor-element-4de5bd25 elementor-widget elementor-widget-heading\" data-id=\"4de5bd25\" data-element_type=\"widget\" data-widget_type=\"heading.default\">\n\t\t\t\t<div class=\"elementor-widget-container\">\n\t\t\t\t\t<h2 class=\"elementor-heading-title elementor-size-default\">Wir helfen bei der Modernisierung Ihres<br> Anwendungsportfolio<\/h2>\t\t\t\t<\/div>\n\t\t\t\t<\/div>\n\t\t\t\t<div class=\"elementor-element elementor-element-69914682 elementor-align-center elementor-widget elementor-widget-button\" data-id=\"69914682\" data-element_type=\"widget\" data-widget_type=\"button.default\">\n\t\t\t\t<div class=\"elementor-widget-container\">\n\t\t\t\t\t\t\t\t\t<div class=\"elementor-button-wrapper\">\n\t\t\t\t\t<a class=\"elementor-button elementor-button-link elementor-size-md\" href=\"\/de\/projekt-abschatzen\/\">\n\t\t\t\t\t\t<span class=\"elementor-button-content-wrapper\">\n\t\t\t\t\t\t<span class=\"elementor-button-icon\">\n\t\t\t\t<i aria-hidden=\"true\" class=\"fas fa-angle-double-right\"><\/i>\t\t\t<\/span>\n\t\t\t\t\t\t\t\t\t<span class=\"elementor-button-text\">SCH\u00c4TZEN SIE IHR PROJEKT<\/span>\n\t\t\t\t\t<\/span>\n\t\t\t\t\t<\/a>\n\t\t\t\t<\/div>\n\t\t\t\t\t\t\t\t<\/div>\n\t\t\t\t<\/div>\n\t\t\t\t\t<\/div>\n\t\t<\/div>\n\t\t\t\t\t<\/div>\n\t\t<\/section>\n\t\t\t\t<section class=\"elementor-section elementor-top-section elementor-element elementor-element-ae7fbdd elementor-section-full_width elementor-section-height-default elementor-section-height-default\" data-id=\"ae7fbdd\" data-element_type=\"section\" data-settings=\"{&quot;background_background&quot;:&quot;classic&quot;}\">\n\t\t\t\t\t\t<div class=\"elementor-container elementor-column-gap-no\">\n\t\t\t\t\t<div class=\"elementor-column elementor-col-50 elementor-top-column elementor-element elementor-element-3aa604a6\" data-id=\"3aa604a6\" data-element_type=\"column\" data-settings=\"{&quot;background_background&quot;:&quot;classic&quot;}\">\n\t\t\t<div class=\"elementor-widget-wrap elementor-element-populated\">\n\t\t\t\t\t\t<div class=\"elementor-element elementor-element-220a4656 elementor-widget elementor-widget-heading\" data-id=\"220a4656\" data-element_type=\"widget\" data-widget_type=\"heading.default\">\n\t\t\t\t<div class=\"elementor-widget-container\">\n\t\t\t\t\t<h2 class=\"elementor-heading-title elementor-size-default\">Lernen Sie, wie Sie Ihr Gesch\u00e4ft reibungsloser und schneller voranbringen<\/h2>\t\t\t\t<\/div>\n\t\t\t\t<\/div>\n\t\t\t\t<div class=\"elementor-element elementor-element-73665ee7 elementor-align-center elementor-widget elementor-widget-button\" data-id=\"73665ee7\" data-element_type=\"widget\" data-widget_type=\"button.default\">\n\t\t\t\t<div class=\"elementor-widget-container\">\n\t\t\t\t\t\t\t\t\t<div class=\"elementor-button-wrapper\">\n\t\t\t\t\t<a class=\"elementor-button elementor-button-link elementor-size-md\" href=\"\/de\/kontaktiere-uns\/\">\n\t\t\t\t\t\t<span class=\"elementor-button-content-wrapper\">\n\t\t\t\t\t\t<span class=\"elementor-button-icon\">\n\t\t\t\t<i aria-hidden=\"true\" class=\"fas fa-angle-double-right\"><\/i>\t\t\t<\/span>\n\t\t\t\t\t\t\t\t\t<span class=\"elementor-button-text\">Konsultieren Sie unsere Experten<\/span>\n\t\t\t\t\t<\/span>\n\t\t\t\t\t<\/a>\n\t\t\t\t<\/div>\n\t\t\t\t\t\t\t\t<\/div>\n\t\t\t\t<\/div>\n\t\t\t\t\t<\/div>\n\t\t<\/div>\n\t\t\t\t<div class=\"elementor-column elementor-col-50 elementor-top-column elementor-element elementor-element-2d9b8473\" data-id=\"2d9b8473\" data-element_type=\"column\" data-settings=\"{&quot;background_background&quot;:&quot;classic&quot;}\">\n\t\t\t<div class=\"elementor-widget-wrap elementor-element-populated\">\n\t\t\t\t\t\t<div class=\"elementor-element elementor-element-32922fb2 elementor-widget elementor-widget-heading\" data-id=\"32922fb2\" data-element_type=\"widget\" data-widget_type=\"heading.default\">\n\t\t\t\t<div class=\"elementor-widget-container\">\n\t\t\t\t\t<h2 class=\"elementor-heading-title elementor-size-default\">Interessiert an RailsCarma-Diensten<\/h2>\t\t\t\t<\/div>\n\t\t\t\t<\/div>\n\t\t\t\t<div class=\"elementor-element elementor-element-49cf4c2e elementor-align-center elementor-widget elementor-widget-button\" data-id=\"49cf4c2e\" data-element_type=\"widget\" data-widget_type=\"button.default\">\n\t\t\t\t<div class=\"elementor-widget-container\">\n\t\t\t\t\t\t\t\t\t<div class=\"elementor-button-wrapper\">\n\t\t\t\t\t<a class=\"elementor-button elementor-button-link elementor-size-md\" href=\"\/de\/kontaktiere-uns\/\">\n\t\t\t\t\t\t<span class=\"elementor-button-content-wrapper\">\n\t\t\t\t\t\t<span class=\"elementor-button-icon\">\n\t\t\t\t<i aria-hidden=\"true\" class=\"fas fa-angle-double-right\"><\/i>\t\t\t<\/span>\n\t\t\t\t\t\t\t\t\t<span class=\"elementor-button-text\">KONTAKTIERE UNS<\/span>\n\t\t\t\t\t<\/span>\n\t\t\t\t\t<\/a>\n\t\t\t\t<\/div>\n\t\t\t\t\t\t\t\t<\/div>\n\t\t\t\t<\/div>\n\t\t\t\t\t<\/div>\n\t\t<\/div>\n\t\t\t\t\t<\/div>\n\t\t<\/section>\n\t\t\t\t<\/div>","protected":false},"excerpt":{"rendered":"<p>Outsource Ruby On Rails Development CONTACT US Outsource Ruby On Rails Development Ruby on Rails development outsourcing refers to hiring a&nbsp;Rails development company&nbsp;to build certain parts of the application that has already been coded in Ruby on Rails. Among the multitude of advantages, that a Rails Development Outsourcing partner can offer, some are: highly development &hellip;<\/p>\n<p class=\"read-more\"> <a class=\"\" href=\"https:\/\/www.railscarma.com\/de\/entwicklung-von-ruby-on-rails-auslagern\/\"> <span class=\"screen-reader-text\">Ruby On Rails Entwicklung auslagern<\/span> Weiterlesen \u00bb<\/a><\/p>","protected":false},"author":1,"featured_media":0,"parent":0,"menu_order":0,"comment_status":"closed","ping_status":"closed","template":"","meta":{"footnotes":""},"class_list":["post-32486","page","type-page","status-publish","hentry"],"yoast_head":"<!-- This site is optimized with the Yoast SEO plugin v26.8 - https:\/\/yoast.com\/product\/yoast-seo-wordpress\/ -->\n<title>Outsource Ruby on Rails Development - RailsCarma - Ruby on Rails Development Company specializing in Offshore Development - Bangalore, Qatar, California, Dallas, Newyork<\/title>\n<meta name=\"description\" content=\"Outsource Ruby on Rails Development from an offshore outsourcing partner like us and be assured about efficient and qualitative completion of your project.\" \/>\n<meta name=\"robots\" content=\"index, follow, max-snippet:-1, max-image-preview:large, max-video-preview:-1\" \/>\n<link rel=\"canonical\" href=\"https:\/\/www.railscarma.com\/de\/entwicklung-von-ruby-on-rails-auslagern\/\" \/>\n<meta property=\"og:locale\" content=\"de_DE\" \/>\n<meta property=\"og:type\" content=\"article\" \/>\n<meta property=\"og:title\" content=\"Outsource Ruby on Rails Development - RailsCarma - Ruby on Rails Development Company specializing in Offshore Development - Bangalore, Qatar, California, Dallas, Newyork\" \/>\n<meta property=\"og:description\" content=\"Outsource Ruby on Rails Development from an offshore outsourcing partner like us and be assured about efficient and qualitative completion of your project.\" \/>\n<meta property=\"og:url\" content=\"https:\/\/www.railscarma.com\/de\/entwicklung-von-ruby-on-rails-auslagern\/\" \/>\n<meta property=\"og:site_name\" content=\"RailsCarma - Ruby on Rails Development Company specializing in Offshore Development\" \/>\n<meta property=\"article:publisher\" content=\"https:\/\/www.facebook.com\/RailsCarma\/\" \/>\n<meta property=\"article:modified_time\" content=\"2020-11-05T09:59:03+00:00\" \/>\n<meta property=\"og:image\" content=\"https:\/\/www.railscarma.com\/wp-content\/uploads\/2022\/09\/Ruby-on-Rails-Development-Company.jpg\" \/>\n\t<meta property=\"og:image:width\" content=\"1200\" \/>\n\t<meta property=\"og:image:height\" content=\"628\" \/>\n\t<meta property=\"og:image:type\" content=\"image\/jpeg\" \/>\n<meta name=\"twitter:card\" content=\"summary_large_image\" \/>\n<meta name=\"twitter:site\" content=\"@railscarma\" \/>\n<meta name=\"twitter:label1\" content=\"Gesch\u00e4tzte Lesezeit\" \/>\n\t<meta name=\"twitter:data1\" content=\"2\u00a0Minuten\" \/>\n<script type=\"application\/ld+json\" class=\"yoast-schema-graph\">{\"@context\":\"https:\/\/schema.org\",\"@graph\":[{\"@type\":\"WebPage\",\"@id\":\"https:\/\/www.railscarma.com\/outsource-ruby-on-rails-development\/\",\"url\":\"https:\/\/www.railscarma.com\/outsource-ruby-on-rails-development\/\",\"name\":\"Outsource Ruby on Rails Development - RailsCarma - Ruby on Rails Development Company specializing in Offshore Development - Bangalore, Qatar, California, Dallas, Newyork\",\"isPartOf\":{\"@id\":\"https:\/\/www.railscarma.com\/#website\"},\"datePublished\":\"2020-09-22T17:38:49+00:00\",\"dateModified\":\"2020-11-05T09:59:03+00:00\",\"description\":\"Outsource Ruby on Rails Development from an offshore outsourcing partner like us and be assured about efficient and qualitative completion of your project.\",\"breadcrumb\":{\"@id\":\"https:\/\/www.railscarma.com\/outsource-ruby-on-rails-development\/#breadcrumb\"},\"inLanguage\":\"de\",\"potentialAction\":[{\"@type\":\"ReadAction\",\"target\":[\"https:\/\/www.railscarma.com\/outsource-ruby-on-rails-development\/\"]}]},{\"@type\":\"BreadcrumbList\",\"@id\":\"https:\/\/www.railscarma.com\/outsource-ruby-on-rails-development\/#breadcrumb\",\"itemListElement\":[{\"@type\":\"ListItem\",\"position\":1,\"name\":\"Home\",\"item\":\"https:\/\/www.railscarma.com\/\"},{\"@type\":\"ListItem\",\"position\":2,\"name\":\"Outsource Ruby On Rails Development\"}]},{\"@type\":\"WebSite\",\"@id\":\"https:\/\/www.railscarma.com\/#website\",\"url\":\"https:\/\/www.railscarma.com\/\",\"name\":\"RailsCarma - Ruby on Rails Development Company specializing in Offshore Development\",\"description\":\"RailsCarma is a Ruby on Rails Development Company in Bangalore. We specialize in Offshore Ruby on Rails Development based out in USA and India. Hire experienced Ruby on Rails developers for the ultimate Web Experience.\",\"publisher\":{\"@id\":\"https:\/\/www.railscarma.com\/#organization\"},\"potentialAction\":[{\"@type\":\"SearchAction\",\"target\":{\"@type\":\"EntryPoint\",\"urlTemplate\":\"https:\/\/www.railscarma.com\/?s={search_term_string}\"},\"query-input\":{\"@type\":\"PropertyValueSpecification\",\"valueRequired\":true,\"valueName\":\"search_term_string\"}}],\"inLanguage\":\"de\"},{\"@type\":\"Organization\",\"@id\":\"https:\/\/www.railscarma.com\/#organization\",\"name\":\"RailsCarma\",\"url\":\"https:\/\/www.railscarma.com\/\",\"logo\":{\"@type\":\"ImageObject\",\"inLanguage\":\"de\",\"@id\":\"https:\/\/www.railscarma.com\/#\/schema\/logo\/image\/\",\"url\":\"https:\/\/www.railscarma.com\/wp-content\/uploads\/2020\/08\/railscarma_logo.png\",\"contentUrl\":\"https:\/\/www.railscarma.com\/wp-content\/uploads\/2020\/08\/railscarma_logo.png\",\"width\":200,\"height\":46,\"caption\":\"RailsCarma\"},\"image\":{\"@id\":\"https:\/\/www.railscarma.com\/#\/schema\/logo\/image\/\"},\"sameAs\":[\"https:\/\/www.facebook.com\/RailsCarma\/\",\"https:\/\/x.com\/railscarma\",\"https:\/\/www.linkedin.com\/company\/railscarma\/\",\"https:\/\/myspace.com\/railscarma\",\"https:\/\/in.pinterest.com\/railscarma\/\",\"https:\/\/www.youtube.com\/channel\/UCx3Wil-aAnDARuatTEyMdpg\"]}]}<\/script>\n<!-- \/ Yoast SEO plugin. -->","yoast_head_json":{"title":"Ruby on Rails Entwicklung auslagern - RailsCarma - Ruby on Rails Entwicklungsunternehmen, spezialisiert auf Offshore Entwicklung - Bangalore, Katar, Kalifornien, Dallas, Newyork","description":"Lagern Sie die Ruby on Rails-Entwicklung von einem Offshore-Outsourcing-Partner wie uns aus und seien Sie versichert, dass Ihr Projekt effizient und qualitativ hochwertig abgeschlossen wird.","robots":{"index":"index","follow":"follow","max-snippet":"max-snippet:-1","max-image-preview":"max-image-preview:large","max-video-preview":"max-video-preview:-1"},"canonical":"https:\/\/www.railscarma.com\/de\/entwicklung-von-ruby-on-rails-auslagern\/","og_locale":"de_DE","og_type":"article","og_title":"Outsource Ruby on Rails Development - RailsCarma - Ruby on Rails Development Company specializing in Offshore Development - Bangalore, Qatar, California, Dallas, Newyork","og_description":"Outsource Ruby on Rails Development from an offshore outsourcing partner like us and be assured about efficient and qualitative completion of your project.","og_url":"https:\/\/www.railscarma.com\/de\/entwicklung-von-ruby-on-rails-auslagern\/","og_site_name":"RailsCarma - Ruby on Rails Development Company specializing in Offshore Development","article_publisher":"https:\/\/www.facebook.com\/RailsCarma\/","article_modified_time":"2020-11-05T09:59:03+00:00","og_image":[{"width":1200,"height":628,"url":"https:\/\/www.railscarma.com\/wp-content\/uploads\/2022\/09\/Ruby-on-Rails-Development-Company.jpg","type":"image\/jpeg"}],"twitter_card":"summary_large_image","twitter_site":"@railscarma","twitter_misc":{"Gesch\u00e4tzte Lesezeit":"2\u00a0Minuten"},"schema":{"@context":"https:\/\/schema.org","@graph":[{"@type":"WebPage","@id":"https:\/\/www.railscarma.com\/outsource-ruby-on-rails-development\/","url":"https:\/\/www.railscarma.com\/outsource-ruby-on-rails-development\/","name":"Ruby on Rails Entwicklung auslagern - RailsCarma - Ruby on Rails Entwicklungsunternehmen, spezialisiert auf Offshore Entwicklung - Bangalore, Katar, Kalifornien, Dallas, Newyork","isPartOf":{"@id":"https:\/\/www.railscarma.com\/#website"},"datePublished":"2020-09-22T17:38:49+00:00","dateModified":"2020-11-05T09:59:03+00:00","description":"Lagern Sie die Ruby on Rails-Entwicklung von einem Offshore-Outsourcing-Partner wie uns aus und seien Sie versichert, dass Ihr Projekt effizient und qualitativ hochwertig abgeschlossen wird.","breadcrumb":{"@id":"https:\/\/www.railscarma.com\/outsource-ruby-on-rails-development\/#breadcrumb"},"inLanguage":"de","potentialAction":[{"@type":"ReadAction","target":["https:\/\/www.railscarma.com\/outsource-ruby-on-rails-development\/"]}]},{"@type":"BreadcrumbList","@id":"https:\/\/www.railscarma.com\/outsource-ruby-on-rails-development\/#breadcrumb","itemListElement":[{"@type":"ListItem","position":1,"name":"Home","item":"https:\/\/www.railscarma.com\/"},{"@type":"ListItem","position":2,"name":"Outsource Ruby On Rails Development"}]},{"@type":"WebSite","@id":"https:\/\/www.railscarma.com\/#website","url":"https:\/\/www.railscarma.com\/","name":"RailsCarma \u2013 Ruby on Rails-Entwicklungsunternehmen, spezialisiert auf Offshore-Entwicklung","description":"RailsCarma ist ein Ruby on Rails-Entwicklungsunternehmen in Bangalore. Wir sind auf die Offshore-Ruby-on-Rails-Entwicklung mit Sitz in den USA und Indien spezialisiert. Stellen Sie erfahrene Ruby on Rails-Entwickler f\u00fcr das ultimative Web-Erlebnis ein.","publisher":{"@id":"https:\/\/www.railscarma.com\/#organization"},"potentialAction":[{"@type":"SearchAction","target":{"@type":"EntryPoint","urlTemplate":"https:\/\/www.railscarma.com\/?s={search_term_string}"},"query-input":{"@type":"PropertyValueSpecification","valueRequired":true,"valueName":"search_term_string"}}],"inLanguage":"de"},{"@type":"Organization","@id":"https:\/\/www.railscarma.com\/#organization","name":"SchienenCarma","url":"https:\/\/www.railscarma.com\/","logo":{"@type":"ImageObject","inLanguage":"de","@id":"https:\/\/www.railscarma.com\/#\/schema\/logo\/image\/","url":"https:\/\/www.railscarma.com\/wp-content\/uploads\/2020\/08\/railscarma_logo.png","contentUrl":"https:\/\/www.railscarma.com\/wp-content\/uploads\/2020\/08\/railscarma_logo.png","width":200,"height":46,"caption":"RailsCarma"},"image":{"@id":"https:\/\/www.railscarma.com\/#\/schema\/logo\/image\/"},"sameAs":["https:\/\/www.facebook.com\/RailsCarma\/","https:\/\/x.com\/railscarma","https:\/\/www.linkedin.com\/company\/railscarma\/","https:\/\/myspace.com\/railscarma","https:\/\/in.pinterest.com\/railscarma\/","https:\/\/www.youtube.com\/channel\/UCx3Wil-aAnDARuatTEyMdpg"]}]}},"amp_enabled":false,"_links":{"self":[{"href":"https:\/\/www.railscarma.com\/de\/wp-json\/wp\/v2\/pages\/32486","targetHints":{"allow":["GET"]}}],"collection":[{"href":"https:\/\/www.railscarma.com\/de\/wp-json\/wp\/v2\/pages"}],"about":[{"href":"https:\/\/www.railscarma.com\/de\/wp-json\/wp\/v2\/types\/page"}],"author":[{"embeddable":true,"href":"https:\/\/www.railscarma.com\/de\/wp-json\/wp\/v2\/users\/1"}],"replies":[{"embeddable":true,"href":"https:\/\/www.railscarma.com\/de\/wp-json\/wp\/v2\/comments?post=32486"}],"version-history":[{"count":0,"href":"https:\/\/www.railscarma.com\/de\/wp-json\/wp\/v2\/pages\/32486\/revisions"}],"wp:attachment":[{"href":"https:\/\/www.railscarma.com\/de\/wp-json\/wp\/v2\/media?parent=32486"}],"curies":[{"name":"wp","href":"https:\/\/api.w.org\/{rel}","templated":true}]}}