{"id":32513,"date":"2020-09-22T18:36:39","date_gmt":"2020-09-22T18:36:39","guid":{"rendered":"https:\/\/dev.railscarma.com\/?page_id=32513"},"modified":"2020-09-22T18:40:44","modified_gmt":"2020-09-22T18:40:44","slug":"cookie-richtlinie","status":"publish","type":"page","link":"https:\/\/www.railscarma.com\/de\/cookie-richtlinie\/","title":{"rendered":"Cookie-Richtlinie"},"content":{"rendered":"<div data-elementor-type=\"wp-page\" data-elementor-id=\"32513\" class=\"elementor elementor-32513\" data-elementor-post-type=\"page\">\n\t\t\t\t\t\t<section class=\"elementor-section elementor-top-section elementor-element elementor-element-24df7b4 elementor-section-boxed elementor-section-height-default elementor-section-height-default\" data-id=\"24df7b4\" data-element_type=\"section\">\n\t\t\t\t\t\t<div class=\"elementor-container elementor-column-gap-default\">\n\t\t\t\t\t<div class=\"elementor-column elementor-col-100 elementor-top-column elementor-element elementor-element-163bd35\" data-id=\"163bd35\" data-element_type=\"column\">\n\t\t\t<div class=\"elementor-widget-wrap elementor-element-populated\">\n\t\t\t\t\t\t<div class=\"elementor-element elementor-element-424f5ae uael-heading-align-left elementor-widget elementor-widget-uael-advanced-heading\" data-id=\"424f5ae\" data-element_type=\"widget\" data-widget_type=\"uael-advanced-heading.default\">\n\t\t\t\t<div class=\"elementor-widget-container\">\n\t\t\t\t\t\n\t\t<div class=\"uael-module-content uael-heading-wrapper\">\n\t\t\t\t\t\t\n\t\t\t<h1 class=\"uael-heading\">\n\t\t\t\t\t\t\t\t\t\t<span class=\"uael-heading-text elementor-inline-editing uael-size--default\" data-elementor-setting-key=\"heading_title\" data-elementor-inline-editing-toolbar=\"basic\">Cookie-Richtlinie<\/span>\n\t\t\t\t\t\t\t<\/h1>\n\n\t\t\t\n\t\t\t\t\t\t<div class=\"uael-module-content uael-separator-parent\">\n\t\t\t\t\t\t\t\t\t\t\t\t\t<div class=\"uael-separator\"><\/div>\n\t\t\t\t\t\t\t<\/div>\n\t\t\t\n\t\t\t\t\t\t\t<div class=\"uael-subheading elementor-inline-editing\" data-elementor-setting-key=\"heading_description\" data-elementor-inline-editing-toolbar=\"advanced\" >\n\t\t\t\t\t<p style=\"text-align:justify\">Diese Website verwendet Cookies - kleine Textdateien, die auf Ihrem Computer gespeichert werden, um die Website f\u00fcr den Benutzer angenehmer zu gestalten. Im Allgemeinen werden Cookies verwendet, um Benutzereinstellungen zu speichern, Informationen f\u00fcr Dinge wie Warenk\u00f6rbe zu speichern und anonymisierte Tracking-Daten f\u00fcr Anwendungen von Drittanbietern wie Google Analytics bereitzustellen. In der Regel verbessern Cookies Ihr Surferlebnis. Sie k\u00f6nnen es jedoch vorziehen, Cookies auf dieser und anderen Websites zu deaktivieren. Der effektivste Weg, dies zu tun, ist die Deaktivierung von Cookies in Ihrem Browser. Wir empfehlen Ihnen, den Hilfebereich Ihres Browsers zu konsultieren oder einen Blick auf die Website About Cookies zu werfen, die Anleitungen f\u00fcr alle modernen Browser bietet<\/p>\t\t\t\t<\/div>\n\t\t\t\t\n\t\t\t\t\t\t<\/div>\n\t\t\t\t\t\t<\/div>\n\t\t\t\t<\/div>\n\t\t\t\t\t<\/div>\n\t\t<\/div>\n\t\t\t\t\t<\/div>\n\t\t<\/section>\n\t\t\t\t<\/div>","protected":false},"excerpt":{"rendered":"<p>Cookie Policy This site uses cookies \u2013 small text files that are placed on your machine to help the site provide a better user experience. In general, cookies are used to retain user preferences, store information for things like shopping carts, and provide anonymised tracking data to third party applications like Google Analytics. As a &hellip;<\/p>\n<p class=\"read-more\"> <a class=\"\" href=\"https:\/\/www.railscarma.com\/de\/cookie-richtlinie\/\"> <span class=\"screen-reader-text\">Cookie-Richtlinie<\/span> Weiterlesen \u00bb<\/a><\/p>","protected":false},"author":1,"featured_media":0,"parent":0,"menu_order":0,"comment_status":"closed","ping_status":"closed","template":"","meta":{"footnotes":""},"class_list":["post-32513","page","type-page","status-publish","hentry"],"yoast_head":"<!-- This site is optimized with the Yoast SEO plugin v26.8 - https:\/\/yoast.com\/product\/yoast-seo-wordpress\/ -->\n<title>Cookie Policy - RailsCarma - Ruby on Rails Development Company specializing in Offshore Development<\/title>\n<meta name=\"description\" content=\"Cookie Policy This site uses cookies \u2013 small text files that are placed on your machine to help the site provide a better user experience. In general,\" \/>\n<meta name=\"robots\" content=\"index, follow, max-snippet:-1, max-image-preview:large, max-video-preview:-1\" \/>\n<link rel=\"canonical\" href=\"https:\/\/www.railscarma.com\/de\/cookie-richtlinie\/\" \/>\n<meta property=\"og:locale\" content=\"de_DE\" \/>\n<meta property=\"og:type\" content=\"article\" \/>\n<meta property=\"og:title\" content=\"Cookie Policy - RailsCarma - Ruby on Rails Development Company specializing in Offshore Development\" \/>\n<meta property=\"og:description\" content=\"Cookie Policy This site uses cookies \u2013 small text files that are placed on your machine to help the site provide a better user experience. In general,\" \/>\n<meta property=\"og:url\" content=\"https:\/\/www.railscarma.com\/de\/cookie-richtlinie\/\" \/>\n<meta property=\"og:site_name\" content=\"RailsCarma - Ruby on Rails Development Company specializing in Offshore Development\" \/>\n<meta property=\"article:publisher\" content=\"https:\/\/www.facebook.com\/RailsCarma\/\" \/>\n<meta property=\"article:modified_time\" content=\"2020-09-22T18:40:44+00:00\" \/>\n<meta property=\"og:image\" content=\"https:\/\/www.railscarma.com\/wp-content\/uploads\/2022\/09\/Ruby-on-Rails-Development-Company.jpg\" \/>\n\t<meta property=\"og:image:width\" content=\"1200\" \/>\n\t<meta property=\"og:image:height\" content=\"628\" \/>\n\t<meta property=\"og:image:type\" content=\"image\/jpeg\" \/>\n<meta name=\"twitter:card\" content=\"summary_large_image\" \/>\n<meta name=\"twitter:site\" content=\"@railscarma\" \/>\n<meta name=\"twitter:label1\" content=\"Gesch\u00e4tzte Lesezeit\" \/>\n\t<meta name=\"twitter:data1\" content=\"1\u00a0Minute\" \/>\n<script type=\"application\/ld+json\" class=\"yoast-schema-graph\">{\"@context\":\"https:\/\/schema.org\",\"@graph\":[{\"@type\":\"WebPage\",\"@id\":\"https:\/\/www.railscarma.com\/cookie-policy\/\",\"url\":\"https:\/\/www.railscarma.com\/cookie-policy\/\",\"name\":\"Cookie Policy - RailsCarma - Ruby on Rails Development Company specializing in Offshore Development\",\"isPartOf\":{\"@id\":\"https:\/\/www.railscarma.com\/#website\"},\"datePublished\":\"2020-09-22T18:36:39+00:00\",\"dateModified\":\"2020-09-22T18:40:44+00:00\",\"description\":\"Cookie Policy This site uses cookies \u2013 small text files that are placed on your machine to help the site provide a better user experience. In general,\",\"breadcrumb\":{\"@id\":\"https:\/\/www.railscarma.com\/cookie-policy\/#breadcrumb\"},\"inLanguage\":\"de\",\"potentialAction\":[{\"@type\":\"ReadAction\",\"target\":[\"https:\/\/www.railscarma.com\/cookie-policy\/\"]}]},{\"@type\":\"BreadcrumbList\",\"@id\":\"https:\/\/www.railscarma.com\/cookie-policy\/#breadcrumb\",\"itemListElement\":[{\"@type\":\"ListItem\",\"position\":1,\"name\":\"Home\",\"item\":\"https:\/\/www.railscarma.com\/\"},{\"@type\":\"ListItem\",\"position\":2,\"name\":\"Cookie Policy\"}]},{\"@type\":\"WebSite\",\"@id\":\"https:\/\/www.railscarma.com\/#website\",\"url\":\"https:\/\/www.railscarma.com\/\",\"name\":\"RailsCarma - Ruby on Rails Development Company specializing in Offshore Development\",\"description\":\"RailsCarma is a Ruby on Rails Development Company in Bangalore. We specialize in Offshore Ruby on Rails Development based out in USA and India. Hire experienced Ruby on Rails developers for the ultimate Web Experience.\",\"publisher\":{\"@id\":\"https:\/\/www.railscarma.com\/#organization\"},\"potentialAction\":[{\"@type\":\"SearchAction\",\"target\":{\"@type\":\"EntryPoint\",\"urlTemplate\":\"https:\/\/www.railscarma.com\/?s={search_term_string}\"},\"query-input\":{\"@type\":\"PropertyValueSpecification\",\"valueRequired\":true,\"valueName\":\"search_term_string\"}}],\"inLanguage\":\"de\"},{\"@type\":\"Organization\",\"@id\":\"https:\/\/www.railscarma.com\/#organization\",\"name\":\"RailsCarma\",\"url\":\"https:\/\/www.railscarma.com\/\",\"logo\":{\"@type\":\"ImageObject\",\"inLanguage\":\"de\",\"@id\":\"https:\/\/www.railscarma.com\/#\/schema\/logo\/image\/\",\"url\":\"https:\/\/www.railscarma.com\/wp-content\/uploads\/2020\/08\/railscarma_logo.png\",\"contentUrl\":\"https:\/\/www.railscarma.com\/wp-content\/uploads\/2020\/08\/railscarma_logo.png\",\"width\":200,\"height\":46,\"caption\":\"RailsCarma\"},\"image\":{\"@id\":\"https:\/\/www.railscarma.com\/#\/schema\/logo\/image\/\"},\"sameAs\":[\"https:\/\/www.facebook.com\/RailsCarma\/\",\"https:\/\/x.com\/railscarma\",\"https:\/\/www.linkedin.com\/company\/railscarma\/\",\"https:\/\/myspace.com\/railscarma\",\"https:\/\/in.pinterest.com\/railscarma\/\",\"https:\/\/www.youtube.com\/channel\/UCx3Wil-aAnDARuatTEyMdpg\"]}]}<\/script>\n<!-- \/ Yoast SEO plugin. -->","yoast_head_json":{"title":"Cookie-Richtlinie - RailsCarma - Ruby on Rails Entwicklungsunternehmen mit Spezialisierung auf Offshore-Entwicklung","description":"Cookie-Richtlinie Diese Website verwendet Cookies - kleine Textdateien, die auf Ihrem Computer gespeichert werden, um die Website f\u00fcr den Benutzer angenehmer zu gestalten. Generell,","robots":{"index":"index","follow":"follow","max-snippet":"max-snippet:-1","max-image-preview":"max-image-preview:large","max-video-preview":"max-video-preview:-1"},"canonical":"https:\/\/www.railscarma.com\/de\/cookie-richtlinie\/","og_locale":"de_DE","og_type":"article","og_title":"Cookie Policy - RailsCarma - Ruby on Rails Development Company specializing in Offshore Development","og_description":"Cookie Policy This site uses cookies \u2013 small text files that are placed on your machine to help the site provide a better user experience. In general,","og_url":"https:\/\/www.railscarma.com\/de\/cookie-richtlinie\/","og_site_name":"RailsCarma - Ruby on Rails Development Company specializing in Offshore Development","article_publisher":"https:\/\/www.facebook.com\/RailsCarma\/","article_modified_time":"2020-09-22T18:40:44+00:00","og_image":[{"width":1200,"height":628,"url":"https:\/\/www.railscarma.com\/wp-content\/uploads\/2022\/09\/Ruby-on-Rails-Development-Company.jpg","type":"image\/jpeg"}],"twitter_card":"summary_large_image","twitter_site":"@railscarma","twitter_misc":{"Gesch\u00e4tzte Lesezeit":"1\u00a0Minute"},"schema":{"@context":"https:\/\/schema.org","@graph":[{"@type":"WebPage","@id":"https:\/\/www.railscarma.com\/cookie-policy\/","url":"https:\/\/www.railscarma.com\/cookie-policy\/","name":"Cookie-Richtlinie - RailsCarma - Ruby on Rails Entwicklungsunternehmen mit Spezialisierung auf Offshore-Entwicklung","isPartOf":{"@id":"https:\/\/www.railscarma.com\/#website"},"datePublished":"2020-09-22T18:36:39+00:00","dateModified":"2020-09-22T18:40:44+00:00","description":"Cookie-Richtlinie Diese Website verwendet Cookies - kleine Textdateien, die auf Ihrem Computer gespeichert werden, um die Website f\u00fcr den Benutzer angenehmer zu gestalten. Generell,","breadcrumb":{"@id":"https:\/\/www.railscarma.com\/cookie-policy\/#breadcrumb"},"inLanguage":"de","potentialAction":[{"@type":"ReadAction","target":["https:\/\/www.railscarma.com\/cookie-policy\/"]}]},{"@type":"BreadcrumbList","@id":"https:\/\/www.railscarma.com\/cookie-policy\/#breadcrumb","itemListElement":[{"@type":"ListItem","position":1,"name":"Home","item":"https:\/\/www.railscarma.com\/"},{"@type":"ListItem","position":2,"name":"Cookie Policy"}]},{"@type":"WebSite","@id":"https:\/\/www.railscarma.com\/#website","url":"https:\/\/www.railscarma.com\/","name":"RailsCarma \u2013 Ruby on Rails-Entwicklungsunternehmen, spezialisiert auf Offshore-Entwicklung","description":"RailsCarma ist ein Ruby on Rails-Entwicklungsunternehmen in Bangalore. Wir sind auf die Offshore-Ruby-on-Rails-Entwicklung mit Sitz in den USA und Indien spezialisiert. Stellen Sie erfahrene Ruby on Rails-Entwickler f\u00fcr das ultimative Web-Erlebnis ein.","publisher":{"@id":"https:\/\/www.railscarma.com\/#organization"},"potentialAction":[{"@type":"SearchAction","target":{"@type":"EntryPoint","urlTemplate":"https:\/\/www.railscarma.com\/?s={search_term_string}"},"query-input":{"@type":"PropertyValueSpecification","valueRequired":true,"valueName":"search_term_string"}}],"inLanguage":"de"},{"@type":"Organization","@id":"https:\/\/www.railscarma.com\/#organization","name":"SchienenCarma","url":"https:\/\/www.railscarma.com\/","logo":{"@type":"ImageObject","inLanguage":"de","@id":"https:\/\/www.railscarma.com\/#\/schema\/logo\/image\/","url":"https:\/\/www.railscarma.com\/wp-content\/uploads\/2020\/08\/railscarma_logo.png","contentUrl":"https:\/\/www.railscarma.com\/wp-content\/uploads\/2020\/08\/railscarma_logo.png","width":200,"height":46,"caption":"RailsCarma"},"image":{"@id":"https:\/\/www.railscarma.com\/#\/schema\/logo\/image\/"},"sameAs":["https:\/\/www.facebook.com\/RailsCarma\/","https:\/\/x.com\/railscarma","https:\/\/www.linkedin.com\/company\/railscarma\/","https:\/\/myspace.com\/railscarma","https:\/\/in.pinterest.com\/railscarma\/","https:\/\/www.youtube.com\/channel\/UCx3Wil-aAnDARuatTEyMdpg"]}]}},"amp_enabled":true,"_links":{"self":[{"href":"https:\/\/www.railscarma.com\/de\/wp-json\/wp\/v2\/pages\/32513","targetHints":{"allow":["GET"]}}],"collection":[{"href":"https:\/\/www.railscarma.com\/de\/wp-json\/wp\/v2\/pages"}],"about":[{"href":"https:\/\/www.railscarma.com\/de\/wp-json\/wp\/v2\/types\/page"}],"author":[{"embeddable":true,"href":"https:\/\/www.railscarma.com\/de\/wp-json\/wp\/v2\/users\/1"}],"replies":[{"embeddable":true,"href":"https:\/\/www.railscarma.com\/de\/wp-json\/wp\/v2\/comments?post=32513"}],"version-history":[{"count":0,"href":"https:\/\/www.railscarma.com\/de\/wp-json\/wp\/v2\/pages\/32513\/revisions"}],"wp:attachment":[{"href":"https:\/\/www.railscarma.com\/de\/wp-json\/wp\/v2\/media?parent=32513"}],"curies":[{"name":"wp","href":"https:\/\/api.w.org\/{rel}","templated":true}]}}