{"id":32458,"date":"2020-09-22T14:53:03","date_gmt":"2020-09-22T14:53:03","guid":{"rendered":"https:\/\/dev.railscarma.com\/?page_id=32458"},"modified":"2022-09-07T08:07:35","modified_gmt":"2022-09-07T08:07:35","slug":"descargar-el-whitepaper-de-ror-para-startups","status":"publish","type":"page","link":"https:\/\/www.railscarma.com\/es\/descargar-el-whitepaper-de-ror-para-startups\/","title":{"rendered":"Descargar el informe ROR para startups"},"content":{"rendered":"<div data-elementor-type=\"wp-page\" data-elementor-id=\"32458\" class=\"elementor elementor-32458\" data-elementor-post-type=\"page\">\n\t\t\t\t\t\t<section class=\"elementor-section elementor-top-section elementor-element elementor-element-3087c3c elementor-section-boxed elementor-section-height-default elementor-section-height-default\" data-id=\"3087c3c\" data-element_type=\"section\">\n\t\t\t\t\t\t<div class=\"elementor-container elementor-column-gap-default\">\n\t\t\t\t\t<div class=\"elementor-column elementor-col-100 elementor-top-column elementor-element elementor-element-ef021d1\" data-id=\"ef021d1\" data-element_type=\"column\">\n\t\t\t<div class=\"elementor-widget-wrap elementor-element-populated\">\n\t\t\t\t\t\t<div class=\"elementor-element elementor-element-a486faf uael-heading-align-center elementor-widget elementor-widget-uael-advanced-heading\" data-id=\"a486faf\" data-element_type=\"widget\" data-widget_type=\"uael-advanced-heading.default\">\n\t\t\t\t<div class=\"elementor-widget-container\">\n\t\t\t\t\t\n\t\t<div class=\"uael-module-content uael-heading-wrapper\">\n\t\t\t\t\t\t\n\t\t\t<h2 class=\"uael-heading\">\n\t\t\t\t\t\t\t\t\t\t<span class=\"uael-heading-text elementor-inline-editing uael-size--default\" data-elementor-setting-key=\"heading_title\" data-elementor-inline-editing-toolbar=\"basic\">LIBRO BLANCO<\/span>\n\t\t\t\t\t\t\t<\/h2>\n\n\t\t\t\n\t\t\t\t\t\t<div class=\"uael-module-content uael-separator-parent\">\n\t\t\t\t\t\t\t\t\t\t\t\t\t<div class=\"uael-separator\"><\/div>\n\t\t\t\t\t\t\t<\/div>\n\t\t\t\n\t\t\t\n\t\t\t\t\t\t<\/div>\n\t\t\t\t\t\t<\/div>\n\t\t\t\t<\/div>\n\t\t\t\t<div class=\"elementor-element elementor-element-fa01763 uael-heading-align-center elementor-widget elementor-widget-uael-advanced-heading\" data-id=\"fa01763\" data-element_type=\"widget\" data-widget_type=\"uael-advanced-heading.default\">\n\t\t\t\t<div class=\"elementor-widget-container\">\n\t\t\t\t\t\n\t\t<div class=\"uael-module-content uael-heading-wrapper\">\n\t\t\t\t\t\t\n\t\t\t<h1 class=\"uael-heading\">\n\t\t\t\t\t\t\t\t\t\t<span class=\"uael-heading-text elementor-inline-editing uael-size--default\" data-elementor-setting-key=\"heading_title\" data-elementor-inline-editing-toolbar=\"basic\">Por qu\u00e9 una startup deber\u00eda usar Ruby On Rails<\/span>\n\t\t\t\t\t\t\t<\/h1>\n\n\t\t\t\n\t\t\t\n\t\t\t\n\t\t\t\t\t\t<\/div>\n\t\t\t\t\t\t<\/div>\n\t\t\t\t<\/div>\n\t\t\t\t<section class=\"elementor-section elementor-inner-section elementor-element elementor-element-530e201 elementor-section-boxed elementor-section-height-default elementor-section-height-default\" data-id=\"530e201\" data-element_type=\"section\">\n\t\t\t\t\t\t<div class=\"elementor-container elementor-column-gap-default\">\n\t\t\t\t\t<div class=\"elementor-column elementor-col-50 elementor-inner-column elementor-element elementor-element-804b9d6\" data-id=\"804b9d6\" data-element_type=\"column\">\n\t\t\t<div class=\"elementor-widget-wrap elementor-element-populated\">\n\t\t\t\t\t\t<div class=\"elementor-element elementor-element-9c49c4c elementor-widget elementor-widget-image\" data-id=\"9c49c4c\" data-element_type=\"widget\" data-widget_type=\"image.default\">\n\t\t\t\t<div class=\"elementor-widget-container\">\n\t\t\t\t\t\t\t\t\t\t\t\t\t\t\t<img decoding=\"async\" width=\"335\" height=\"421\" src=\"https:\/\/www.railscarma.com\/wp-content\/uploads\/2020\/09\/Ruby-on-rails.jpg\" class=\"attachment-large size-large wp-image-32461\" alt=\"\" srcset=\"https:\/\/www.railscarma.com\/wp-content\/uploads\/2020\/09\/Ruby-on-rails.jpg 335w, https:\/\/www.railscarma.com\/wp-content\/uploads\/2020\/09\/Ruby-on-rails-239x300.jpg 239w\" sizes=\"(max-width: 335px) 100vw, 335px\" \/>\t\t\t\t\t\t\t\t\t\t\t\t\t\t\t<\/div>\n\t\t\t\t<\/div>\n\t\t\t\t\t<\/div>\n\t\t<\/div>\n\t\t\t\t<div class=\"elementor-column elementor-col-50 elementor-inner-column elementor-element elementor-element-797fd95\" data-id=\"797fd95\" data-element_type=\"column\">\n\t\t\t<div class=\"elementor-widget-wrap elementor-element-populated\">\n\t\t\t\t\t\t<div class=\"elementor-element elementor-element-ea5334a elementor-widget elementor-widget-text-editor\" data-id=\"ea5334a\" data-element_type=\"widget\" data-widget_type=\"text-editor.default\">\n\t\t\t\t<div class=\"elementor-widget-container\">\n\t\t\t\t\t\t\t\t\t<p class=\"launch-planning\">Lanzar una nueva empresa est\u00e1 lleno de retos y riesgos. Sin embargo, las \"lean startups\" actuales abogan por \"experimentar en lugar de planificar\", al tiempo que convierten el \"producto m\u00ednimo viable\" y el \"pivotaje\" en la nueva norma.<\/p><p class=\"launch-planning\">Como usted tambi\u00e9n planea subirse al carro de las \"lean startups\", elegir el lenguaje de programaci\u00f3n adecuado para su startup tecnol\u00f3gica es igual de importante. Aparentemente, la elecci\u00f3n de la tecnolog\u00eda es solo una decisi\u00f3n t\u00e9cnica, pero tambi\u00e9n es una decisi\u00f3n empresarial estrat\u00e9gica.<\/p><p class=\"launch-planning\">Ruby on Rails es una tecnolog\u00eda que ha ido ganando impulso en los dos \u00faltimos a\u00f1os. Considerada como la \u00faltima \"bala de plata\" en el sector tecnol\u00f3gico, confiere a tu \"startup lean\" las caracter\u00edsticas tan buscadas de \"velocidad\" y \"agilidad\".<\/p>\t\t\t\t\t\t\t\t<\/div>\n\t\t\t\t<\/div>\n\t\t\t\t\t<\/div>\n\t\t<\/div>\n\t\t\t\t\t<\/div>\n\t\t<\/section>\n\t\t\t\t<section class=\"elementor-section elementor-inner-section elementor-element elementor-element-2047438 elementor-section-boxed elementor-section-height-default elementor-section-height-default\" data-id=\"2047438\" data-element_type=\"section\">\n\t\t\t\t\t\t<div class=\"elementor-container elementor-column-gap-default\">\n\t\t\t\t\t<div class=\"elementor-column elementor-col-100 elementor-inner-column elementor-element elementor-element-15fbdf1\" data-id=\"15fbdf1\" data-element_type=\"column\">\n\t\t\t<div class=\"elementor-widget-wrap elementor-element-populated\">\n\t\t\t\t\t\t<div class=\"elementor-element elementor-element-6fcc43f elementor-widget elementor-widget-text-editor\" data-id=\"6fcc43f\" data-element_type=\"widget\" data-widget_type=\"text-editor.default\">\n\t\t\t\t<div class=\"elementor-widget-container\">\n\t\t\t\t\t\t\t\t\t<h4 class=\"launch-planning\"><b>\u00bfQuieres saber por qu\u00e9 Ruby on Rails es una apuesta segura para tu pr\u00f3xima startup?<\/b><\/h4><p class=\"launch-planning\">Descargue nuestro Libro Blanco para obtener una visi\u00f3n experta de por qu\u00e9 deber\u00eda considerar Ruby on Rails para su proyecto.<\/p>\t\t\t\t\t\t\t\t<\/div>\n\t\t\t\t<\/div>\n\t\t\t\t\t<\/div>\n\t\t<\/div>\n\t\t\t\t\t<\/div>\n\t\t<\/section>\n\t\t\t\t\t<\/div>\n\t\t<\/div>\n\t\t\t\t\t<\/div>\n\t\t<\/section>\n\t\t\t\t<\/div>","protected":false},"excerpt":{"rendered":"<p>El lanzamiento de una nueva empresa est\u00e1 lleno de retos y riesgos. Sin embargo, las \"lean startups\" actuales abogan por la \"experimentaci\u00f3n en lugar de la planificaci\u00f3n\", al tiempo que convierten el \"producto m\u00ednimo viable\" y el \"pivotaje\" en la nueva norma. Como usted tambi\u00e9n planea subirse al carro de las \"lean startups\", elegir el ...<\/p>\n<p class=\"read-more\"> <a class=\"\" href=\"https:\/\/www.railscarma.com\/es\/descargar-el-whitepaper-de-ror-para-startups\/\"> <span class=\"screen-reader-text\">Descargar el informe ROR para startups<\/span> Leer m\u00e1s \u00bb<\/a><\/p>","protected":false},"author":1,"featured_media":0,"parent":0,"menu_order":0,"comment_status":"closed","ping_status":"closed","template":"","meta":{"footnotes":""},"class_list":["post-32458","page","type-page","status-publish","hentry"],"yoast_head":"<!-- This site is optimized with the Yoast SEO plugin v26.8 - https:\/\/yoast.com\/product\/yoast-seo-wordpress\/ -->\n<title>Download ROR For Startup Whitepaper - RailsCarma - Ruby on Rails Development Company specializing in Offshore Development<\/title>\n<meta name=\"description\" content=\"Want to know why Ruby on Rails is a safe bet for your upcoming startup? Download our White Paper for an expert insight into why you should consider Ruby on Rails for your project.\" \/>\n<meta name=\"robots\" content=\"index, follow, max-snippet:-1, max-image-preview:large, max-video-preview:-1\" \/>\n<link rel=\"canonical\" href=\"https:\/\/www.railscarma.com\/es\/descargar-el-whitepaper-de-ror-para-startups\/\" \/>\n<meta property=\"og:locale\" content=\"es_ES\" \/>\n<meta property=\"og:type\" content=\"article\" \/>\n<meta property=\"og:title\" content=\"Download ROR For Startup Whitepaper - RailsCarma - Ruby on Rails Development Company specializing in Offshore Development\" \/>\n<meta property=\"og:description\" content=\"Want to know why Ruby on Rails is a safe bet for your upcoming startup? Download our White Paper for an expert insight into why you should consider Ruby on Rails for your project.\" \/>\n<meta property=\"og:url\" content=\"https:\/\/www.railscarma.com\/es\/descargar-el-whitepaper-de-ror-para-startups\/\" \/>\n<meta property=\"og:site_name\" content=\"RailsCarma - Ruby on Rails Development Company specializing in Offshore Development\" \/>\n<meta property=\"article:publisher\" content=\"https:\/\/www.facebook.com\/RailsCarma\/\" \/>\n<meta property=\"article:modified_time\" content=\"2022-09-07T08:07:35+00:00\" \/>\n<meta property=\"og:image\" content=\"https:\/\/dev.railscarma.com\/wp-content\/uploads\/2020\/09\/Ruby-on-rails.jpg\" \/>\n<meta name=\"twitter:card\" content=\"summary_large_image\" \/>\n<meta name=\"twitter:site\" content=\"@railscarma\" \/>\n<meta name=\"twitter:label1\" content=\"Tiempo de lectura\" \/>\n\t<meta name=\"twitter:data1\" content=\"1 minuto\" \/>\n<script type=\"application\/ld+json\" class=\"yoast-schema-graph\">{\"@context\":\"https:\/\/schema.org\",\"@graph\":[{\"@type\":\"WebPage\",\"@id\":\"https:\/\/www.railscarma.com\/download-ror-for-startup-whitepaper\/\",\"url\":\"https:\/\/www.railscarma.com\/download-ror-for-startup-whitepaper\/\",\"name\":\"Download ROR For Startup Whitepaper - RailsCarma - Ruby on Rails Development Company specializing in Offshore Development\",\"isPartOf\":{\"@id\":\"https:\/\/www.railscarma.com\/#website\"},\"primaryImageOfPage\":{\"@id\":\"https:\/\/www.railscarma.com\/download-ror-for-startup-whitepaper\/#primaryimage\"},\"image\":{\"@id\":\"https:\/\/www.railscarma.com\/download-ror-for-startup-whitepaper\/#primaryimage\"},\"thumbnailUrl\":\"https:\/\/dev.railscarma.com\/wp-content\/uploads\/2020\/09\/Ruby-on-rails.jpg\",\"datePublished\":\"2020-09-22T14:53:03+00:00\",\"dateModified\":\"2022-09-07T08:07:35+00:00\",\"description\":\"Want to know why Ruby on Rails is a safe bet for your upcoming startup? Download our White Paper for an expert insight into why you should consider Ruby on Rails for your project.\",\"breadcrumb\":{\"@id\":\"https:\/\/www.railscarma.com\/download-ror-for-startup-whitepaper\/#breadcrumb\"},\"inLanguage\":\"es\",\"potentialAction\":[{\"@type\":\"ReadAction\",\"target\":[\"https:\/\/www.railscarma.com\/download-ror-for-startup-whitepaper\/\"]}]},{\"@type\":\"ImageObject\",\"inLanguage\":\"es\",\"@id\":\"https:\/\/www.railscarma.com\/download-ror-for-startup-whitepaper\/#primaryimage\",\"url\":\"https:\/\/dev.railscarma.com\/wp-content\/uploads\/2020\/09\/Ruby-on-rails.jpg\",\"contentUrl\":\"https:\/\/dev.railscarma.com\/wp-content\/uploads\/2020\/09\/Ruby-on-rails.jpg\"},{\"@type\":\"BreadcrumbList\",\"@id\":\"https:\/\/www.railscarma.com\/download-ror-for-startup-whitepaper\/#breadcrumb\",\"itemListElement\":[{\"@type\":\"ListItem\",\"position\":1,\"name\":\"Home\",\"item\":\"https:\/\/www.railscarma.com\/\"},{\"@type\":\"ListItem\",\"position\":2,\"name\":\"Download ROR For Startup Whitepaper\"}]},{\"@type\":\"WebSite\",\"@id\":\"https:\/\/www.railscarma.com\/#website\",\"url\":\"https:\/\/www.railscarma.com\/\",\"name\":\"RailsCarma - Ruby on Rails Development Company specializing in Offshore Development\",\"description\":\"RailsCarma is a Ruby on Rails Development Company in Bangalore. We specialize in Offshore Ruby on Rails Development based out in USA and India. Hire experienced Ruby on Rails developers for the ultimate Web Experience.\",\"publisher\":{\"@id\":\"https:\/\/www.railscarma.com\/#organization\"},\"potentialAction\":[{\"@type\":\"SearchAction\",\"target\":{\"@type\":\"EntryPoint\",\"urlTemplate\":\"https:\/\/www.railscarma.com\/?s={search_term_string}\"},\"query-input\":{\"@type\":\"PropertyValueSpecification\",\"valueRequired\":true,\"valueName\":\"search_term_string\"}}],\"inLanguage\":\"es\"},{\"@type\":\"Organization\",\"@id\":\"https:\/\/www.railscarma.com\/#organization\",\"name\":\"RailsCarma\",\"url\":\"https:\/\/www.railscarma.com\/\",\"logo\":{\"@type\":\"ImageObject\",\"inLanguage\":\"es\",\"@id\":\"https:\/\/www.railscarma.com\/#\/schema\/logo\/image\/\",\"url\":\"https:\/\/www.railscarma.com\/wp-content\/uploads\/2020\/08\/railscarma_logo.png\",\"contentUrl\":\"https:\/\/www.railscarma.com\/wp-content\/uploads\/2020\/08\/railscarma_logo.png\",\"width\":200,\"height\":46,\"caption\":\"RailsCarma\"},\"image\":{\"@id\":\"https:\/\/www.railscarma.com\/#\/schema\/logo\/image\/\"},\"sameAs\":[\"https:\/\/www.facebook.com\/RailsCarma\/\",\"https:\/\/x.com\/railscarma\",\"https:\/\/www.linkedin.com\/company\/railscarma\/\",\"https:\/\/myspace.com\/railscarma\",\"https:\/\/in.pinterest.com\/railscarma\/\",\"https:\/\/www.youtube.com\/channel\/UCx3Wil-aAnDARuatTEyMdpg\"]}]}<\/script>\n<!-- \/ Yoast SEO plugin. -->","yoast_head_json":{"title":"Descargar Whitepaper de ROR para Startups - RailsCarma - Empresa de Desarrollo Ruby on Rails especializada en Desarrollo Offshore","description":"\u00bfQuieres saber por qu\u00e9 Ruby on Rails es una apuesta segura para tu pr\u00f3xima startup? Descarga nuestro White Paper para obtener una visi\u00f3n experta de por qu\u00e9 deber\u00edas considerar Ruby on Rails para tu proyecto.","robots":{"index":"index","follow":"follow","max-snippet":"max-snippet:-1","max-image-preview":"max-image-preview:large","max-video-preview":"max-video-preview:-1"},"canonical":"https:\/\/www.railscarma.com\/es\/descargar-el-whitepaper-de-ror-para-startups\/","og_locale":"es_ES","og_type":"article","og_title":"Download ROR For Startup Whitepaper - RailsCarma - Ruby on Rails Development Company specializing in Offshore Development","og_description":"Want to know why Ruby on Rails is a safe bet for your upcoming startup? Download our White Paper for an expert insight into why you should consider Ruby on Rails for your project.","og_url":"https:\/\/www.railscarma.com\/es\/descargar-el-whitepaper-de-ror-para-startups\/","og_site_name":"RailsCarma - Ruby on Rails Development Company specializing in Offshore Development","article_publisher":"https:\/\/www.facebook.com\/RailsCarma\/","article_modified_time":"2022-09-07T08:07:35+00:00","og_image":[{"url":"https:\/\/dev.railscarma.com\/wp-content\/uploads\/2020\/09\/Ruby-on-rails.jpg","type":"","width":"","height":""}],"twitter_card":"summary_large_image","twitter_site":"@railscarma","twitter_misc":{"Tiempo de lectura":"1 minuto"},"schema":{"@context":"https:\/\/schema.org","@graph":[{"@type":"WebPage","@id":"https:\/\/www.railscarma.com\/download-ror-for-startup-whitepaper\/","url":"https:\/\/www.railscarma.com\/download-ror-for-startup-whitepaper\/","name":"Descargar Whitepaper de ROR para Startups - RailsCarma - Empresa de Desarrollo Ruby on Rails especializada en Desarrollo Offshore","isPartOf":{"@id":"https:\/\/www.railscarma.com\/#website"},"primaryImageOfPage":{"@id":"https:\/\/www.railscarma.com\/download-ror-for-startup-whitepaper\/#primaryimage"},"image":{"@id":"https:\/\/www.railscarma.com\/download-ror-for-startup-whitepaper\/#primaryimage"},"thumbnailUrl":"https:\/\/dev.railscarma.com\/wp-content\/uploads\/2020\/09\/Ruby-on-rails.jpg","datePublished":"2020-09-22T14:53:03+00:00","dateModified":"2022-09-07T08:07:35+00:00","description":"\u00bfQuieres saber por qu\u00e9 Ruby on Rails es una apuesta segura para tu pr\u00f3xima startup? Descarga nuestro White Paper para obtener una visi\u00f3n experta de por qu\u00e9 deber\u00edas considerar Ruby on Rails para tu proyecto.","breadcrumb":{"@id":"https:\/\/www.railscarma.com\/download-ror-for-startup-whitepaper\/#breadcrumb"},"inLanguage":"es","potentialAction":[{"@type":"ReadAction","target":["https:\/\/www.railscarma.com\/download-ror-for-startup-whitepaper\/"]}]},{"@type":"ImageObject","inLanguage":"es","@id":"https:\/\/www.railscarma.com\/download-ror-for-startup-whitepaper\/#primaryimage","url":"https:\/\/dev.railscarma.com\/wp-content\/uploads\/2020\/09\/Ruby-on-rails.jpg","contentUrl":"https:\/\/dev.railscarma.com\/wp-content\/uploads\/2020\/09\/Ruby-on-rails.jpg"},{"@type":"BreadcrumbList","@id":"https:\/\/www.railscarma.com\/download-ror-for-startup-whitepaper\/#breadcrumb","itemListElement":[{"@type":"ListItem","position":1,"name":"Home","item":"https:\/\/www.railscarma.com\/"},{"@type":"ListItem","position":2,"name":"Download ROR For Startup Whitepaper"}]},{"@type":"WebSite","@id":"https:\/\/www.railscarma.com\/#website","url":"https:\/\/www.railscarma.com\/","name":"RailsCarma - Empresa de desarrollo Ruby on Rails especializada en desarrollo offshore","description":"RailsCarma es una empresa de desarrollo de Ruby on Rails en Bangalore. Nos especializamos en el desarrollo offshore de Ruby on Rails con sede en EE. UU. e India. Contrate desarrolladores experimentados de Ruby on Rails para disfrutar de la mejor experiencia web.","publisher":{"@id":"https:\/\/www.railscarma.com\/#organization"},"potentialAction":[{"@type":"SearchAction","target":{"@type":"EntryPoint","urlTemplate":"https:\/\/www.railscarma.com\/?s={search_term_string}"},"query-input":{"@type":"PropertyValueSpecification","valueRequired":true,"valueName":"search_term_string"}}],"inLanguage":"es"},{"@type":"Organization","@id":"https:\/\/www.railscarma.com\/#organization","name":"RielesCarma","url":"https:\/\/www.railscarma.com\/","logo":{"@type":"ImageObject","inLanguage":"es","@id":"https:\/\/www.railscarma.com\/#\/schema\/logo\/image\/","url":"https:\/\/www.railscarma.com\/wp-content\/uploads\/2020\/08\/railscarma_logo.png","contentUrl":"https:\/\/www.railscarma.com\/wp-content\/uploads\/2020\/08\/railscarma_logo.png","width":200,"height":46,"caption":"RailsCarma"},"image":{"@id":"https:\/\/www.railscarma.com\/#\/schema\/logo\/image\/"},"sameAs":["https:\/\/www.facebook.com\/RailsCarma\/","https:\/\/x.com\/railscarma","https:\/\/www.linkedin.com\/company\/railscarma\/","https:\/\/myspace.com\/railscarma","https:\/\/in.pinterest.com\/railscarma\/","https:\/\/www.youtube.com\/channel\/UCx3Wil-aAnDARuatTEyMdpg"]}]}},"amp_enabled":false,"_links":{"self":[{"href":"https:\/\/www.railscarma.com\/es\/wp-json\/wp\/v2\/pages\/32458","targetHints":{"allow":["GET"]}}],"collection":[{"href":"https:\/\/www.railscarma.com\/es\/wp-json\/wp\/v2\/pages"}],"about":[{"href":"https:\/\/www.railscarma.com\/es\/wp-json\/wp\/v2\/types\/page"}],"author":[{"embeddable":true,"href":"https:\/\/www.railscarma.com\/es\/wp-json\/wp\/v2\/users\/1"}],"replies":[{"embeddable":true,"href":"https:\/\/www.railscarma.com\/es\/wp-json\/wp\/v2\/comments?post=32458"}],"version-history":[{"count":0,"href":"https:\/\/www.railscarma.com\/es\/wp-json\/wp\/v2\/pages\/32458\/revisions"}],"wp:attachment":[{"href":"https:\/\/www.railscarma.com\/es\/wp-json\/wp\/v2\/media?parent=32458"}],"curies":[{"name":"wp","href":"https:\/\/api.w.org\/{rel}","templated":true}]}}