{"id":32486,"date":"2020-09-22T17:38:49","date_gmt":"2020-09-22T17:38:49","guid":{"rendered":"https:\/\/dev.railscarma.com\/?page_id=32486"},"modified":"2020-11-05T09:59:03","modified_gmt":"2020-11-05T09:59:03","slug":"externalizar-el-desarrollo-de-ruby-on-rails","status":"publish","type":"page","link":"https:\/\/www.railscarma.com\/es\/externalizar-el-desarrollo-de-ruby-on-rails\/","title":{"rendered":"Externalizar el desarrollo de Ruby On Rails"},"content":{"rendered":"<div data-elementor-type=\"wp-page\" data-elementor-id=\"32486\" class=\"elementor elementor-32486\" data-elementor-post-type=\"page\">\n\t\t\t\t\t\t<section class=\"elementor-section elementor-top-section elementor-element elementor-element-42f416a8 elementor-section-stretched elementor-section-boxed elementor-section-height-default elementor-section-height-default\" data-id=\"42f416a8\" data-element_type=\"section\" data-settings=\"{&quot;stretch_section&quot;:&quot;section-stretched&quot;,&quot;background_background&quot;:&quot;classic&quot;}\">\n\t\t\t\t\t\t\t<div class=\"elementor-background-overlay\"><\/div>\n\t\t\t\t\t\t\t<div class=\"elementor-container elementor-column-gap-default\">\n\t\t\t\t\t<div class=\"elementor-column elementor-col-100 elementor-top-column elementor-element elementor-element-33ecab17\" data-id=\"33ecab17\" data-element_type=\"column\">\n\t\t\t<div class=\"elementor-widget-wrap elementor-element-populated\">\n\t\t\t\t\t\t<div class=\"elementor-element elementor-element-76e1b1c elementor-widget elementor-widget-heading\" data-id=\"76e1b1c\" data-element_type=\"widget\" data-widget_type=\"heading.default\">\n\t\t\t\t<div class=\"elementor-widget-container\">\n\t\t\t\t\t<h1 class=\"elementor-heading-title elementor-size-default\">Externalizar el desarrollo de Ruby On Rails<\/h1>\t\t\t\t<\/div>\n\t\t\t\t<\/div>\n\t\t\t\t<div class=\"elementor-element elementor-element-e9d25d2 elementor-widget elementor-widget-button\" data-id=\"e9d25d2\" data-element_type=\"widget\" data-widget_type=\"button.default\">\n\t\t\t\t<div class=\"elementor-widget-container\">\n\t\t\t\t\t\t\t\t\t<div class=\"elementor-button-wrapper\">\n\t\t\t\t\t<a class=\"elementor-button elementor-button-link elementor-size-md\" href=\"\/es\/contactenos\/\">\n\t\t\t\t\t\t<span class=\"elementor-button-content-wrapper\">\n\t\t\t\t\t\t<span class=\"elementor-button-icon\">\n\t\t\t\t<i aria-hidden=\"true\" class=\"fas fa-angle-double-right\"><\/i>\t\t\t<\/span>\n\t\t\t\t\t\t\t\t\t<span class=\"elementor-button-text\">CONT\u00c1CTENOS<\/span>\n\t\t\t\t\t<\/span>\n\t\t\t\t\t<\/a>\n\t\t\t\t<\/div>\n\t\t\t\t\t\t\t\t<\/div>\n\t\t\t\t<\/div>\n\t\t\t\t\t<\/div>\n\t\t<\/div>\n\t\t\t\t\t<\/div>\n\t\t<\/section>\n\t\t\t\t<section class=\"elementor-section elementor-top-section elementor-element elementor-element-b7c9544 elementor-section-boxed elementor-section-height-default elementor-section-height-default\" data-id=\"b7c9544\" data-element_type=\"section\">\n\t\t\t\t\t\t<div class=\"elementor-container elementor-column-gap-default\">\n\t\t\t\t\t<div class=\"elementor-column elementor-col-100 elementor-top-column elementor-element elementor-element-3246e5b\" data-id=\"3246e5b\" data-element_type=\"column\">\n\t\t\t<div class=\"elementor-widget-wrap elementor-element-populated\">\n\t\t\t\t\t\t<div class=\"elementor-element elementor-element-76be75e elementor-widget elementor-widget-uael-advanced-heading\" data-id=\"76be75e\" data-element_type=\"widget\" data-widget_type=\"uael-advanced-heading.default\">\n\t\t\t\t<div class=\"elementor-widget-container\">\n\t\t\t\t\t\n\t\t<div class=\"uael-module-content uael-heading-wrapper\">\n\t\t\t\t\t\t\n\t\t\t<h2 class=\"uael-heading\">\n\t\t\t\t\t\t\t\t\t\t<span class=\"uael-heading-text elementor-inline-editing uael-size--default\" data-elementor-setting-key=\"heading_title\" data-elementor-inline-editing-toolbar=\"basic\">Externalizar el desarrollo de Ruby On Rails<\/span>\n\t\t\t\t\t\t\t<\/h2>\n\n\t\t\t\n\t\t\t\t\t\t<div class=\"uael-module-content uael-separator-parent\">\n\t\t\t\t\t\t\t\t\t\t\t\t\t<div class=\"uael-separator\"><\/div>\n\t\t\t\t\t\t\t<\/div>\n\t\t\t\n\t\t\t\n\t\t\t\t\t\t<\/div>\n\t\t\t\t\t\t<\/div>\n\t\t\t\t<\/div>\n\t\t\t\t<div class=\"elementor-element elementor-element-8601b72 elementor-widget elementor-widget-text-editor\" data-id=\"8601b72\" data-element_type=\"widget\" data-widget_type=\"text-editor.default\">\n\t\t\t\t<div class=\"elementor-widget-container\">\n\t\t\t\t\t\t\t\t\t<p>La externalizaci\u00f3n del desarrollo de Ruby on Rails se refiere a la contrataci\u00f3n de un\u00a0<a href=\"https:\/\/dev.railscarma.com\/\">Empresa de desarrollo Rails<\/a>\u00a0para construir ciertas partes de la aplicaci\u00f3n que ya ha sido codificada en Ruby on Rails. Entre la multitud de ventajas que puede ofrecer un socio de subcontrataci\u00f3n de desarrollo Rails, algunas son: personal altamente cualificado que le cubra las espaldas en la creaci\u00f3n y gesti\u00f3n de sus c\u00f3digos, acceso a servicios especializados de control de calidad que se aseguren de que s\u00f3lo el mejor c\u00f3digo cumple los requisitos y un entorno de trabajo propicio para el desarrollo innovador de Rails.<\/p>\t\t\t\t\t\t\t\t<\/div>\n\t\t\t\t<\/div>\n\t\t\t\t<div class=\"elementor-element elementor-element-fc16063 elementor-widget elementor-widget-uael-advanced-heading\" data-id=\"fc16063\" data-element_type=\"widget\" data-widget_type=\"uael-advanced-heading.default\">\n\t\t\t\t<div class=\"elementor-widget-container\">\n\t\t\t\t\t\n\t\t<div class=\"uael-module-content uael-heading-wrapper\">\n\t\t\t\t\t\t\n\t\t\t<h2 class=\"uael-heading\">\n\t\t\t\t\t\t\t\t\t\t<span class=\"uael-heading-text elementor-inline-editing uael-size--default\" data-elementor-setting-key=\"heading_title\" data-elementor-inline-editing-toolbar=\"basic\">La ventaja de la externalizaci\u00f3n RoR de RailsCarma<\/span>\n\t\t\t\t\t\t\t<\/h2>\n\n\t\t\t\n\t\t\t\t\t\t<div class=\"uael-module-content uael-separator-parent\">\n\t\t\t\t\t\t\t\t\t\t\t\t\t<div class=\"uael-separator\"><\/div>\n\t\t\t\t\t\t\t<\/div>\n\t\t\t\n\t\t\t\n\t\t\t\t\t\t<\/div>\n\t\t\t\t\t\t<\/div>\n\t\t\t\t<\/div>\n\t\t\t\t<div class=\"elementor-element elementor-element-7fdcab6 elementor-widget elementor-widget-text-editor\" data-id=\"7fdcab6\" data-element_type=\"widget\" data-widget_type=\"text-editor.default\">\n\t\t\t\t<div class=\"elementor-widget-container\">\n\t\t\t\t\t\t\t\t\t<p>Con su talento de primera clase en la construcci\u00f3n de aplicaciones Rails de clase mundial,\u00a0<a href=\"https:\/\/dev.railscarma.com\/\">RielesCarma<\/a>\u00a0cuenta con una amplia experiencia en el desarrollo de una gran variedad de aplicaciones Rails que reflejan los mejores conocimientos del sector. En RailsCarma somos firmes defensores de la comunidad Rails y estamos especialmente interesados en los proyectos de desarrollo de c\u00f3digo abierto. Si subcontrata su proyecto a un socio de subcontrataci\u00f3n offshore como nosotros, puede estar seguro de que obtendr\u00e1 un resultado eficiente y de calidad.<\/p><p>Como socio de externalizaci\u00f3n, contamos con un equipo de desarrolladores ROR y gestores de proyectos con la formaci\u00f3n t\u00e9cnica necesaria y una visi\u00f3n empresarial para establecer un v\u00ednculo claro entre los detalles t\u00e9cnicos y sus implicaciones empresariales. Esto contribuye a garantizar una ejecuci\u00f3n fluida y satisfactoria de su proyecto.<br \/>Mientras que la mayor\u00eda de las empresas son esc\u00e9pticas sobre el \u00e9xito de la externalizaci\u00f3n de sus proyectos a un socio offshore, el enfoque t\u00e9cnico avanzado de RailsCarma y su gesti\u00f3n de proyectos presente en todo el mundo responde muy bien a todas sus preocupaciones. No es de extra\u00f1ar que empresas millonarias de todo el mundo conf\u00eden en RailsCarma por su experiencia en ROR.<\/p><p>Aparte de un h\u00e1bil equipo de experimentados desarrolladores ROR, tenemos un equipo dedicado de especialistas en control de calidad para realizar pruebas en diferentes plataformas de sistemas operativos y examinar las aplicaciones para identificar las deficiencias t\u00e9cnicas, junto con una estrategia para llenar de manera eficiente los y garantizar la calidad superior de cada proyecto.<\/p><p>Nuestra gesti\u00f3n de proyectos est\u00e1 bien versada con los matices de la integraci\u00f3n de metodolog\u00edas de software en un proyecto y la racionalizaci\u00f3n del proceso para entregar los proyectos en un corto plazo de tiempo. Trabajar con nosotros como su socio offshore le da una gran ventaja de costes, ya que elimina la necesidad de mantener un equipo de desarrollo de rieles en la empresa y, a pesar de una gesti\u00f3n de proyectos eficiente y presente a nivel mundial, nuestros precios le ofrecen la ventaja offshore. Por lo tanto, con nosotros, usted est\u00e1 facultado para desarrollar una aplicaci\u00f3n rails de vanguardia con el mejor retorno de la inversi\u00f3n posible.<\/p><p>As\u00ed que si usted est\u00e1 buscando a bordo de un equipo altamente cualificado y con experiencia que usted puede depender de la calidad centrada en el trabajo para su pr\u00f3ximo proyecto Rails, usted no necesita buscar m\u00e1s. Externalice su proyecto con nosotros para construir su aplicaci\u00f3n Rails con \u00e9xito y eficacia.<\/p>\t\t\t\t\t\t\t\t<\/div>\n\t\t\t\t<\/div>\n\t\t\t\t\t<\/div>\n\t\t<\/div>\n\t\t\t\t\t<\/div>\n\t\t<\/section>\n\t\t\t\t<section class=\"elementor-section elementor-top-section elementor-element elementor-element-69724da9 elementor-section-boxed elementor-section-height-default elementor-section-height-default\" data-id=\"69724da9\" data-element_type=\"section\" data-settings=\"{&quot;background_background&quot;:&quot;classic&quot;}\">\n\t\t\t\t\t\t\t<div class=\"elementor-background-overlay\"><\/div>\n\t\t\t\t\t\t\t<div class=\"elementor-container elementor-column-gap-default\">\n\t\t\t\t\t<div class=\"elementor-column elementor-col-100 elementor-top-column elementor-element elementor-element-507e7b5c\" data-id=\"507e7b5c\" data-element_type=\"column\">\n\t\t\t<div class=\"elementor-widget-wrap elementor-element-populated\">\n\t\t\t\t\t\t<div class=\"elementor-element elementor-element-4de5bd25 elementor-widget elementor-widget-heading\" data-id=\"4de5bd25\" data-element_type=\"widget\" data-widget_type=\"heading.default\">\n\t\t\t\t<div class=\"elementor-widget-container\">\n\t\t\t\t\t<h2 class=\"elementor-heading-title elementor-size-default\">Ayudamos a modernizar su<br> Portafolio de aplicaciones<\/h2>\t\t\t\t<\/div>\n\t\t\t\t<\/div>\n\t\t\t\t<div class=\"elementor-element elementor-element-69914682 elementor-align-center elementor-widget elementor-widget-button\" data-id=\"69914682\" data-element_type=\"widget\" data-widget_type=\"button.default\">\n\t\t\t\t<div class=\"elementor-widget-container\">\n\t\t\t\t\t\t\t\t\t<div class=\"elementor-button-wrapper\">\n\t\t\t\t\t<a class=\"elementor-button elementor-button-link elementor-size-md\" href=\"\/es\/proyecto-estimado\/\">\n\t\t\t\t\t\t<span class=\"elementor-button-content-wrapper\">\n\t\t\t\t\t\t<span class=\"elementor-button-icon\">\n\t\t\t\t<i aria-hidden=\"true\" class=\"fas fa-angle-double-right\"><\/i>\t\t\t<\/span>\n\t\t\t\t\t\t\t\t\t<span class=\"elementor-button-text\">ESTIMA TU PROYECTO<\/span>\n\t\t\t\t\t<\/span>\n\t\t\t\t\t<\/a>\n\t\t\t\t<\/div>\n\t\t\t\t\t\t\t\t<\/div>\n\t\t\t\t<\/div>\n\t\t\t\t\t<\/div>\n\t\t<\/div>\n\t\t\t\t\t<\/div>\n\t\t<\/section>\n\t\t\t\t<section class=\"elementor-section elementor-top-section elementor-element elementor-element-ae7fbdd elementor-section-full_width elementor-section-height-default elementor-section-height-default\" data-id=\"ae7fbdd\" data-element_type=\"section\" data-settings=\"{&quot;background_background&quot;:&quot;classic&quot;}\">\n\t\t\t\t\t\t<div class=\"elementor-container elementor-column-gap-no\">\n\t\t\t\t\t<div class=\"elementor-column elementor-col-50 elementor-top-column elementor-element elementor-element-3aa604a6\" data-id=\"3aa604a6\" data-element_type=\"column\" data-settings=\"{&quot;background_background&quot;:&quot;classic&quot;}\">\n\t\t\t<div class=\"elementor-widget-wrap elementor-element-populated\">\n\t\t\t\t\t\t<div class=\"elementor-element elementor-element-220a4656 elementor-widget elementor-widget-heading\" data-id=\"220a4656\" data-element_type=\"widget\" data-widget_type=\"heading.default\">\n\t\t\t\t<div class=\"elementor-widget-container\">\n\t\t\t\t\t<h2 class=\"elementor-heading-title elementor-size-default\">Aprenda c\u00f3mo hacer avanzar su negocio de forma m\u00e1s fluida y r\u00e1pida<\/h2>\t\t\t\t<\/div>\n\t\t\t\t<\/div>\n\t\t\t\t<div class=\"elementor-element elementor-element-73665ee7 elementor-align-center elementor-widget elementor-widget-button\" data-id=\"73665ee7\" data-element_type=\"widget\" data-widget_type=\"button.default\">\n\t\t\t\t<div class=\"elementor-widget-container\">\n\t\t\t\t\t\t\t\t\t<div class=\"elementor-button-wrapper\">\n\t\t\t\t\t<a class=\"elementor-button elementor-button-link elementor-size-md\" href=\"\/es\/contactenos\/\">\n\t\t\t\t\t\t<span class=\"elementor-button-content-wrapper\">\n\t\t\t\t\t\t<span class=\"elementor-button-icon\">\n\t\t\t\t<i aria-hidden=\"true\" class=\"fas fa-angle-double-right\"><\/i>\t\t\t<\/span>\n\t\t\t\t\t\t\t\t\t<span class=\"elementor-button-text\">CONSULTA A NUESTROS EXPERTOS<\/span>\n\t\t\t\t\t<\/span>\n\t\t\t\t\t<\/a>\n\t\t\t\t<\/div>\n\t\t\t\t\t\t\t\t<\/div>\n\t\t\t\t<\/div>\n\t\t\t\t\t<\/div>\n\t\t<\/div>\n\t\t\t\t<div class=\"elementor-column elementor-col-50 elementor-top-column elementor-element elementor-element-2d9b8473\" data-id=\"2d9b8473\" data-element_type=\"column\" data-settings=\"{&quot;background_background&quot;:&quot;classic&quot;}\">\n\t\t\t<div class=\"elementor-widget-wrap elementor-element-populated\">\n\t\t\t\t\t\t<div class=\"elementor-element elementor-element-32922fb2 elementor-widget elementor-widget-heading\" data-id=\"32922fb2\" data-element_type=\"widget\" data-widget_type=\"heading.default\">\n\t\t\t\t<div class=\"elementor-widget-container\">\n\t\t\t\t\t<h2 class=\"elementor-heading-title elementor-size-default\">Interesado en los servicios RailsCarma<\/h2>\t\t\t\t<\/div>\n\t\t\t\t<\/div>\n\t\t\t\t<div class=\"elementor-element elementor-element-49cf4c2e elementor-align-center elementor-widget elementor-widget-button\" data-id=\"49cf4c2e\" data-element_type=\"widget\" data-widget_type=\"button.default\">\n\t\t\t\t<div class=\"elementor-widget-container\">\n\t\t\t\t\t\t\t\t\t<div class=\"elementor-button-wrapper\">\n\t\t\t\t\t<a class=\"elementor-button elementor-button-link elementor-size-md\" href=\"\/es\/contactenos\/\">\n\t\t\t\t\t\t<span class=\"elementor-button-content-wrapper\">\n\t\t\t\t\t\t<span class=\"elementor-button-icon\">\n\t\t\t\t<i aria-hidden=\"true\" class=\"fas fa-angle-double-right\"><\/i>\t\t\t<\/span>\n\t\t\t\t\t\t\t\t\t<span class=\"elementor-button-text\">CONT\u00c1CTENOS<\/span>\n\t\t\t\t\t<\/span>\n\t\t\t\t\t<\/a>\n\t\t\t\t<\/div>\n\t\t\t\t\t\t\t\t<\/div>\n\t\t\t\t<\/div>\n\t\t\t\t\t<\/div>\n\t\t<\/div>\n\t\t\t\t\t<\/div>\n\t\t<\/section>\n\t\t\t\t<\/div>","protected":false},"excerpt":{"rendered":"<p>Outsource Ruby On Rails Development CONTACT US Outsource Ruby On Rails Development Ruby on Rails development outsourcing refers to hiring a&nbsp;Rails development company&nbsp;to build certain parts of the application that has already been coded in Ruby on Rails. Among the multitude of advantages, that a Rails Development Outsourcing partner can offer, some are: highly development &hellip;<\/p>\n<p class=\"read-more\"> <a class=\"\" href=\"https:\/\/www.railscarma.com\/es\/externalizar-el-desarrollo-de-ruby-on-rails\/\"> <span class=\"screen-reader-text\">Externalizar el desarrollo de Ruby On Rails<\/span> Leer m\u00e1s \u00bb<\/a><\/p>","protected":false},"author":1,"featured_media":0,"parent":0,"menu_order":0,"comment_status":"closed","ping_status":"closed","template":"","meta":{"footnotes":""},"class_list":["post-32486","page","type-page","status-publish","hentry"],"yoast_head":"<!-- This site is optimized with the Yoast SEO plugin v26.8 - https:\/\/yoast.com\/product\/yoast-seo-wordpress\/ -->\n<title>Outsource Ruby on Rails Development - RailsCarma - Ruby on Rails Development Company specializing in Offshore Development - Bangalore, Qatar, California, Dallas, Newyork<\/title>\n<meta name=\"description\" content=\"Outsource Ruby on Rails Development from an offshore outsourcing partner like us and be assured about efficient and qualitative completion of your project.\" \/>\n<meta name=\"robots\" content=\"index, follow, max-snippet:-1, max-image-preview:large, max-video-preview:-1\" \/>\n<link rel=\"canonical\" href=\"https:\/\/www.railscarma.com\/es\/externalizar-el-desarrollo-de-ruby-on-rails\/\" \/>\n<meta property=\"og:locale\" content=\"es_ES\" \/>\n<meta property=\"og:type\" content=\"article\" \/>\n<meta property=\"og:title\" content=\"Outsource Ruby on Rails Development - RailsCarma - Ruby on Rails Development Company specializing in Offshore Development - Bangalore, Qatar, California, Dallas, Newyork\" \/>\n<meta property=\"og:description\" content=\"Outsource Ruby on Rails Development from an offshore outsourcing partner like us and be assured about efficient and qualitative completion of your project.\" \/>\n<meta property=\"og:url\" content=\"https:\/\/www.railscarma.com\/es\/externalizar-el-desarrollo-de-ruby-on-rails\/\" \/>\n<meta property=\"og:site_name\" content=\"RailsCarma - Ruby on Rails Development Company specializing in Offshore Development\" \/>\n<meta property=\"article:publisher\" content=\"https:\/\/www.facebook.com\/RailsCarma\/\" \/>\n<meta property=\"article:modified_time\" content=\"2020-11-05T09:59:03+00:00\" \/>\n<meta property=\"og:image\" content=\"https:\/\/www.railscarma.com\/wp-content\/uploads\/2022\/09\/Ruby-on-Rails-Development-Company.jpg\" \/>\n\t<meta property=\"og:image:width\" content=\"1200\" \/>\n\t<meta property=\"og:image:height\" content=\"628\" \/>\n\t<meta property=\"og:image:type\" content=\"image\/jpeg\" \/>\n<meta name=\"twitter:card\" content=\"summary_large_image\" \/>\n<meta name=\"twitter:site\" content=\"@railscarma\" \/>\n<meta name=\"twitter:label1\" content=\"Tiempo de lectura\" \/>\n\t<meta name=\"twitter:data1\" content=\"2 minutos\" \/>\n<script type=\"application\/ld+json\" class=\"yoast-schema-graph\">{\"@context\":\"https:\/\/schema.org\",\"@graph\":[{\"@type\":\"WebPage\",\"@id\":\"https:\/\/www.railscarma.com\/outsource-ruby-on-rails-development\/\",\"url\":\"https:\/\/www.railscarma.com\/outsource-ruby-on-rails-development\/\",\"name\":\"Outsource Ruby on Rails Development - RailsCarma - Ruby on Rails Development Company specializing in Offshore Development - Bangalore, Qatar, California, Dallas, Newyork\",\"isPartOf\":{\"@id\":\"https:\/\/www.railscarma.com\/#website\"},\"datePublished\":\"2020-09-22T17:38:49+00:00\",\"dateModified\":\"2020-11-05T09:59:03+00:00\",\"description\":\"Outsource Ruby on Rails Development from an offshore outsourcing partner like us and be assured about efficient and qualitative completion of your project.\",\"breadcrumb\":{\"@id\":\"https:\/\/www.railscarma.com\/outsource-ruby-on-rails-development\/#breadcrumb\"},\"inLanguage\":\"es\",\"potentialAction\":[{\"@type\":\"ReadAction\",\"target\":[\"https:\/\/www.railscarma.com\/outsource-ruby-on-rails-development\/\"]}]},{\"@type\":\"BreadcrumbList\",\"@id\":\"https:\/\/www.railscarma.com\/outsource-ruby-on-rails-development\/#breadcrumb\",\"itemListElement\":[{\"@type\":\"ListItem\",\"position\":1,\"name\":\"Home\",\"item\":\"https:\/\/www.railscarma.com\/\"},{\"@type\":\"ListItem\",\"position\":2,\"name\":\"Outsource Ruby On Rails Development\"}]},{\"@type\":\"WebSite\",\"@id\":\"https:\/\/www.railscarma.com\/#website\",\"url\":\"https:\/\/www.railscarma.com\/\",\"name\":\"RailsCarma - Ruby on Rails Development Company specializing in Offshore Development\",\"description\":\"RailsCarma is a Ruby on Rails Development Company in Bangalore. We specialize in Offshore Ruby on Rails Development based out in USA and India. Hire experienced Ruby on Rails developers for the ultimate Web Experience.\",\"publisher\":{\"@id\":\"https:\/\/www.railscarma.com\/#organization\"},\"potentialAction\":[{\"@type\":\"SearchAction\",\"target\":{\"@type\":\"EntryPoint\",\"urlTemplate\":\"https:\/\/www.railscarma.com\/?s={search_term_string}\"},\"query-input\":{\"@type\":\"PropertyValueSpecification\",\"valueRequired\":true,\"valueName\":\"search_term_string\"}}],\"inLanguage\":\"es\"},{\"@type\":\"Organization\",\"@id\":\"https:\/\/www.railscarma.com\/#organization\",\"name\":\"RailsCarma\",\"url\":\"https:\/\/www.railscarma.com\/\",\"logo\":{\"@type\":\"ImageObject\",\"inLanguage\":\"es\",\"@id\":\"https:\/\/www.railscarma.com\/#\/schema\/logo\/image\/\",\"url\":\"https:\/\/www.railscarma.com\/wp-content\/uploads\/2020\/08\/railscarma_logo.png\",\"contentUrl\":\"https:\/\/www.railscarma.com\/wp-content\/uploads\/2020\/08\/railscarma_logo.png\",\"width\":200,\"height\":46,\"caption\":\"RailsCarma\"},\"image\":{\"@id\":\"https:\/\/www.railscarma.com\/#\/schema\/logo\/image\/\"},\"sameAs\":[\"https:\/\/www.facebook.com\/RailsCarma\/\",\"https:\/\/x.com\/railscarma\",\"https:\/\/www.linkedin.com\/company\/railscarma\/\",\"https:\/\/myspace.com\/railscarma\",\"https:\/\/in.pinterest.com\/railscarma\/\",\"https:\/\/www.youtube.com\/channel\/UCx3Wil-aAnDARuatTEyMdpg\"]}]}<\/script>\n<!-- \/ Yoast SEO plugin. -->","yoast_head_json":{"title":"Externalizaci\u00f3n de Desarrollo Ruby on Rails - RailsCarma - Empresa de Desarrollo Ruby on Rails especializada en Desarrollo Offshore - Bangalore, Qatar, California, Dallas, Newyork","description":"Externalice el desarrollo de Ruby on Rails con un socio de externalizaci\u00f3n offshore como nosotros y tenga la seguridad de que su proyecto se completar\u00e1 con eficacia y calidad.","robots":{"index":"index","follow":"follow","max-snippet":"max-snippet:-1","max-image-preview":"max-image-preview:large","max-video-preview":"max-video-preview:-1"},"canonical":"https:\/\/www.railscarma.com\/es\/externalizar-el-desarrollo-de-ruby-on-rails\/","og_locale":"es_ES","og_type":"article","og_title":"Outsource Ruby on Rails Development - RailsCarma - Ruby on Rails Development Company specializing in Offshore Development - Bangalore, Qatar, California, Dallas, Newyork","og_description":"Outsource Ruby on Rails Development from an offshore outsourcing partner like us and be assured about efficient and qualitative completion of your project.","og_url":"https:\/\/www.railscarma.com\/es\/externalizar-el-desarrollo-de-ruby-on-rails\/","og_site_name":"RailsCarma - Ruby on Rails Development Company specializing in Offshore Development","article_publisher":"https:\/\/www.facebook.com\/RailsCarma\/","article_modified_time":"2020-11-05T09:59:03+00:00","og_image":[{"width":1200,"height":628,"url":"https:\/\/www.railscarma.com\/wp-content\/uploads\/2022\/09\/Ruby-on-Rails-Development-Company.jpg","type":"image\/jpeg"}],"twitter_card":"summary_large_image","twitter_site":"@railscarma","twitter_misc":{"Tiempo de lectura":"2 minutos"},"schema":{"@context":"https:\/\/schema.org","@graph":[{"@type":"WebPage","@id":"https:\/\/www.railscarma.com\/outsource-ruby-on-rails-development\/","url":"https:\/\/www.railscarma.com\/outsource-ruby-on-rails-development\/","name":"Externalizaci\u00f3n de Desarrollo Ruby on Rails - RailsCarma - Empresa de Desarrollo Ruby on Rails especializada en Desarrollo Offshore - Bangalore, Qatar, California, Dallas, Newyork","isPartOf":{"@id":"https:\/\/www.railscarma.com\/#website"},"datePublished":"2020-09-22T17:38:49+00:00","dateModified":"2020-11-05T09:59:03+00:00","description":"Externalice el desarrollo de Ruby on Rails con un socio de externalizaci\u00f3n offshore como nosotros y tenga la seguridad de que su proyecto se completar\u00e1 con eficacia y calidad.","breadcrumb":{"@id":"https:\/\/www.railscarma.com\/outsource-ruby-on-rails-development\/#breadcrumb"},"inLanguage":"es","potentialAction":[{"@type":"ReadAction","target":["https:\/\/www.railscarma.com\/outsource-ruby-on-rails-development\/"]}]},{"@type":"BreadcrumbList","@id":"https:\/\/www.railscarma.com\/outsource-ruby-on-rails-development\/#breadcrumb","itemListElement":[{"@type":"ListItem","position":1,"name":"Home","item":"https:\/\/www.railscarma.com\/"},{"@type":"ListItem","position":2,"name":"Outsource Ruby On Rails Development"}]},{"@type":"WebSite","@id":"https:\/\/www.railscarma.com\/#website","url":"https:\/\/www.railscarma.com\/","name":"RailsCarma - Empresa de desarrollo Ruby on Rails especializada en desarrollo offshore","description":"RailsCarma es una empresa de desarrollo de Ruby on Rails en Bangalore. Nos especializamos en el desarrollo offshore de Ruby on Rails con sede en EE. UU. e India. Contrate desarrolladores experimentados de Ruby on Rails para disfrutar de la mejor experiencia web.","publisher":{"@id":"https:\/\/www.railscarma.com\/#organization"},"potentialAction":[{"@type":"SearchAction","target":{"@type":"EntryPoint","urlTemplate":"https:\/\/www.railscarma.com\/?s={search_term_string}"},"query-input":{"@type":"PropertyValueSpecification","valueRequired":true,"valueName":"search_term_string"}}],"inLanguage":"es"},{"@type":"Organization","@id":"https:\/\/www.railscarma.com\/#organization","name":"RielesCarma","url":"https:\/\/www.railscarma.com\/","logo":{"@type":"ImageObject","inLanguage":"es","@id":"https:\/\/www.railscarma.com\/#\/schema\/logo\/image\/","url":"https:\/\/www.railscarma.com\/wp-content\/uploads\/2020\/08\/railscarma_logo.png","contentUrl":"https:\/\/www.railscarma.com\/wp-content\/uploads\/2020\/08\/railscarma_logo.png","width":200,"height":46,"caption":"RailsCarma"},"image":{"@id":"https:\/\/www.railscarma.com\/#\/schema\/logo\/image\/"},"sameAs":["https:\/\/www.facebook.com\/RailsCarma\/","https:\/\/x.com\/railscarma","https:\/\/www.linkedin.com\/company\/railscarma\/","https:\/\/myspace.com\/railscarma","https:\/\/in.pinterest.com\/railscarma\/","https:\/\/www.youtube.com\/channel\/UCx3Wil-aAnDARuatTEyMdpg"]}]}},"amp_enabled":false,"_links":{"self":[{"href":"https:\/\/www.railscarma.com\/es\/wp-json\/wp\/v2\/pages\/32486","targetHints":{"allow":["GET"]}}],"collection":[{"href":"https:\/\/www.railscarma.com\/es\/wp-json\/wp\/v2\/pages"}],"about":[{"href":"https:\/\/www.railscarma.com\/es\/wp-json\/wp\/v2\/types\/page"}],"author":[{"embeddable":true,"href":"https:\/\/www.railscarma.com\/es\/wp-json\/wp\/v2\/users\/1"}],"replies":[{"embeddable":true,"href":"https:\/\/www.railscarma.com\/es\/wp-json\/wp\/v2\/comments?post=32486"}],"version-history":[{"count":0,"href":"https:\/\/www.railscarma.com\/es\/wp-json\/wp\/v2\/pages\/32486\/revisions"}],"wp:attachment":[{"href":"https:\/\/www.railscarma.com\/es\/wp-json\/wp\/v2\/media?parent=32486"}],"curies":[{"name":"wp","href":"https:\/\/api.w.org\/{rel}","templated":true}]}}