{"id":32513,"date":"2020-09-22T18:36:39","date_gmt":"2020-09-22T18:36:39","guid":{"rendered":"https:\/\/dev.railscarma.com\/?page_id=32513"},"modified":"2020-09-22T18:40:44","modified_gmt":"2020-09-22T18:40:44","slug":"politique-de-cookies","status":"publish","type":"page","link":"https:\/\/www.railscarma.com\/fr\/politique-de-cookies\/","title":{"rendered":"Politique en mati\u00e8re de cookies"},"content":{"rendered":"<div data-elementor-type=\"wp-page\" data-elementor-id=\"32513\" class=\"elementor elementor-32513\" data-elementor-post-type=\"page\">\n\t\t\t\t\t\t<section class=\"elementor-section elementor-top-section elementor-element elementor-element-24df7b4 elementor-section-boxed elementor-section-height-default elementor-section-height-default\" data-id=\"24df7b4\" data-element_type=\"section\">\n\t\t\t\t\t\t<div class=\"elementor-container elementor-column-gap-default\">\n\t\t\t\t\t<div class=\"elementor-column elementor-col-100 elementor-top-column elementor-element elementor-element-163bd35\" data-id=\"163bd35\" data-element_type=\"column\">\n\t\t\t<div class=\"elementor-widget-wrap elementor-element-populated\">\n\t\t\t\t\t\t<div class=\"elementor-element elementor-element-424f5ae uael-heading-align-left elementor-widget elementor-widget-uael-advanced-heading\" data-id=\"424f5ae\" data-element_type=\"widget\" data-widget_type=\"uael-advanced-heading.default\">\n\t\t\t\t<div class=\"elementor-widget-container\">\n\t\t\t\t\t\n\t\t<div class=\"uael-module-content uael-heading-wrapper\">\n\t\t\t\t\t\t\n\t\t\t<h1 class=\"uael-heading\">\n\t\t\t\t\t\t\t\t\t\t<span class=\"uael-heading-text elementor-inline-editing uael-size--default\" data-elementor-setting-key=\"heading_title\" data-elementor-inline-editing-toolbar=\"basic\">Politique en mati\u00e8re de cookies<\/span>\n\t\t\t\t\t\t\t<\/h1>\n\n\t\t\t\n\t\t\t\t\t\t<div class=\"uael-module-content uael-separator-parent\">\n\t\t\t\t\t\t\t\t\t\t\t\t\t<div class=\"uael-separator\"><\/div>\n\t\t\t\t\t\t\t<\/div>\n\t\t\t\n\t\t\t\t\t\t\t<div class=\"uael-subheading elementor-inline-editing\" data-elementor-setting-key=\"heading_description\" data-elementor-inline-editing-toolbar=\"advanced\" >\n\t\t\t\t\t<p style=\"text-align:justify\">Ce site utilise des cookies \u2013 de petits fichiers texte plac\u00e9s sur votre ordinateur pour aider le site \u00e0 offrir une meilleure exp\u00e9rience utilisateur. En g\u00e9n\u00e9ral, les cookies sont utilis\u00e9s pour conserver les pr\u00e9f\u00e9rences de l&#039;utilisateur, stocker des informations telles que les paniers d&#039;achat et fournir des donn\u00e9es de suivi anonymis\u00e9es \u00e0 des applications tierces telles que Google Analytics. En r\u00e8gle g\u00e9n\u00e9rale, les cookies am\u00e9lioreront votre exp\u00e9rience de navigation. Cependant, vous pr\u00e9f\u00e9rerez peut-\u00eatre d\u00e9sactiver les cookies sur ce site et sur d&#039;autres. Le moyen le plus efficace d&#039;y parvenir est de d\u00e9sactiver les cookies dans votre navigateur. Nous vous sugg\u00e9rons de consulter la section Aide de votre navigateur ou de jeter un \u0153il au site Web \u00c0 propos des cookies qui propose des conseils pour tous les navigateurs modernes.<\/p>\t\t\t\t<\/div>\n\t\t\t\t\n\t\t\t\t\t\t<\/div>\n\t\t\t\t\t\t<\/div>\n\t\t\t\t<\/div>\n\t\t\t\t\t<\/div>\n\t\t<\/div>\n\t\t\t\t\t<\/div>\n\t\t<\/section>\n\t\t\t\t<\/div>","protected":false},"excerpt":{"rendered":"<p>Cookie Policy This site uses cookies \u2013 small text files that are placed on your machine to help the site provide a better user experience. In general, cookies are used to retain user preferences, store information for things like shopping carts, and provide anonymised tracking data to third party applications like Google Analytics. As a &hellip;<\/p>\n<p class=\"read-more\"> <a class=\"\" href=\"https:\/\/www.railscarma.com\/fr\/politique-de-cookies\/\"> <span class=\"screen-reader-text\">Politique en mati\u00e8re de cookies<\/span> Lire la suite \u00bb<\/a><\/p>","protected":false},"author":1,"featured_media":0,"parent":0,"menu_order":0,"comment_status":"closed","ping_status":"closed","template":"","meta":{"footnotes":""},"class_list":["post-32513","page","type-page","status-publish","hentry"],"yoast_head":"<!-- This site is optimized with the Yoast SEO plugin v26.8 - https:\/\/yoast.com\/product\/yoast-seo-wordpress\/ -->\n<title>Cookie Policy - RailsCarma - Ruby on Rails Development Company specializing in Offshore Development<\/title>\n<meta name=\"description\" content=\"Cookie Policy This site uses cookies \u2013 small text files that are placed on your machine to help the site provide a better user experience. In general,\" \/>\n<meta name=\"robots\" content=\"index, follow, max-snippet:-1, max-image-preview:large, max-video-preview:-1\" \/>\n<link rel=\"canonical\" href=\"https:\/\/www.railscarma.com\/fr\/politique-de-cookies\/\" \/>\n<meta property=\"og:locale\" content=\"fr_FR\" \/>\n<meta property=\"og:type\" content=\"article\" \/>\n<meta property=\"og:title\" content=\"Cookie Policy - RailsCarma - Ruby on Rails Development Company specializing in Offshore Development\" \/>\n<meta property=\"og:description\" content=\"Cookie Policy This site uses cookies \u2013 small text files that are placed on your machine to help the site provide a better user experience. In general,\" \/>\n<meta property=\"og:url\" content=\"https:\/\/www.railscarma.com\/fr\/politique-de-cookies\/\" \/>\n<meta property=\"og:site_name\" content=\"RailsCarma - Ruby on Rails Development Company specializing in Offshore Development\" \/>\n<meta property=\"article:publisher\" content=\"https:\/\/www.facebook.com\/RailsCarma\/\" \/>\n<meta property=\"article:modified_time\" content=\"2020-09-22T18:40:44+00:00\" \/>\n<meta property=\"og:image\" content=\"https:\/\/www.railscarma.com\/wp-content\/uploads\/2022\/09\/Ruby-on-Rails-Development-Company.jpg\" \/>\n\t<meta property=\"og:image:width\" content=\"1200\" \/>\n\t<meta property=\"og:image:height\" content=\"628\" \/>\n\t<meta property=\"og:image:type\" content=\"image\/jpeg\" \/>\n<meta name=\"twitter:card\" content=\"summary_large_image\" \/>\n<meta name=\"twitter:site\" content=\"@railscarma\" \/>\n<meta name=\"twitter:label1\" content=\"Dur\u00e9e de lecture estim\u00e9e\" \/>\n\t<meta name=\"twitter:data1\" content=\"1 minute\" \/>\n<script type=\"application\/ld+json\" class=\"yoast-schema-graph\">{\"@context\":\"https:\/\/schema.org\",\"@graph\":[{\"@type\":\"WebPage\",\"@id\":\"https:\/\/www.railscarma.com\/cookie-policy\/\",\"url\":\"https:\/\/www.railscarma.com\/cookie-policy\/\",\"name\":\"Cookie Policy - RailsCarma - Ruby on Rails Development Company specializing in Offshore Development\",\"isPartOf\":{\"@id\":\"https:\/\/www.railscarma.com\/#website\"},\"datePublished\":\"2020-09-22T18:36:39+00:00\",\"dateModified\":\"2020-09-22T18:40:44+00:00\",\"description\":\"Cookie Policy This site uses cookies \u2013 small text files that are placed on your machine to help the site provide a better user experience. In general,\",\"breadcrumb\":{\"@id\":\"https:\/\/www.railscarma.com\/cookie-policy\/#breadcrumb\"},\"inLanguage\":\"fr-FR\",\"potentialAction\":[{\"@type\":\"ReadAction\",\"target\":[\"https:\/\/www.railscarma.com\/cookie-policy\/\"]}]},{\"@type\":\"BreadcrumbList\",\"@id\":\"https:\/\/www.railscarma.com\/cookie-policy\/#breadcrumb\",\"itemListElement\":[{\"@type\":\"ListItem\",\"position\":1,\"name\":\"Home\",\"item\":\"https:\/\/www.railscarma.com\/\"},{\"@type\":\"ListItem\",\"position\":2,\"name\":\"Cookie Policy\"}]},{\"@type\":\"WebSite\",\"@id\":\"https:\/\/www.railscarma.com\/#website\",\"url\":\"https:\/\/www.railscarma.com\/\",\"name\":\"RailsCarma - Ruby on Rails Development Company specializing in Offshore Development\",\"description\":\"RailsCarma is a Ruby on Rails Development Company in Bangalore. We specialize in Offshore Ruby on Rails Development based out in USA and India. Hire experienced Ruby on Rails developers for the ultimate Web Experience.\",\"publisher\":{\"@id\":\"https:\/\/www.railscarma.com\/#organization\"},\"potentialAction\":[{\"@type\":\"SearchAction\",\"target\":{\"@type\":\"EntryPoint\",\"urlTemplate\":\"https:\/\/www.railscarma.com\/?s={search_term_string}\"},\"query-input\":{\"@type\":\"PropertyValueSpecification\",\"valueRequired\":true,\"valueName\":\"search_term_string\"}}],\"inLanguage\":\"fr-FR\"},{\"@type\":\"Organization\",\"@id\":\"https:\/\/www.railscarma.com\/#organization\",\"name\":\"RailsCarma\",\"url\":\"https:\/\/www.railscarma.com\/\",\"logo\":{\"@type\":\"ImageObject\",\"inLanguage\":\"fr-FR\",\"@id\":\"https:\/\/www.railscarma.com\/#\/schema\/logo\/image\/\",\"url\":\"https:\/\/www.railscarma.com\/wp-content\/uploads\/2020\/08\/railscarma_logo.png\",\"contentUrl\":\"https:\/\/www.railscarma.com\/wp-content\/uploads\/2020\/08\/railscarma_logo.png\",\"width\":200,\"height\":46,\"caption\":\"RailsCarma\"},\"image\":{\"@id\":\"https:\/\/www.railscarma.com\/#\/schema\/logo\/image\/\"},\"sameAs\":[\"https:\/\/www.facebook.com\/RailsCarma\/\",\"https:\/\/x.com\/railscarma\",\"https:\/\/www.linkedin.com\/company\/railscarma\/\",\"https:\/\/myspace.com\/railscarma\",\"https:\/\/in.pinterest.com\/railscarma\/\",\"https:\/\/www.youtube.com\/channel\/UCx3Wil-aAnDARuatTEyMdpg\"]}]}<\/script>\n<!-- \/ Yoast SEO plugin. -->","yoast_head_json":{"title":"Politique en mati\u00e8re de cookies - RailsCarma - Soci\u00e9t\u00e9 de d\u00e9veloppement Ruby on Rails sp\u00e9cialis\u00e9e dans le d\u00e9veloppement offshore","description":"Politique en mati\u00e8re de cookies Ce site utilise des cookies \u2013 de petits fichiers texte plac\u00e9s sur votre ordinateur pour aider le site \u00e0 offrir une meilleure exp\u00e9rience utilisateur. En g\u00e9n\u00e9ral,","robots":{"index":"index","follow":"follow","max-snippet":"max-snippet:-1","max-image-preview":"max-image-preview:large","max-video-preview":"max-video-preview:-1"},"canonical":"https:\/\/www.railscarma.com\/fr\/politique-de-cookies\/","og_locale":"fr_FR","og_type":"article","og_title":"Cookie Policy - RailsCarma - Ruby on Rails Development Company specializing in Offshore Development","og_description":"Cookie Policy This site uses cookies \u2013 small text files that are placed on your machine to help the site provide a better user experience. In general,","og_url":"https:\/\/www.railscarma.com\/fr\/politique-de-cookies\/","og_site_name":"RailsCarma - Ruby on Rails Development Company specializing in Offshore Development","article_publisher":"https:\/\/www.facebook.com\/RailsCarma\/","article_modified_time":"2020-09-22T18:40:44+00:00","og_image":[{"width":1200,"height":628,"url":"https:\/\/www.railscarma.com\/wp-content\/uploads\/2022\/09\/Ruby-on-Rails-Development-Company.jpg","type":"image\/jpeg"}],"twitter_card":"summary_large_image","twitter_site":"@railscarma","twitter_misc":{"Dur\u00e9e de lecture estim\u00e9e":"1 minute"},"schema":{"@context":"https:\/\/schema.org","@graph":[{"@type":"WebPage","@id":"https:\/\/www.railscarma.com\/cookie-policy\/","url":"https:\/\/www.railscarma.com\/cookie-policy\/","name":"Politique en mati\u00e8re de cookies - RailsCarma - Soci\u00e9t\u00e9 de d\u00e9veloppement Ruby on Rails sp\u00e9cialis\u00e9e dans le d\u00e9veloppement offshore","isPartOf":{"@id":"https:\/\/www.railscarma.com\/#website"},"datePublished":"2020-09-22T18:36:39+00:00","dateModified":"2020-09-22T18:40:44+00:00","description":"Politique en mati\u00e8re de cookies Ce site utilise des cookies \u2013 de petits fichiers texte plac\u00e9s sur votre ordinateur pour aider le site \u00e0 offrir une meilleure exp\u00e9rience utilisateur. En g\u00e9n\u00e9ral,","breadcrumb":{"@id":"https:\/\/www.railscarma.com\/cookie-policy\/#breadcrumb"},"inLanguage":"fr-FR","potentialAction":[{"@type":"ReadAction","target":["https:\/\/www.railscarma.com\/cookie-policy\/"]}]},{"@type":"BreadcrumbList","@id":"https:\/\/www.railscarma.com\/cookie-policy\/#breadcrumb","itemListElement":[{"@type":"ListItem","position":1,"name":"Home","item":"https:\/\/www.railscarma.com\/"},{"@type":"ListItem","position":2,"name":"Cookie Policy"}]},{"@type":"WebSite","@id":"https:\/\/www.railscarma.com\/#website","url":"https:\/\/www.railscarma.com\/","name":"RailsCarma - Soci\u00e9t\u00e9 de d\u00e9veloppement Ruby on Rails sp\u00e9cialis\u00e9e dans le d\u00e9veloppement offshore","description":"RailsCarma est une soci\u00e9t\u00e9 de d\u00e9veloppement Ruby on Rails \u00e0 Bangalore. Nous sommes sp\u00e9cialis\u00e9s dans le d\u00e9veloppement offshore Ruby on Rails, bas\u00e9s aux \u00c9tats-Unis et en Inde. Embauchez des d\u00e9veloppeurs Ruby on Rails exp\u00e9riment\u00e9s pour une exp\u00e9rience Web ultime.","publisher":{"@id":"https:\/\/www.railscarma.com\/#organization"},"potentialAction":[{"@type":"SearchAction","target":{"@type":"EntryPoint","urlTemplate":"https:\/\/www.railscarma.com\/?s={search_term_string}"},"query-input":{"@type":"PropertyValueSpecification","valueRequired":true,"valueName":"search_term_string"}}],"inLanguage":"fr-FR"},{"@type":"Organization","@id":"https:\/\/www.railscarma.com\/#organization","name":"RailsCarma","url":"https:\/\/www.railscarma.com\/","logo":{"@type":"ImageObject","inLanguage":"fr-FR","@id":"https:\/\/www.railscarma.com\/#\/schema\/logo\/image\/","url":"https:\/\/www.railscarma.com\/wp-content\/uploads\/2020\/08\/railscarma_logo.png","contentUrl":"https:\/\/www.railscarma.com\/wp-content\/uploads\/2020\/08\/railscarma_logo.png","width":200,"height":46,"caption":"RailsCarma"},"image":{"@id":"https:\/\/www.railscarma.com\/#\/schema\/logo\/image\/"},"sameAs":["https:\/\/www.facebook.com\/RailsCarma\/","https:\/\/x.com\/railscarma","https:\/\/www.linkedin.com\/company\/railscarma\/","https:\/\/myspace.com\/railscarma","https:\/\/in.pinterest.com\/railscarma\/","https:\/\/www.youtube.com\/channel\/UCx3Wil-aAnDARuatTEyMdpg"]}]}},"amp_enabled":true,"_links":{"self":[{"href":"https:\/\/www.railscarma.com\/fr\/wp-json\/wp\/v2\/pages\/32513","targetHints":{"allow":["GET"]}}],"collection":[{"href":"https:\/\/www.railscarma.com\/fr\/wp-json\/wp\/v2\/pages"}],"about":[{"href":"https:\/\/www.railscarma.com\/fr\/wp-json\/wp\/v2\/types\/page"}],"author":[{"embeddable":true,"href":"https:\/\/www.railscarma.com\/fr\/wp-json\/wp\/v2\/users\/1"}],"replies":[{"embeddable":true,"href":"https:\/\/www.railscarma.com\/fr\/wp-json\/wp\/v2\/comments?post=32513"}],"version-history":[{"count":0,"href":"https:\/\/www.railscarma.com\/fr\/wp-json\/wp\/v2\/pages\/32513\/revisions"}],"wp:attachment":[{"href":"https:\/\/www.railscarma.com\/fr\/wp-json\/wp\/v2\/media?parent=32513"}],"curies":[{"name":"wp","href":"https:\/\/api.w.org\/{rel}","templated":true}]}}