{"id":32458,"date":"2020-09-22T14:53:03","date_gmt":"2020-09-22T14:53:03","guid":{"rendered":"https:\/\/dev.railscarma.com\/?page_id=32458"},"modified":"2022-09-07T08:07:35","modified_gmt":"2022-09-07T08:07:35","slug":"download-ror-for-startup-whitepaper","status":"publish","type":"page","link":"https:\/\/www.railscarma.com\/it\/download-ror-for-startup-whitepaper\/","title":{"rendered":"Download ROR For Startup Whitepaper"},"content":{"rendered":"<div data-elementor-type=\"wp-page\" data-elementor-id=\"32458\" class=\"elementor elementor-32458\" data-elementor-post-type=\"page\">\n\t\t\t\t\t\t<section class=\"elementor-section elementor-top-section elementor-element elementor-element-3087c3c elementor-section-boxed elementor-section-height-default elementor-section-height-default\" data-id=\"3087c3c\" data-element_type=\"section\">\n\t\t\t\t\t\t<div class=\"elementor-container elementor-column-gap-default\">\n\t\t\t\t\t<div class=\"elementor-column elementor-col-100 elementor-top-column elementor-element elementor-element-ef021d1\" data-id=\"ef021d1\" data-element_type=\"column\">\n\t\t\t<div class=\"elementor-widget-wrap elementor-element-populated\">\n\t\t\t\t\t\t<div class=\"elementor-element elementor-element-a486faf uael-heading-align-center elementor-widget elementor-widget-uael-advanced-heading\" data-id=\"a486faf\" data-element_type=\"widget\" data-widget_type=\"uael-advanced-heading.default\">\n\t\t\t\t<div class=\"elementor-widget-container\">\n\t\t\t\t\t\n\t\t<div class=\"uael-module-content uael-heading-wrapper\">\n\t\t\t\t\t\t\n\t\t\t<h2 class=\"uael-heading\">\n\t\t\t\t\t\t\t\t\t\t<span class=\"uael-heading-text elementor-inline-editing uael-size--default\" data-elementor-setting-key=\"heading_title\" data-elementor-inline-editing-toolbar=\"basic\">WHITE PAPER<\/span>\n\t\t\t\t\t\t\t<\/h2>\n\n\t\t\t\n\t\t\t\t\t\t<div class=\"uael-module-content uael-separator-parent\">\n\t\t\t\t\t\t\t\t\t\t\t\t\t<div class=\"uael-separator\"><\/div>\n\t\t\t\t\t\t\t<\/div>\n\t\t\t\n\t\t\t\n\t\t\t\t\t\t<\/div>\n\t\t\t\t\t\t<\/div>\n\t\t\t\t<\/div>\n\t\t\t\t<div class=\"elementor-element elementor-element-fa01763 uael-heading-align-center elementor-widget elementor-widget-uael-advanced-heading\" data-id=\"fa01763\" data-element_type=\"widget\" data-widget_type=\"uael-advanced-heading.default\">\n\t\t\t\t<div class=\"elementor-widget-container\">\n\t\t\t\t\t\n\t\t<div class=\"uael-module-content uael-heading-wrapper\">\n\t\t\t\t\t\t\n\t\t\t<h1 class=\"uael-heading\">\n\t\t\t\t\t\t\t\t\t\t<span class=\"uael-heading-text elementor-inline-editing uael-size--default\" data-elementor-setting-key=\"heading_title\" data-elementor-inline-editing-toolbar=\"basic\">Why User Startup Should Use Ruby On Rails<\/span>\n\t\t\t\t\t\t\t<\/h1>\n\n\t\t\t\n\t\t\t\n\t\t\t\n\t\t\t\t\t\t<\/div>\n\t\t\t\t\t\t<\/div>\n\t\t\t\t<\/div>\n\t\t\t\t<section class=\"elementor-section elementor-inner-section elementor-element elementor-element-530e201 elementor-section-boxed elementor-section-height-default elementor-section-height-default\" data-id=\"530e201\" data-element_type=\"section\">\n\t\t\t\t\t\t<div class=\"elementor-container elementor-column-gap-default\">\n\t\t\t\t\t<div class=\"elementor-column elementor-col-50 elementor-inner-column elementor-element elementor-element-804b9d6\" data-id=\"804b9d6\" data-element_type=\"column\">\n\t\t\t<div class=\"elementor-widget-wrap elementor-element-populated\">\n\t\t\t\t\t\t<div class=\"elementor-element elementor-element-9c49c4c elementor-widget elementor-widget-image\" data-id=\"9c49c4c\" data-element_type=\"widget\" data-widget_type=\"image.default\">\n\t\t\t\t<div class=\"elementor-widget-container\">\n\t\t\t\t\t\t\t\t\t\t\t\t\t\t\t<img decoding=\"async\" width=\"335\" height=\"421\" src=\"https:\/\/www.railscarma.com\/wp-content\/uploads\/2020\/09\/Ruby-on-rails.jpg\" class=\"attachment-large size-large wp-image-32461\" alt=\"\" srcset=\"https:\/\/www.railscarma.com\/wp-content\/uploads\/2020\/09\/Ruby-on-rails.jpg 335w, https:\/\/www.railscarma.com\/wp-content\/uploads\/2020\/09\/Ruby-on-rails-239x300.jpg 239w\" sizes=\"(max-width: 335px) 100vw, 335px\" \/>\t\t\t\t\t\t\t\t\t\t\t\t\t\t\t<\/div>\n\t\t\t\t<\/div>\n\t\t\t\t\t<\/div>\n\t\t<\/div>\n\t\t\t\t<div class=\"elementor-column elementor-col-50 elementor-inner-column elementor-element elementor-element-797fd95\" data-id=\"797fd95\" data-element_type=\"column\">\n\t\t\t<div class=\"elementor-widget-wrap elementor-element-populated\">\n\t\t\t\t\t\t<div class=\"elementor-element elementor-element-ea5334a elementor-widget elementor-widget-text-editor\" data-id=\"ea5334a\" data-element_type=\"widget\" data-widget_type=\"text-editor.default\">\n\t\t\t\t<div class=\"elementor-widget-container\">\n\t\t\t\t\t\t\t\t\t<p class=\"launch-planning\">Launching a new startup enterprise is full of challenges &amp; risks. The present-day \u2018lean startups\u2019, however, advocate \u2018experimentation over planning\u2019 while making the \u2018minimum viable product\u2019 and \u2018pivoting\u2019 the new norm.<\/p><p class=\"launch-planning\">As you also plan to jump on the \u2018lean startup\u2019 bandwagon, choosing the right programming language for your tech startup is just as much important. Apparently, just a technical decision, making the choice of technology is equally a strategic business decision for you.<\/p><p class=\"launch-planning\">Ruby on Rails is one technology that\u2019s been gaining momentum in the last couple of years. Touted as the latest \u2018silver bullet\u2019 in the technology sector, it confers the much sought-after traits of \u2018speed\u2019 &amp; \u2018agility\u2019 upon your \u2018lean startup\u2019.<\/p>\t\t\t\t\t\t\t\t<\/div>\n\t\t\t\t<\/div>\n\t\t\t\t\t<\/div>\n\t\t<\/div>\n\t\t\t\t\t<\/div>\n\t\t<\/section>\n\t\t\t\t<section class=\"elementor-section elementor-inner-section elementor-element elementor-element-2047438 elementor-section-boxed elementor-section-height-default elementor-section-height-default\" data-id=\"2047438\" data-element_type=\"section\">\n\t\t\t\t\t\t<div class=\"elementor-container elementor-column-gap-default\">\n\t\t\t\t\t<div class=\"elementor-column elementor-col-100 elementor-inner-column elementor-element elementor-element-15fbdf1\" data-id=\"15fbdf1\" data-element_type=\"column\">\n\t\t\t<div class=\"elementor-widget-wrap elementor-element-populated\">\n\t\t\t\t\t\t<div class=\"elementor-element elementor-element-6fcc43f elementor-widget elementor-widget-text-editor\" data-id=\"6fcc43f\" data-element_type=\"widget\" data-widget_type=\"text-editor.default\">\n\t\t\t\t<div class=\"elementor-widget-container\">\n\t\t\t\t\t\t\t\t\t<h4 class=\"launch-planning\"><b>Want to know why Ruby on Rails is a safe bet for your upcoming startup?<\/b><\/h4><p class=\"launch-planning\">Download our White Paper for an expert insight into why you should consider Ruby on Rails for your project.<\/p>\t\t\t\t\t\t\t\t<\/div>\n\t\t\t\t<\/div>\n\t\t\t\t\t<\/div>\n\t\t<\/div>\n\t\t\t\t\t<\/div>\n\t\t<\/section>\n\t\t\t\t\t<\/div>\n\t\t<\/div>\n\t\t\t\t\t<\/div>\n\t\t<\/section>\n\t\t\t\t<\/div>","protected":false},"excerpt":{"rendered":"<p>WHITE PAPER Why User Startup Should Use Ruby On Rails Launching a new startup enterprise is full of challenges &amp; risks. The present-day \u2018lean startups\u2019, however, advocate \u2018experimentation over planning\u2019 while making the \u2018minimum viable product\u2019 and \u2018pivoting\u2019 the new norm. As you also plan to jump on the \u2018lean startup\u2019 bandwagon, choosing the right &hellip;<\/p>\n<p class=\"read-more\"> <a class=\"\" href=\"https:\/\/www.railscarma.com\/it\/download-ror-for-startup-whitepaper\/\"> <span class=\"screen-reader-text\">Download ROR For Startup Whitepaper<\/span> Leggi altro \"<\/a><\/p>","protected":false},"author":1,"featured_media":0,"parent":0,"menu_order":0,"comment_status":"closed","ping_status":"closed","template":"","meta":{"footnotes":""},"class_list":["post-32458","page","type-page","status-publish","hentry"],"yoast_head":"<!-- This site is optimized with the Yoast SEO plugin v26.8 - https:\/\/yoast.com\/product\/yoast-seo-wordpress\/ -->\n<title>Download ROR For Startup Whitepaper - RailsCarma - Ruby on Rails Development Company specializing in Offshore Development<\/title>\n<meta name=\"description\" content=\"Want to know why Ruby on Rails is a safe bet for your upcoming startup? Download our White Paper for an expert insight into why you should consider Ruby on Rails for your project.\" \/>\n<meta name=\"robots\" content=\"index, follow, max-snippet:-1, max-image-preview:large, max-video-preview:-1\" \/>\n<link rel=\"canonical\" href=\"https:\/\/www.railscarma.com\/it\/download-ror-for-startup-whitepaper\/\" \/>\n<meta property=\"og:locale\" content=\"it_IT\" \/>\n<meta property=\"og:type\" content=\"article\" \/>\n<meta property=\"og:title\" content=\"Download ROR For Startup Whitepaper - RailsCarma - Ruby on Rails Development Company specializing in Offshore Development\" \/>\n<meta property=\"og:description\" content=\"Want to know why Ruby on Rails is a safe bet for your upcoming startup? Download our White Paper for an expert insight into why you should consider Ruby on Rails for your project.\" \/>\n<meta property=\"og:url\" content=\"https:\/\/www.railscarma.com\/it\/download-ror-for-startup-whitepaper\/\" \/>\n<meta property=\"og:site_name\" content=\"RailsCarma - Ruby on Rails Development Company specializing in Offshore Development\" \/>\n<meta property=\"article:publisher\" content=\"https:\/\/www.facebook.com\/RailsCarma\/\" \/>\n<meta property=\"article:modified_time\" content=\"2022-09-07T08:07:35+00:00\" \/>\n<meta property=\"og:image\" content=\"https:\/\/dev.railscarma.com\/wp-content\/uploads\/2020\/09\/Ruby-on-rails.jpg\" \/>\n<meta name=\"twitter:card\" content=\"summary_large_image\" \/>\n<meta name=\"twitter:site\" content=\"@railscarma\" \/>\n<meta name=\"twitter:label1\" content=\"Tempo di lettura stimato\" \/>\n\t<meta name=\"twitter:data1\" content=\"1 minuto\" \/>\n<script type=\"application\/ld+json\" class=\"yoast-schema-graph\">{\"@context\":\"https:\/\/schema.org\",\"@graph\":[{\"@type\":\"WebPage\",\"@id\":\"https:\/\/www.railscarma.com\/download-ror-for-startup-whitepaper\/\",\"url\":\"https:\/\/www.railscarma.com\/download-ror-for-startup-whitepaper\/\",\"name\":\"Download ROR For Startup Whitepaper - RailsCarma - Ruby on Rails Development Company specializing in Offshore Development\",\"isPartOf\":{\"@id\":\"https:\/\/www.railscarma.com\/#website\"},\"primaryImageOfPage\":{\"@id\":\"https:\/\/www.railscarma.com\/download-ror-for-startup-whitepaper\/#primaryimage\"},\"image\":{\"@id\":\"https:\/\/www.railscarma.com\/download-ror-for-startup-whitepaper\/#primaryimage\"},\"thumbnailUrl\":\"https:\/\/dev.railscarma.com\/wp-content\/uploads\/2020\/09\/Ruby-on-rails.jpg\",\"datePublished\":\"2020-09-22T14:53:03+00:00\",\"dateModified\":\"2022-09-07T08:07:35+00:00\",\"description\":\"Want to know why Ruby on Rails is a safe bet for your upcoming startup? Download our White Paper for an expert insight into why you should consider Ruby on Rails for your project.\",\"breadcrumb\":{\"@id\":\"https:\/\/www.railscarma.com\/download-ror-for-startup-whitepaper\/#breadcrumb\"},\"inLanguage\":\"it-IT\",\"potentialAction\":[{\"@type\":\"ReadAction\",\"target\":[\"https:\/\/www.railscarma.com\/download-ror-for-startup-whitepaper\/\"]}]},{\"@type\":\"ImageObject\",\"inLanguage\":\"it-IT\",\"@id\":\"https:\/\/www.railscarma.com\/download-ror-for-startup-whitepaper\/#primaryimage\",\"url\":\"https:\/\/dev.railscarma.com\/wp-content\/uploads\/2020\/09\/Ruby-on-rails.jpg\",\"contentUrl\":\"https:\/\/dev.railscarma.com\/wp-content\/uploads\/2020\/09\/Ruby-on-rails.jpg\"},{\"@type\":\"BreadcrumbList\",\"@id\":\"https:\/\/www.railscarma.com\/download-ror-for-startup-whitepaper\/#breadcrumb\",\"itemListElement\":[{\"@type\":\"ListItem\",\"position\":1,\"name\":\"Home\",\"item\":\"https:\/\/www.railscarma.com\/\"},{\"@type\":\"ListItem\",\"position\":2,\"name\":\"Download ROR For Startup Whitepaper\"}]},{\"@type\":\"WebSite\",\"@id\":\"https:\/\/www.railscarma.com\/#website\",\"url\":\"https:\/\/www.railscarma.com\/\",\"name\":\"RailsCarma - Ruby on Rails Development Company specializing in Offshore Development\",\"description\":\"RailsCarma is a Ruby on Rails Development Company in Bangalore. We specialize in Offshore Ruby on Rails Development based out in USA and India. Hire experienced Ruby on Rails developers for the ultimate Web Experience.\",\"publisher\":{\"@id\":\"https:\/\/www.railscarma.com\/#organization\"},\"potentialAction\":[{\"@type\":\"SearchAction\",\"target\":{\"@type\":\"EntryPoint\",\"urlTemplate\":\"https:\/\/www.railscarma.com\/?s={search_term_string}\"},\"query-input\":{\"@type\":\"PropertyValueSpecification\",\"valueRequired\":true,\"valueName\":\"search_term_string\"}}],\"inLanguage\":\"it-IT\"},{\"@type\":\"Organization\",\"@id\":\"https:\/\/www.railscarma.com\/#organization\",\"name\":\"RailsCarma\",\"url\":\"https:\/\/www.railscarma.com\/\",\"logo\":{\"@type\":\"ImageObject\",\"inLanguage\":\"it-IT\",\"@id\":\"https:\/\/www.railscarma.com\/#\/schema\/logo\/image\/\",\"url\":\"https:\/\/www.railscarma.com\/wp-content\/uploads\/2020\/08\/railscarma_logo.png\",\"contentUrl\":\"https:\/\/www.railscarma.com\/wp-content\/uploads\/2020\/08\/railscarma_logo.png\",\"width\":200,\"height\":46,\"caption\":\"RailsCarma\"},\"image\":{\"@id\":\"https:\/\/www.railscarma.com\/#\/schema\/logo\/image\/\"},\"sameAs\":[\"https:\/\/www.facebook.com\/RailsCarma\/\",\"https:\/\/x.com\/railscarma\",\"https:\/\/www.linkedin.com\/company\/railscarma\/\",\"https:\/\/myspace.com\/railscarma\",\"https:\/\/in.pinterest.com\/railscarma\/\",\"https:\/\/www.youtube.com\/channel\/UCx3Wil-aAnDARuatTEyMdpg\"]}]}<\/script>\n<!-- \/ Yoast SEO plugin. -->","yoast_head_json":{"title":"Download ROR For Startup Whitepaper - RailsCarma - Ruby on Rails Development Company specializing in Offshore Development","description":"Want to know why Ruby on Rails is a safe bet for your upcoming startup? Download our White Paper for an expert insight into why you should consider Ruby on Rails for your project.","robots":{"index":"index","follow":"follow","max-snippet":"max-snippet:-1","max-image-preview":"max-image-preview:large","max-video-preview":"max-video-preview:-1"},"canonical":"https:\/\/www.railscarma.com\/it\/download-ror-for-startup-whitepaper\/","og_locale":"it_IT","og_type":"article","og_title":"Download ROR For Startup Whitepaper - RailsCarma - Ruby on Rails Development Company specializing in Offshore Development","og_description":"Want to know why Ruby on Rails is a safe bet for your upcoming startup? Download our White Paper for an expert insight into why you should consider Ruby on Rails for your project.","og_url":"https:\/\/www.railscarma.com\/it\/download-ror-for-startup-whitepaper\/","og_site_name":"RailsCarma - Ruby on Rails Development Company specializing in Offshore Development","article_publisher":"https:\/\/www.facebook.com\/RailsCarma\/","article_modified_time":"2022-09-07T08:07:35+00:00","og_image":[{"url":"https:\/\/dev.railscarma.com\/wp-content\/uploads\/2020\/09\/Ruby-on-rails.jpg","type":"","width":"","height":""}],"twitter_card":"summary_large_image","twitter_site":"@railscarma","twitter_misc":{"Tempo di lettura stimato":"1 minuto"},"schema":{"@context":"https:\/\/schema.org","@graph":[{"@type":"WebPage","@id":"https:\/\/www.railscarma.com\/download-ror-for-startup-whitepaper\/","url":"https:\/\/www.railscarma.com\/download-ror-for-startup-whitepaper\/","name":"Download ROR For Startup Whitepaper - RailsCarma - Ruby on Rails Development Company specializing in Offshore Development","isPartOf":{"@id":"https:\/\/www.railscarma.com\/#website"},"primaryImageOfPage":{"@id":"https:\/\/www.railscarma.com\/download-ror-for-startup-whitepaper\/#primaryimage"},"image":{"@id":"https:\/\/www.railscarma.com\/download-ror-for-startup-whitepaper\/#primaryimage"},"thumbnailUrl":"https:\/\/dev.railscarma.com\/wp-content\/uploads\/2020\/09\/Ruby-on-rails.jpg","datePublished":"2020-09-22T14:53:03+00:00","dateModified":"2022-09-07T08:07:35+00:00","description":"Want to know why Ruby on Rails is a safe bet for your upcoming startup? Download our White Paper for an expert insight into why you should consider Ruby on Rails for your project.","breadcrumb":{"@id":"https:\/\/www.railscarma.com\/download-ror-for-startup-whitepaper\/#breadcrumb"},"inLanguage":"it-IT","potentialAction":[{"@type":"ReadAction","target":["https:\/\/www.railscarma.com\/download-ror-for-startup-whitepaper\/"]}]},{"@type":"ImageObject","inLanguage":"it-IT","@id":"https:\/\/www.railscarma.com\/download-ror-for-startup-whitepaper\/#primaryimage","url":"https:\/\/dev.railscarma.com\/wp-content\/uploads\/2020\/09\/Ruby-on-rails.jpg","contentUrl":"https:\/\/dev.railscarma.com\/wp-content\/uploads\/2020\/09\/Ruby-on-rails.jpg"},{"@type":"BreadcrumbList","@id":"https:\/\/www.railscarma.com\/download-ror-for-startup-whitepaper\/#breadcrumb","itemListElement":[{"@type":"ListItem","position":1,"name":"Home","item":"https:\/\/www.railscarma.com\/"},{"@type":"ListItem","position":2,"name":"Download ROR For Startup Whitepaper"}]},{"@type":"WebSite","@id":"https:\/\/www.railscarma.com\/#website","url":"https:\/\/www.railscarma.com\/","name":"RailsCarma - Societ\u00e0 di sviluppo Ruby on Rails specializzata nello sviluppo offshore","description":"RailsCarma \u00e8 una societ\u00e0 di sviluppo Ruby on Rails a Bangalore. Siamo specializzati nello sviluppo offshore di Ruby on Rails con sede negli Stati Uniti e in India. Assumi sviluppatori esperti di Ruby on Rails per la migliore esperienza Web.","publisher":{"@id":"https:\/\/www.railscarma.com\/#organization"},"potentialAction":[{"@type":"SearchAction","target":{"@type":"EntryPoint","urlTemplate":"https:\/\/www.railscarma.com\/?s={search_term_string}"},"query-input":{"@type":"PropertyValueSpecification","valueRequired":true,"valueName":"search_term_string"}}],"inLanguage":"it-IT"},{"@type":"Organization","@id":"https:\/\/www.railscarma.com\/#organization","name":"RailsCarma","url":"https:\/\/www.railscarma.com\/","logo":{"@type":"ImageObject","inLanguage":"it-IT","@id":"https:\/\/www.railscarma.com\/#\/schema\/logo\/image\/","url":"https:\/\/www.railscarma.com\/wp-content\/uploads\/2020\/08\/railscarma_logo.png","contentUrl":"https:\/\/www.railscarma.com\/wp-content\/uploads\/2020\/08\/railscarma_logo.png","width":200,"height":46,"caption":"RailsCarma"},"image":{"@id":"https:\/\/www.railscarma.com\/#\/schema\/logo\/image\/"},"sameAs":["https:\/\/www.facebook.com\/RailsCarma\/","https:\/\/x.com\/railscarma","https:\/\/www.linkedin.com\/company\/railscarma\/","https:\/\/myspace.com\/railscarma","https:\/\/in.pinterest.com\/railscarma\/","https:\/\/www.youtube.com\/channel\/UCx3Wil-aAnDARuatTEyMdpg"]}]}},"amp_enabled":false,"_links":{"self":[{"href":"https:\/\/www.railscarma.com\/it\/wp-json\/wp\/v2\/pages\/32458","targetHints":{"allow":["GET"]}}],"collection":[{"href":"https:\/\/www.railscarma.com\/it\/wp-json\/wp\/v2\/pages"}],"about":[{"href":"https:\/\/www.railscarma.com\/it\/wp-json\/wp\/v2\/types\/page"}],"author":[{"embeddable":true,"href":"https:\/\/www.railscarma.com\/it\/wp-json\/wp\/v2\/users\/1"}],"replies":[{"embeddable":true,"href":"https:\/\/www.railscarma.com\/it\/wp-json\/wp\/v2\/comments?post=32458"}],"version-history":[{"count":0,"href":"https:\/\/www.railscarma.com\/it\/wp-json\/wp\/v2\/pages\/32458\/revisions"}],"wp:attachment":[{"href":"https:\/\/www.railscarma.com\/it\/wp-json\/wp\/v2\/media?parent=32458"}],"curies":[{"name":"wp","href":"https:\/\/api.w.org\/{rel}","templated":true}]}}