{"id":32416,"date":"2020-09-22T09:44:55","date_gmt":"2020-09-22T09:44:55","guid":{"rendered":"https:\/\/dev.railscarma.com\/?page_id=32416"},"modified":"2025-02-21T11:15:13","modified_gmt":"2025-02-21T11:15:13","slug":"estimate-project","status":"publish","type":"page","link":"https:\/\/www.railscarma.com\/sv\/estimate-project\/","title":{"rendered":"Estimate Project"},"content":{"rendered":"<div data-elementor-type=\"wp-page\" data-elementor-id=\"32416\" class=\"elementor elementor-32416\" data-elementor-post-type=\"page\">\n\t\t\t\t\t\t<section class=\"elementor-section elementor-top-section elementor-element elementor-element-1757f8a1 elementor-section-stretched elementor-section-boxed elementor-section-height-default elementor-section-height-default\" data-id=\"1757f8a1\" data-element_type=\"section\" data-settings=\"{&quot;stretch_section&quot;:&quot;section-stretched&quot;,&quot;background_background&quot;:&quot;classic&quot;}\">\n\t\t\t\t\t\t\t<div class=\"elementor-background-overlay\"><\/div>\n\t\t\t\t\t\t\t<div class=\"elementor-container elementor-column-gap-default\">\n\t\t\t\t\t<div class=\"elementor-column elementor-col-100 elementor-top-column elementor-element elementor-element-62880d31\" data-id=\"62880d31\" data-element_type=\"column\">\n\t\t\t<div class=\"elementor-widget-wrap elementor-element-populated\">\n\t\t\t\t\t\t<div class=\"elementor-element elementor-element-40d3620 elementor-view-default elementor-widget elementor-widget-icon\" data-id=\"40d3620\" data-element_type=\"widget\" data-widget_type=\"icon.default\">\n\t\t\t\t<div class=\"elementor-widget-container\">\n\t\t\t\t\t\t\t<div class=\"elementor-icon-wrapper\">\n\t\t\t<div class=\"elementor-icon\">\n\t\t\t<i aria-hidden=\"true\" class=\"fas fa-quote-left\"><\/i>\t\t\t<\/div>\n\t\t<\/div>\n\t\t\t\t\t\t<\/div>\n\t\t\t\t<\/div>\n\t\t\t\t<div class=\"elementor-element elementor-element-d8b4d10 elementor-widget elementor-widget-heading\" data-id=\"d8b4d10\" data-element_type=\"widget\" data-widget_type=\"heading.default\">\n\t\t\t\t<div class=\"elementor-widget-container\">\n\t\t\t\t\t<h2 class=\"elementor-heading-title elementor-size-default\">Great Apps are not borne, they are created with great user experience, well defined customer journeys and flexible scalable code and product architecture.<\/h2>\t\t\t\t<\/div>\n\t\t\t\t<\/div>\n\t\t\t\t<div class=\"elementor-element elementor-element-9bdb45d elementor-view-default elementor-widget elementor-widget-icon\" data-id=\"9bdb45d\" data-element_type=\"widget\" data-widget_type=\"icon.default\">\n\t\t\t\t<div class=\"elementor-widget-container\">\n\t\t\t\t\t\t\t<div class=\"elementor-icon-wrapper\">\n\t\t\t<div class=\"elementor-icon\">\n\t\t\t<i aria-hidden=\"true\" class=\"fas fa-quote-right\"><\/i>\t\t\t<\/div>\n\t\t<\/div>\n\t\t\t\t\t\t<\/div>\n\t\t\t\t<\/div>\n\t\t\t\t\t<\/div>\n\t\t<\/div>\n\t\t\t\t\t<\/div>\n\t\t<\/section>\n\t\t\t\t<section class=\"elementor-section elementor-top-section elementor-element elementor-element-6bd34cc elementor-section-boxed elementor-section-height-default elementor-section-height-default\" data-id=\"6bd34cc\" data-element_type=\"section\">\n\t\t\t\t\t\t<div class=\"elementor-container elementor-column-gap-default\">\n\t\t\t\t\t<div class=\"elementor-column elementor-col-100 elementor-top-column elementor-element elementor-element-c880b56\" data-id=\"c880b56\" data-element_type=\"column\">\n\t\t\t<div class=\"elementor-widget-wrap elementor-element-populated\">\n\t\t\t\t\t\t<div class=\"elementor-element elementor-element-db68c59 uael-heading-align-center elementor-widget elementor-widget-uael-advanced-heading\" data-id=\"db68c59\" data-element_type=\"widget\" data-widget_type=\"uael-advanced-heading.default\">\n\t\t\t\t<div class=\"elementor-widget-container\">\n\t\t\t\t\t\n\t\t<div class=\"uael-module-content uael-heading-wrapper\">\n\t\t\t\t\t\t\n\t\t\t<h1 class=\"uael-heading\">\n\t\t\t\t\t\t\t\t\t\t<span class=\"uael-heading-text elementor-inline-editing uael-size--default\" data-elementor-setting-key=\"heading_title\" data-elementor-inline-editing-toolbar=\"basic\">Get An Estimate<\/span>\n\t\t\t\t\t\t\t<\/h1>\n\n\t\t\t\n\t\t\t\t\t\t<div class=\"uael-module-content uael-separator-parent\">\n\t\t\t\t\t\t\t\t\t\t\t\t\t<div class=\"uael-separator\"><\/div>\n\t\t\t\t\t\t\t<\/div>\n\t\t\t\n\t\t\t\t\t\t\t<div class=\"uael-subheading elementor-inline-editing\" data-elementor-setting-key=\"heading_description\" data-elementor-inline-editing-toolbar=\"advanced\" >\n\t\t\t\t\tFill out this simple form. Our team will contact you promptly to discuss next steps.\t\t\t\t<\/div>\n\t\t\t\t\n\t\t\t\t\t\t<\/div>\n\t\t\t\t\t\t<\/div>\n\t\t\t\t<\/div>\n\t\t\t\t<div class=\"elementor-element elementor-element-4707579 getestimate-form elementor-widget elementor-widget-text-editor\" data-id=\"4707579\" data-element_type=\"widget\" data-widget_type=\"text-editor.default\">\n\t\t\t\t<div class=\"elementor-widget-container\">\n\t\t\t\t\t\t\t\t\t<div id=\"crmWebToEntityForm\" style=\"width: 600px; margin: auto;\"><script src='https:\/\/www.google.com\/recaptcha\/api.js' async defer><\/script><form id=\"webform863470000038040235\" accept-charset=\"UTF-8\" action=\"https:\/\/crm.zoho.in\/crm\/WebToLeadForm\" method=\"POST\" name=\"WebToLeads863470000038040235\"><input style=\"display: none;\" name=\"xnQsjsdp\" type=\"text\" value=\"2ac2f905706071c2e0a1eff298ad6b12ad5eca1ca146c8087b7d0f0d059b54ef\" \/>\n<input id=\"zc_gad\" name=\"zc_gad\" type=\"hidden\" value=\"\" \/>\n<input style=\"display: none;\" name=\"xmIwtLD\" type=\"text\" value=\"87f1fcb1d487402fab334b0a31d02d39db239bdfcd9565b1b725924685d8b0c430ed70659494480ac09dc5546d742ce6\" \/>\n<input style=\"display: none;\" name=\"actionType\" type=\"text\" value=\"TGVhZHM=\" \/>\n<input style=\"display: none;\" name=\"returnURL\" type=\"text\" value=\"https:\/\/www.railscarma.com\/thank-you\" \/><!-- Do not remove this code. -->\n\n<style>\n      #crmWebToEntityForm tr, #crmWebToEntityForm td {<br \/>\n        padding: 15px 6px 15px 6px;<br \/>\n        border-spacing: 0px;<br \/>\n        border-width: 0px;<br \/>\n        font-family: \"Montserrat\", Sans-serif;<br \/>\n        font-weight: 600;<br \/>\n      }<br \/>\n      select {<br \/>\n        background: #f4f4f4;<br \/>\n      }<br \/>\n      textarea {<br \/>\n        background: #f4f4f4;<br \/>\n      }<br \/>\n      input[type=text] {<br \/>\n        background: #f4f4f4;<br \/>\n      }<br \/>\n    <\/style>\n<table style=\"width: 600px; background-color: white; color: black;\">\n<tbody>\n<tr>\n<td style=\"color: black; font-size: 16px; word-break: break-word;\" colspan=\"2\" align=\"left\"><\/td>\n<\/tr>\n<tr>\n<td style=\"word-break: break-word; text-align: left; font-size: 16px; width: 50%;\">What are the platforms used by your product<span style=\"color: red;\">*<\/span><\/td>\n<td style=\"width: 50%;\"><select style=\"width: 100%; box-sizing: border-box;\" name=\"LEADCF10\">\n<option value=\"Web\">Web<\/option>\n<option value=\"Mobile\">Mobil<\/option>\n<option value=\"Other\">Other<\/option>\n<\/select><\/td>\n<\/tr>\n<tr>\n<td style=\"word-break: break-word; text-align: left; font-size: 16px; width: 50%;\">What is the type of your project?<span style=\"color: red;\">*<\/span><\/td>\n<td style=\"width: 50%;\"><select style=\"width: 100%; box-sizing: border-box;\" name=\"LEADCF9\">\n<option value=\"-None-\">-Ingen-<\/option>\n<option value=\"Web Design\">Webbdesign<\/option>\n<option value=\"New Product Creation\">New Product Creation<\/option>\n<option value=\"Custom App Development\">Anpassad apputveckling<\/option>\n<option value=\"Ecommerce App\">Ecommerce App<\/option>\n<option value=\"ERP\">ERP<\/option>\n<option value=\"AI\">AI<\/option>\n<option value=\"IoT\">IoT<\/option>\n<option value=\"Rails Migration\">R\u00e4ls migration<\/option>\n<\/select><\/td>\n<\/tr>\n<tr>\n<td style=\"word-break: break-word; text-align: left; font-size: 16px; width: 50%;\">Do you have an existing website?<\/td>\n<td style=\"width: 50%;\"><input style=\"width: 100%; box-sizing: border-box;\" maxlength=\"450\" name=\"LEADCF12\" type=\"text\" \/><\/td>\n<\/tr>\n<tr>\n<td style=\"word-break: break-word; text-align: left; font-size: 16px; width: 50%;\">Do you have reference apps or links?<\/td>\n<td style=\"width: 50%;\"><textarea style=\"width: 100%;\" maxlength=\"2000\" name=\"LEADCF11\"><\/textarea><\/td>\n<\/tr>\n<tr>\n<td style=\"word-break: break-word; text-align: left; font-size: 16px; width: 50%;\">Give us a brief description about your requirement<span style=\"color: red;\">*<\/span><\/td>\n<td style=\"width: 50%;\"><textarea style=\"width: 100%;\" maxlength=\"32000\" name=\"Description\"><\/textarea><\/td>\n<\/tr>\n<tr>\n<td style=\"word-break: break-word; text-align: left; font-size: 16px; width: 50%;\">namn<span style=\"color: red;\">*<\/span><\/td>\n<td style=\"width: 50%;\"><input style=\"width: 100%; box-sizing: border-box;\" maxlength=\"80\" name=\"Last Name\" type=\"text\" \/><\/td>\n<\/tr>\n<tr>\n<td style=\"word-break: break-word; text-align: left; font-size: 16px; width: 50%;\">Phone<span style=\"color: red;\">*<\/span><\/td>\n<td style=\"width: 50%;\"><input style=\"width: 100%; box-sizing: border-box;\" maxlength=\"30\" name=\"Phone\" type=\"text\" \/><\/td>\n<\/tr>\n<tr>\n<td style=\"word-break: break-word; text-align: left; font-size: 16px; width: 50%;\">Email<span style=\"color: red;\">*<\/span><\/td>\n<td style=\"width: 50%;\"><input style=\"width: 100%; box-sizing: border-box;\" maxlength=\"100\" name=\"Email\" type=\"text\" \/><\/td>\n<\/tr>\n<tr>\n<td style=\"word-break: break-word; text-align: left; font-size: 16px; width: 50%;\">F\u00f6retag<span style=\"color: red;\">*<\/span><\/td>\n<td style=\"width: 50%;\"><input style=\"width: 100%; box-sizing: border-box;\" maxlength=\"200\" name=\"Company\" type=\"text\" \/><\/td>\n<\/tr>\n<tr style=\"display: none;\">\n<td style=\"word-break: break-word; text-align: left; font-size: 16px; width: 50%;\">varum\u00e4rke<\/td>\n<td style=\"width: 50%;\"><select style=\"width: 100%; box-sizing: border-box;\" name=\"LEADCF3\">\n<option value=\"-None-\">-Ingen-<\/option>\n<option value=\"Carmatec\">Carmatec<\/option>\n<option value=\"Carmatec Global\">Carmatec Global<\/option>\n<option selected=\"selected\" value=\"RailsCarma\">RailsCarma<\/option>\n<option value=\"Carmatec Qatar\">Carmatec Qatar<\/option>\n<option value=\"InstaCarma\">InstaCarma<\/option>\n<option value=\"Colorcuboid\">Colorcuboid<\/option>\n<option value=\"Carmatec IN\">Carmatec IN<\/option>\n<option value=\"AeroCart\">AeroCart<\/option>\n<option value=\"Bitgenics\">Bitgenics<\/option>\n<\/select><\/td>\n<\/tr>\n<tr>\n<td><\/td>\n<td>\n<div id=\"recap\" class=\"g-recaptcha\" data-sitekey=\"6LeIyMgZAAAAALrpTVDk14WWwCLq2Ycp8i3XmIHI\" data-theme=\"light\" data-callback=\"rccallback863470000038040235\"><\/div>\n<div id=\"recapErr863470000038040235\" style=\"font-size: 12px; color: red; visibility: hidden;\">Captcha-validering misslyckades. Om du inte \u00e4r en robot, f\u00f6rs\u00f6k igen.<\/div><\/td>\n<\/tr>\n<tr>\n<td class=\"estimateform-btns\" style=\"text-align: center; padding-top: 15px; font-size: 16px;\" colspan=\"2\"><input id=\"formsubmit\" style=\"margin-right: 5px; cursor: pointer; font-size: 16px; color: #000;\" type=\"submit\" value=\"Skicka in\" \/>\n<input style=\"cursor: pointer; font-size: 16px; color: #000;\" name=\"reset\" type=\"reset\" value=\"\u00c5terst\u00e4lla\" \/><\/td>\n<\/tr>\n<\/tbody>\n<\/table>\n<script>\n      var mndFileds = new Array('Company', 'Last Name', 'Email', 'Phone', 'Description', 'LEADCF9', 'LEADCF10');\n      var fldLangVal = new Array('Company', 'Name', 'Email', 'Phone', 'Give us a brief description about your requirement', 'What is the type of your project?', 'What are the platforms used by your product');\n\n      function rccallback863470000038040235() {\n        if (document.getElementById('recap') != undefined) {\n          document.getElementById('recap').setAttribute('captcha-verified', true);\n        }\n        if (document.getElementById('recapErr863470000038040235') != undefined && document.getElementById('recapErr863470000038040235').style.visibility == 'visible') {\n          document.getElementById('recapErr863470000038040235').style.visibility = 'hidden';\n        }\n      }\n\n      function reCaptchaAlert863470000038040235() {\n        var recap = document.getElementById('recap');\n        if (recap != undefined && recap.getAttribute('captcha-verified') == 'false') {\n          document.getElementById('recapErr863470000038040235').style.visibility = 'visible';\n          return false;\n        }\n        return true;\n      }\n\n      function validateEmail863470000038040235() {\n        var emailFld = document.querySelectorAll('[ftype=email]');\n        var i;\n        for (i = 0; i < emailFld.length; i++) {\n          var emailVal = emailFld[i].value;\n          if ((emailVal.replace(\/^\\s+|\\s+$\/g, '')).length != 0) {\n            var atpos = emailVal.indexOf('@');\n            var dotpos = emailVal.lastIndexOf('.');\n            if (atpos < 1 || dotpos < atpos + 2 || dotpos + 2 >= emailVal.length) {\n              alert('Please enter a valid email address. ');\n              emailFld[i].focus();\n              return false;\n            }\n          }\n        }\n        return true;\n      }\n\n      function checkMandatory863470000038040235() {\n        for (i = 0; i < mndFileds.length; i++) {\n          var fieldObj = document.forms['WebToLeads863470000038040235'][mndFileds[i]];\n          if (fieldObj) {\n            if (((fieldObj.value).replace(\/^\\s+|\\s+$\/g, '')).length == 0) {\n              if (fieldObj.type == 'file') {\n                alert('Please select a file to upload.');\n                fieldObj.focus();\n                return false;\n              }\n              alert(fldLangVal[i] + ' cannot be empty.');\n              fieldObj.focus();\n              return false;\n            } else if (fieldObj.nodeName == 'SELECT') {\n              if (fieldObj.options[fieldObj.selectedIndex].value == '-None-') {\n                alert(fldLangVal[i] + ' cannot be none.');\n                fieldObj.focus();\n                return false;\n              }\n            } else if (fieldObj.type == 'checkbox') {\n              if (fieldObj.checked == false) {\n                alert('Please accept  ' + fldLangVal[i]);\n                fieldObj.focus();\n                return false;\n              }\n            }\n            try {\n              if (fieldObj.name == 'Last Name') {\n                name = fieldObj.value;\n              }\n            } catch (e) {}\n          }\n        }\n        if (!validateEmail863470000038040235()) { return false; }\n        if (!reCaptchaAlert863470000038040235()) { return false; }\n      }\n    <\/script>\n\n<\/form><\/div>\t\t\t\t\t\t\t\t<\/div>\n\t\t\t\t<\/div>\n\t\t\t\t\t<\/div>\n\t\t<\/div>\n\t\t\t\t\t<\/div>\n\t\t<\/section>\n\t\t\t\t<\/div>","protected":false},"excerpt":{"rendered":"<p>Great Apps are not borne, they are created with great user experience, well defined customer journeys and flexible scalable code and product architecture. Get An Estimate Fill out this simple form. Our team will contact you promptly to discuss next steps. What are the platforms used by your product* WebMobileOther What is the type of &hellip;<\/p>\n<p class=\"read-more\"> <a class=\"\" href=\"https:\/\/www.railscarma.com\/sv\/estimate-project\/\"> <span class=\"screen-reader-text\">Estimate Project<\/span> L\u00e4s mer \u00bb<\/a><\/p>","protected":false},"author":1,"featured_media":0,"parent":0,"menu_order":0,"comment_status":"closed","ping_status":"closed","template":"","meta":{"footnotes":""},"class_list":["post-32416","page","type-page","status-publish","hentry"],"yoast_head":"<!-- This site is optimized with the Yoast SEO plugin v26.8 - https:\/\/yoast.com\/product\/yoast-seo-wordpress\/ -->\n<title>Estimate Project - RailsCarma - Ruby on Rails Development Company specializing in Offshore Development<\/title>\n<meta name=\"description\" content=\"Get an estimate of your project by filling out this simple form. Our team will contact you promptly to discuss the next steps.\" \/>\n<meta name=\"robots\" content=\"index, follow, max-snippet:-1, max-image-preview:large, max-video-preview:-1\" \/>\n<link rel=\"canonical\" href=\"https:\/\/www.railscarma.com\/sv\/estimate-project\/\" \/>\n<meta property=\"og:locale\" content=\"sv_SE\" \/>\n<meta property=\"og:type\" content=\"article\" \/>\n<meta property=\"og:title\" content=\"Estimate Project - RailsCarma - Ruby on Rails Development Company specializing in Offshore Development\" \/>\n<meta property=\"og:description\" content=\"Get an estimate of your project by filling out this simple form. Our team will contact you promptly to discuss the next steps.\" \/>\n<meta property=\"og:url\" content=\"https:\/\/www.railscarma.com\/sv\/estimate-project\/\" \/>\n<meta property=\"og:site_name\" content=\"RailsCarma - Ruby on Rails Development Company specializing in Offshore Development\" \/>\n<meta property=\"article:publisher\" content=\"https:\/\/www.facebook.com\/RailsCarma\/\" \/>\n<meta property=\"article:modified_time\" content=\"2025-02-21T11:15:13+00:00\" \/>\n<meta property=\"og:image\" content=\"https:\/\/www.railscarma.com\/wp-content\/uploads\/2022\/09\/Ruby-on-Rails-Development-Company.jpg\" \/>\n\t<meta property=\"og:image:width\" content=\"1200\" \/>\n\t<meta property=\"og:image:height\" content=\"628\" \/>\n\t<meta property=\"og:image:type\" content=\"image\/jpeg\" \/>\n<meta name=\"twitter:card\" content=\"summary_large_image\" \/>\n<meta name=\"twitter:site\" content=\"@railscarma\" \/>\n<meta name=\"twitter:label1\" content=\"Ber\u00e4knad l\u00e4stid\" \/>\n\t<meta name=\"twitter:data1\" content=\"1 minut\" \/>\n<script type=\"application\/ld+json\" class=\"yoast-schema-graph\">{\"@context\":\"https:\/\/schema.org\",\"@graph\":[{\"@type\":\"WebPage\",\"@id\":\"https:\/\/www.railscarma.com\/estimate-project\/\",\"url\":\"https:\/\/www.railscarma.com\/estimate-project\/\",\"name\":\"Estimate Project - RailsCarma - Ruby on Rails Development Company specializing in Offshore Development\",\"isPartOf\":{\"@id\":\"https:\/\/www.railscarma.com\/#website\"},\"datePublished\":\"2020-09-22T09:44:55+00:00\",\"dateModified\":\"2025-02-21T11:15:13+00:00\",\"description\":\"Get an estimate of your project by filling out this simple form. Our team will contact you promptly to discuss the next steps.\",\"breadcrumb\":{\"@id\":\"https:\/\/www.railscarma.com\/estimate-project\/#breadcrumb\"},\"inLanguage\":\"sv-SE\",\"potentialAction\":[{\"@type\":\"ReadAction\",\"target\":[\"https:\/\/www.railscarma.com\/estimate-project\/\"]}]},{\"@type\":\"BreadcrumbList\",\"@id\":\"https:\/\/www.railscarma.com\/estimate-project\/#breadcrumb\",\"itemListElement\":[{\"@type\":\"ListItem\",\"position\":1,\"name\":\"Home\",\"item\":\"https:\/\/www.railscarma.com\/\"},{\"@type\":\"ListItem\",\"position\":2,\"name\":\"Estimate Project\"}]},{\"@type\":\"WebSite\",\"@id\":\"https:\/\/www.railscarma.com\/#website\",\"url\":\"https:\/\/www.railscarma.com\/\",\"name\":\"RailsCarma - Ruby on Rails Development Company specializing in Offshore Development\",\"description\":\"RailsCarma is a Ruby on Rails Development Company in Bangalore. We specialize in Offshore Ruby on Rails Development based out in USA and India. Hire experienced Ruby on Rails developers for the ultimate Web Experience.\",\"publisher\":{\"@id\":\"https:\/\/www.railscarma.com\/#organization\"},\"potentialAction\":[{\"@type\":\"SearchAction\",\"target\":{\"@type\":\"EntryPoint\",\"urlTemplate\":\"https:\/\/www.railscarma.com\/?s={search_term_string}\"},\"query-input\":{\"@type\":\"PropertyValueSpecification\",\"valueRequired\":true,\"valueName\":\"search_term_string\"}}],\"inLanguage\":\"sv-SE\"},{\"@type\":\"Organization\",\"@id\":\"https:\/\/www.railscarma.com\/#organization\",\"name\":\"RailsCarma\",\"url\":\"https:\/\/www.railscarma.com\/\",\"logo\":{\"@type\":\"ImageObject\",\"inLanguage\":\"sv-SE\",\"@id\":\"https:\/\/www.railscarma.com\/#\/schema\/logo\/image\/\",\"url\":\"https:\/\/www.railscarma.com\/wp-content\/uploads\/2020\/08\/railscarma_logo.png\",\"contentUrl\":\"https:\/\/www.railscarma.com\/wp-content\/uploads\/2020\/08\/railscarma_logo.png\",\"width\":200,\"height\":46,\"caption\":\"RailsCarma\"},\"image\":{\"@id\":\"https:\/\/www.railscarma.com\/#\/schema\/logo\/image\/\"},\"sameAs\":[\"https:\/\/www.facebook.com\/RailsCarma\/\",\"https:\/\/x.com\/railscarma\",\"https:\/\/www.linkedin.com\/company\/railscarma\/\",\"https:\/\/myspace.com\/railscarma\",\"https:\/\/in.pinterest.com\/railscarma\/\",\"https:\/\/www.youtube.com\/channel\/UCx3Wil-aAnDARuatTEyMdpg\"]}]}<\/script>\n<!-- \/ Yoast SEO plugin. -->","yoast_head_json":{"title":"Estimate Project - RailsCarma - Ruby on Rails Development Company specializing in Offshore Development","description":"Get an estimate of your project by filling out this simple form. Our team will contact you promptly to discuss the next steps.","robots":{"index":"index","follow":"follow","max-snippet":"max-snippet:-1","max-image-preview":"max-image-preview:large","max-video-preview":"max-video-preview:-1"},"canonical":"https:\/\/www.railscarma.com\/sv\/estimate-project\/","og_locale":"sv_SE","og_type":"article","og_title":"Estimate Project - RailsCarma - Ruby on Rails Development Company specializing in Offshore Development","og_description":"Get an estimate of your project by filling out this simple form. Our team will contact you promptly to discuss the next steps.","og_url":"https:\/\/www.railscarma.com\/sv\/estimate-project\/","og_site_name":"RailsCarma - Ruby on Rails Development Company specializing in Offshore Development","article_publisher":"https:\/\/www.facebook.com\/RailsCarma\/","article_modified_time":"2025-02-21T11:15:13+00:00","og_image":[{"width":1200,"height":628,"url":"https:\/\/www.railscarma.com\/wp-content\/uploads\/2022\/09\/Ruby-on-Rails-Development-Company.jpg","type":"image\/jpeg"}],"twitter_card":"summary_large_image","twitter_site":"@railscarma","twitter_misc":{"Ber\u00e4knad l\u00e4stid":"1 minut"},"schema":{"@context":"https:\/\/schema.org","@graph":[{"@type":"WebPage","@id":"https:\/\/www.railscarma.com\/estimate-project\/","url":"https:\/\/www.railscarma.com\/estimate-project\/","name":"Estimate Project - RailsCarma - Ruby on Rails Development Company specializing in Offshore Development","isPartOf":{"@id":"https:\/\/www.railscarma.com\/#website"},"datePublished":"2020-09-22T09:44:55+00:00","dateModified":"2025-02-21T11:15:13+00:00","description":"Get an estimate of your project by filling out this simple form. Our team will contact you promptly to discuss the next steps.","breadcrumb":{"@id":"https:\/\/www.railscarma.com\/estimate-project\/#breadcrumb"},"inLanguage":"sv-SE","potentialAction":[{"@type":"ReadAction","target":["https:\/\/www.railscarma.com\/estimate-project\/"]}]},{"@type":"BreadcrumbList","@id":"https:\/\/www.railscarma.com\/estimate-project\/#breadcrumb","itemListElement":[{"@type":"ListItem","position":1,"name":"Home","item":"https:\/\/www.railscarma.com\/"},{"@type":"ListItem","position":2,"name":"Estimate Project"}]},{"@type":"WebSite","@id":"https:\/\/www.railscarma.com\/#website","url":"https:\/\/www.railscarma.com\/","name":"RailsCarma - Ruby on Rails Development Company specialiserat p\u00e5 Offshore Development","description":"RailsCarma \u00e4r ett Ruby on Rails Development Company i Bangalore. Vi \u00e4r specialiserade p\u00e5 Offshore Ruby on Rails Development baserat i USA och Indien. Anst\u00e4ll erfarna Ruby on Rails-utvecklare f\u00f6r den ultimata webbupplevelsen.","publisher":{"@id":"https:\/\/www.railscarma.com\/#organization"},"potentialAction":[{"@type":"SearchAction","target":{"@type":"EntryPoint","urlTemplate":"https:\/\/www.railscarma.com\/?s={search_term_string}"},"query-input":{"@type":"PropertyValueSpecification","valueRequired":true,"valueName":"search_term_string"}}],"inLanguage":"sv-SE"},{"@type":"Organization","@id":"https:\/\/www.railscarma.com\/#organization","name":"RailsCarma","url":"https:\/\/www.railscarma.com\/","logo":{"@type":"ImageObject","inLanguage":"sv-SE","@id":"https:\/\/www.railscarma.com\/#\/schema\/logo\/image\/","url":"https:\/\/www.railscarma.com\/wp-content\/uploads\/2020\/08\/railscarma_logo.png","contentUrl":"https:\/\/www.railscarma.com\/wp-content\/uploads\/2020\/08\/railscarma_logo.png","width":200,"height":46,"caption":"RailsCarma"},"image":{"@id":"https:\/\/www.railscarma.com\/#\/schema\/logo\/image\/"},"sameAs":["https:\/\/www.facebook.com\/RailsCarma\/","https:\/\/x.com\/railscarma","https:\/\/www.linkedin.com\/company\/railscarma\/","https:\/\/myspace.com\/railscarma","https:\/\/in.pinterest.com\/railscarma\/","https:\/\/www.youtube.com\/channel\/UCx3Wil-aAnDARuatTEyMdpg"]}]}},"amp_enabled":false,"_links":{"self":[{"href":"https:\/\/www.railscarma.com\/sv\/wp-json\/wp\/v2\/pages\/32416","targetHints":{"allow":["GET"]}}],"collection":[{"href":"https:\/\/www.railscarma.com\/sv\/wp-json\/wp\/v2\/pages"}],"about":[{"href":"https:\/\/www.railscarma.com\/sv\/wp-json\/wp\/v2\/types\/page"}],"author":[{"embeddable":true,"href":"https:\/\/www.railscarma.com\/sv\/wp-json\/wp\/v2\/users\/1"}],"replies":[{"embeddable":true,"href":"https:\/\/www.railscarma.com\/sv\/wp-json\/wp\/v2\/comments?post=32416"}],"version-history":[{"count":0,"href":"https:\/\/www.railscarma.com\/sv\/wp-json\/wp\/v2\/pages\/32416\/revisions"}],"wp:attachment":[{"href":"https:\/\/www.railscarma.com\/sv\/wp-json\/wp\/v2\/media?parent=32416"}],"curies":[{"name":"wp","href":"https:\/\/api.w.org\/{rel}","templated":true}]}}