{"id":32486,"date":"2020-09-22T17:38:49","date_gmt":"2020-09-22T17:38:49","guid":{"rendered":"https:\/\/dev.railscarma.com\/?page_id=32486"},"modified":"2020-11-05T09:59:03","modified_gmt":"2020-11-05T09:59:03","slug":"outsourca-rubin-pa-ralsutveckling","status":"publish","type":"page","link":"https:\/\/www.railscarma.com\/sv\/outsourca-rubin-pa-ralsutveckling\/","title":{"rendered":"Outsourca Ruby On Rails utveckling"},"content":{"rendered":"<div data-elementor-type=\"wp-page\" data-elementor-id=\"32486\" class=\"elementor elementor-32486\" data-elementor-post-type=\"page\">\n\t\t\t\t\t\t<section class=\"elementor-section elementor-top-section elementor-element elementor-element-42f416a8 elementor-section-stretched elementor-section-boxed elementor-section-height-default elementor-section-height-default\" data-id=\"42f416a8\" data-element_type=\"section\" data-settings=\"{&quot;stretch_section&quot;:&quot;section-stretched&quot;,&quot;background_background&quot;:&quot;classic&quot;}\">\n\t\t\t\t\t\t\t<div class=\"elementor-background-overlay\"><\/div>\n\t\t\t\t\t\t\t<div class=\"elementor-container elementor-column-gap-default\">\n\t\t\t\t\t<div class=\"elementor-column elementor-col-100 elementor-top-column elementor-element elementor-element-33ecab17\" data-id=\"33ecab17\" data-element_type=\"column\">\n\t\t\t<div class=\"elementor-widget-wrap elementor-element-populated\">\n\t\t\t\t\t\t<div class=\"elementor-element elementor-element-76e1b1c elementor-widget elementor-widget-heading\" data-id=\"76e1b1c\" data-element_type=\"widget\" data-widget_type=\"heading.default\">\n\t\t\t\t<div class=\"elementor-widget-container\">\n\t\t\t\t\t<h1 class=\"elementor-heading-title elementor-size-default\">Outsourca Ruby On Rails utveckling<\/h1>\t\t\t\t<\/div>\n\t\t\t\t<\/div>\n\t\t\t\t<div class=\"elementor-element elementor-element-e9d25d2 elementor-widget elementor-widget-button\" data-id=\"e9d25d2\" data-element_type=\"widget\" data-widget_type=\"button.default\">\n\t\t\t\t<div class=\"elementor-widget-container\">\n\t\t\t\t\t\t\t\t\t<div class=\"elementor-button-wrapper\">\n\t\t\t\t\t<a class=\"elementor-button elementor-button-link elementor-size-md\" href=\"\/sv\/kontakta-oss\/\">\n\t\t\t\t\t\t<span class=\"elementor-button-content-wrapper\">\n\t\t\t\t\t\t<span class=\"elementor-button-icon\">\n\t\t\t\t<i aria-hidden=\"true\" class=\"fas fa-angle-double-right\"><\/i>\t\t\t<\/span>\n\t\t\t\t\t\t\t\t\t<span class=\"elementor-button-text\">KONTAKTA OSS<\/span>\n\t\t\t\t\t<\/span>\n\t\t\t\t\t<\/a>\n\t\t\t\t<\/div>\n\t\t\t\t\t\t\t\t<\/div>\n\t\t\t\t<\/div>\n\t\t\t\t\t<\/div>\n\t\t<\/div>\n\t\t\t\t\t<\/div>\n\t\t<\/section>\n\t\t\t\t<section class=\"elementor-section elementor-top-section elementor-element elementor-element-b7c9544 elementor-section-boxed elementor-section-height-default elementor-section-height-default\" data-id=\"b7c9544\" data-element_type=\"section\">\n\t\t\t\t\t\t<div class=\"elementor-container elementor-column-gap-default\">\n\t\t\t\t\t<div class=\"elementor-column elementor-col-100 elementor-top-column elementor-element elementor-element-3246e5b\" data-id=\"3246e5b\" data-element_type=\"column\">\n\t\t\t<div class=\"elementor-widget-wrap elementor-element-populated\">\n\t\t\t\t\t\t<div class=\"elementor-element elementor-element-76be75e elementor-widget elementor-widget-uael-advanced-heading\" data-id=\"76be75e\" data-element_type=\"widget\" data-widget_type=\"uael-advanced-heading.default\">\n\t\t\t\t<div class=\"elementor-widget-container\">\n\t\t\t\t\t\n\t\t<div class=\"uael-module-content uael-heading-wrapper\">\n\t\t\t\t\t\t\n\t\t\t<h2 class=\"uael-heading\">\n\t\t\t\t\t\t\t\t\t\t<span class=\"uael-heading-text elementor-inline-editing uael-size--default\" data-elementor-setting-key=\"heading_title\" data-elementor-inline-editing-toolbar=\"basic\">Outsourca Ruby On Rails utveckling<\/span>\n\t\t\t\t\t\t\t<\/h2>\n\n\t\t\t\n\t\t\t\t\t\t<div class=\"uael-module-content uael-separator-parent\">\n\t\t\t\t\t\t\t\t\t\t\t\t\t<div class=\"uael-separator\"><\/div>\n\t\t\t\t\t\t\t<\/div>\n\t\t\t\n\t\t\t\n\t\t\t\t\t\t<\/div>\n\t\t\t\t\t\t<\/div>\n\t\t\t\t<\/div>\n\t\t\t\t<div class=\"elementor-element elementor-element-8601b72 elementor-widget elementor-widget-text-editor\" data-id=\"8601b72\" data-element_type=\"widget\" data-widget_type=\"text-editor.default\">\n\t\t\t\t<div class=\"elementor-widget-container\">\n\t\t\t\t\t\t\t\t\t<p>Ruby on Rails utvecklingsoutsourcing syftar p\u00e5 att anst\u00e4lla en\u00a0<a href=\"https:\/\/dev.railscarma.com\/\">R\u00e4lsutvecklingsbolag<\/a>\u00a0att bygga vissa delar av applikationen som redan har kodats i Ruby on Rails. Bland m\u00e5ngfalden av f\u00f6rdelar som en Rails Development Outsourcing-partner kan erbjuda, \u00e4r n\u00e5gra: h\u00f6gutvecklande personal som har ryggen f\u00f6r att skapa och hantera dina koder, tillg\u00e5ng till kvalitetss\u00e4kringsspecialisttj\u00e4nster som ser till att endast den b\u00e4sta koden kvalificeras och en arbetsmilj\u00f6 som fr\u00e4mjar innovativ j\u00e4rnv\u00e4gsutveckling.<\/p>\t\t\t\t\t\t\t\t<\/div>\n\t\t\t\t<\/div>\n\t\t\t\t<div class=\"elementor-element elementor-element-fc16063 elementor-widget elementor-widget-uael-advanced-heading\" data-id=\"fc16063\" data-element_type=\"widget\" data-widget_type=\"uael-advanced-heading.default\">\n\t\t\t\t<div class=\"elementor-widget-container\">\n\t\t\t\t\t\n\t\t<div class=\"uael-module-content uael-heading-wrapper\">\n\t\t\t\t\t\t\n\t\t\t<h2 class=\"uael-heading\">\n\t\t\t\t\t\t\t\t\t\t<span class=\"uael-heading-text elementor-inline-editing uael-size--default\" data-elementor-setting-key=\"heading_title\" data-elementor-inline-editing-toolbar=\"basic\">RailsCarma RoR Outsourcing f\u00f6rdel<\/span>\n\t\t\t\t\t\t\t<\/h2>\n\n\t\t\t\n\t\t\t\t\t\t<div class=\"uael-module-content uael-separator-parent\">\n\t\t\t\t\t\t\t\t\t\t\t\t\t<div class=\"uael-separator\"><\/div>\n\t\t\t\t\t\t\t<\/div>\n\t\t\t\n\t\t\t\n\t\t\t\t\t\t<\/div>\n\t\t\t\t\t\t<\/div>\n\t\t\t\t<\/div>\n\t\t\t\t<div class=\"elementor-element elementor-element-7fdcab6 elementor-widget elementor-widget-text-editor\" data-id=\"7fdcab6\" data-element_type=\"widget\" data-widget_type=\"text-editor.default\">\n\t\t\t\t<div class=\"elementor-widget-container\">\n\t\t\t\t\t\t\t\t\t<p>Med sin f\u00f6rstklassiga talang f\u00f6r att bygga Rails-applikationer i v\u00e4rldsklass,\u00a0<a href=\"https:\/\/dev.railscarma.com\/\">RailsCarma<\/a>\u00a0Teamet har l\u00e5ng erfarenhet av att arbeta med ett brett utbud av Rails-applikationer som \u00e5terspeglar deras b\u00e4sta expertis inom branschen. Vi p\u00e5 RailsCarma \u00e4r starka f\u00f6respr\u00e5kare f\u00f6r Rails-gemenskapen och s\u00e4rskilt intresserade av utvecklingsprojekt med \u00f6ppen k\u00e4llkod. Om du l\u00e4gger ut ditt projekt p\u00e5 entreprenad fr\u00e5n en offshore outsourcingpartner som oss, kan du vara s\u00e4ker p\u00e5 att ditt projekt slutf\u00f6rs effektivt och kvalitativt.<\/p><p>Som en outsourcingpartner har vi ett team av ROR-utvecklare och projektledare med den tekniska bakgrunden och en aff\u00e4rsinsikt som kr\u00e4vs f\u00f6r att skapa en tydlig koppling mellan de tekniska sm\u00e5sakerna och deras aff\u00e4rskonsekvenser. Detta hj\u00e4lper till att s\u00e4kerst\u00e4lla ett smidigt och framg\u00e5ngsrikt genomf\u00f6rande av ditt projekt.<br \/>Medan en majoritet av f\u00f6retagen \u00e4r skeptiska till framg\u00e5ngen med att outsourca sitt projekt fr\u00e5n en offshore-partner, l\u00f6ser RailsCarmas avancerade tekniska tillv\u00e4gag\u00e5ngss\u00e4tt och dess globalt n\u00e4rvarande projektledning alla deras problem mycket v\u00e4l. Inte undra p\u00e5 varf\u00f6r, miljonf\u00f6retag globalt ser upp till RailsCarma f\u00f6r den ROR-expertis de erbjuder.<\/p><p>F\u00f6rutom ett skickligt team av erfarna ROR-utvecklare, har vi ett dedikerat team av kvalitetss\u00e4kringsspecialister f\u00f6r att utf\u00f6ra testk\u00f6rningar p\u00e5 olika OS-plattformar och bl\u00e4ddra i applikationerna f\u00f6r att lokalisera de tekniska luckorna tillsammans med en strategi f\u00f6r att effektivt fylla dessa och s\u00e4kerst\u00e4lla \u00f6verl\u00e4gsen kvalitet av varje projekt.<\/p><p>V\u00e5r projektledning \u00e4r v\u00e4l f\u00f6rtrogen med nyanserna av att integrera mjukvarumetodik i ett projekt och effektivisera processen f\u00f6r att leverera projekten p\u00e5 kort tid. Att arbeta med oss som din offshorepartner ger dig en enorm kostnadsf\u00f6rdel eftersom det eliminerar ditt behov av att uppr\u00e4tth\u00e5lla ett internt r\u00e4lsutvecklingsteam och trots en globalt n\u00e4rvarande och effektiv projektledning erbjuder v\u00e5ra priser dig offshoref\u00f6rdelen. S\u00e5 med oss har du befogenhet att utveckla en banbrytande r\u00e4ls-app med b\u00e4sta m\u00f6jliga ROI.<\/p><p>S\u00e5 om du funderar p\u00e5 att ta med ett mycket skickligt och erfaret team som du kan lita p\u00e5 f\u00f6r kvalitetsfokuserat arbete f\u00f6r ditt kommande Rails-projekt, beh\u00f6ver du inte leta l\u00e4ngre. Outsourca ditt projekt fr\u00e5n oss f\u00f6r att framg\u00e5ngsrikt och effektivt bygga din Rails-applikation.<\/p>\t\t\t\t\t\t\t\t<\/div>\n\t\t\t\t<\/div>\n\t\t\t\t\t<\/div>\n\t\t<\/div>\n\t\t\t\t\t<\/div>\n\t\t<\/section>\n\t\t\t\t<section class=\"elementor-section elementor-top-section elementor-element elementor-element-69724da9 elementor-section-boxed elementor-section-height-default elementor-section-height-default\" data-id=\"69724da9\" data-element_type=\"section\" data-settings=\"{&quot;background_background&quot;:&quot;classic&quot;}\">\n\t\t\t\t\t\t\t<div class=\"elementor-background-overlay\"><\/div>\n\t\t\t\t\t\t\t<div class=\"elementor-container elementor-column-gap-default\">\n\t\t\t\t\t<div class=\"elementor-column elementor-col-100 elementor-top-column elementor-element elementor-element-507e7b5c\" data-id=\"507e7b5c\" data-element_type=\"column\">\n\t\t\t<div class=\"elementor-widget-wrap elementor-element-populated\">\n\t\t\t\t\t\t<div class=\"elementor-element elementor-element-4de5bd25 elementor-widget elementor-widget-heading\" data-id=\"4de5bd25\" data-element_type=\"widget\" data-widget_type=\"heading.default\">\n\t\t\t\t<div class=\"elementor-widget-container\">\n\t\t\t\t\t<h2 class=\"elementor-heading-title elementor-size-default\">Vi hj\u00e4lper till att modernisera din<br> Applikationsportf\u00f6lj<\/h2>\t\t\t\t<\/div>\n\t\t\t\t<\/div>\n\t\t\t\t<div class=\"elementor-element elementor-element-69914682 elementor-align-center elementor-widget elementor-widget-button\" data-id=\"69914682\" data-element_type=\"widget\" data-widget_type=\"button.default\">\n\t\t\t\t<div class=\"elementor-widget-container\">\n\t\t\t\t\t\t\t\t\t<div class=\"elementor-button-wrapper\">\n\t\t\t\t\t<a class=\"elementor-button elementor-button-link elementor-size-md\" href=\"\/sv\/estimate-project\/\">\n\t\t\t\t\t\t<span class=\"elementor-button-content-wrapper\">\n\t\t\t\t\t\t<span class=\"elementor-button-icon\">\n\t\t\t\t<i aria-hidden=\"true\" class=\"fas fa-angle-double-right\"><\/i>\t\t\t<\/span>\n\t\t\t\t\t\t\t\t\t<span class=\"elementor-button-text\">UPPSKATTA DITT PROJEKT<\/span>\n\t\t\t\t\t<\/span>\n\t\t\t\t\t<\/a>\n\t\t\t\t<\/div>\n\t\t\t\t\t\t\t\t<\/div>\n\t\t\t\t<\/div>\n\t\t\t\t\t<\/div>\n\t\t<\/div>\n\t\t\t\t\t<\/div>\n\t\t<\/section>\n\t\t\t\t<section class=\"elementor-section elementor-top-section elementor-element elementor-element-ae7fbdd elementor-section-full_width elementor-section-height-default elementor-section-height-default\" data-id=\"ae7fbdd\" data-element_type=\"section\" data-settings=\"{&quot;background_background&quot;:&quot;classic&quot;}\">\n\t\t\t\t\t\t<div class=\"elementor-container elementor-column-gap-no\">\n\t\t\t\t\t<div class=\"elementor-column elementor-col-50 elementor-top-column elementor-element elementor-element-3aa604a6\" data-id=\"3aa604a6\" data-element_type=\"column\" data-settings=\"{&quot;background_background&quot;:&quot;classic&quot;}\">\n\t\t\t<div class=\"elementor-widget-wrap elementor-element-populated\">\n\t\t\t\t\t\t<div class=\"elementor-element elementor-element-220a4656 elementor-widget elementor-widget-heading\" data-id=\"220a4656\" data-element_type=\"widget\" data-widget_type=\"heading.default\">\n\t\t\t\t<div class=\"elementor-widget-container\">\n\t\t\t\t\t<h2 class=\"elementor-heading-title elementor-size-default\">L\u00e4r dig hur du g\u00f6r verksamheten smidigare och snabbare<\/h2>\t\t\t\t<\/div>\n\t\t\t\t<\/div>\n\t\t\t\t<div class=\"elementor-element elementor-element-73665ee7 elementor-align-center elementor-widget elementor-widget-button\" data-id=\"73665ee7\" data-element_type=\"widget\" data-widget_type=\"button.default\">\n\t\t\t\t<div class=\"elementor-widget-container\">\n\t\t\t\t\t\t\t\t\t<div class=\"elementor-button-wrapper\">\n\t\t\t\t\t<a class=\"elementor-button elementor-button-link elementor-size-md\" href=\"\/sv\/kontakta-oss\/\">\n\t\t\t\t\t\t<span class=\"elementor-button-content-wrapper\">\n\t\t\t\t\t\t<span class=\"elementor-button-icon\">\n\t\t\t\t<i aria-hidden=\"true\" class=\"fas fa-angle-double-right\"><\/i>\t\t\t<\/span>\n\t\t\t\t\t\t\t\t\t<span class=\"elementor-button-text\">KONSULTERA V\u00c5RA EXPERTER<\/span>\n\t\t\t\t\t<\/span>\n\t\t\t\t\t<\/a>\n\t\t\t\t<\/div>\n\t\t\t\t\t\t\t\t<\/div>\n\t\t\t\t<\/div>\n\t\t\t\t\t<\/div>\n\t\t<\/div>\n\t\t\t\t<div class=\"elementor-column elementor-col-50 elementor-top-column elementor-element elementor-element-2d9b8473\" data-id=\"2d9b8473\" data-element_type=\"column\" data-settings=\"{&quot;background_background&quot;:&quot;classic&quot;}\">\n\t\t\t<div class=\"elementor-widget-wrap elementor-element-populated\">\n\t\t\t\t\t\t<div class=\"elementor-element elementor-element-32922fb2 elementor-widget elementor-widget-heading\" data-id=\"32922fb2\" data-element_type=\"widget\" data-widget_type=\"heading.default\">\n\t\t\t\t<div class=\"elementor-widget-container\">\n\t\t\t\t\t<h2 class=\"elementor-heading-title elementor-size-default\">Intresserad av RailsCarma Services<\/h2>\t\t\t\t<\/div>\n\t\t\t\t<\/div>\n\t\t\t\t<div class=\"elementor-element elementor-element-49cf4c2e elementor-align-center elementor-widget elementor-widget-button\" data-id=\"49cf4c2e\" data-element_type=\"widget\" data-widget_type=\"button.default\">\n\t\t\t\t<div class=\"elementor-widget-container\">\n\t\t\t\t\t\t\t\t\t<div class=\"elementor-button-wrapper\">\n\t\t\t\t\t<a class=\"elementor-button elementor-button-link elementor-size-md\" href=\"\/sv\/kontakta-oss\/\">\n\t\t\t\t\t\t<span class=\"elementor-button-content-wrapper\">\n\t\t\t\t\t\t<span class=\"elementor-button-icon\">\n\t\t\t\t<i aria-hidden=\"true\" class=\"fas fa-angle-double-right\"><\/i>\t\t\t<\/span>\n\t\t\t\t\t\t\t\t\t<span class=\"elementor-button-text\">KONTAKTA OSS<\/span>\n\t\t\t\t\t<\/span>\n\t\t\t\t\t<\/a>\n\t\t\t\t<\/div>\n\t\t\t\t\t\t\t\t<\/div>\n\t\t\t\t<\/div>\n\t\t\t\t\t<\/div>\n\t\t<\/div>\n\t\t\t\t\t<\/div>\n\t\t<\/section>\n\t\t\t\t<\/div>","protected":false},"excerpt":{"rendered":"<p>Outsource Ruby On Rails Development CONTACT US Outsource Ruby On Rails Development Ruby on Rails development outsourcing refers to hiring a&nbsp;Rails development company&nbsp;to build certain parts of the application that has already been coded in Ruby on Rails. Among the multitude of advantages, that a Rails Development Outsourcing partner can offer, some are: highly development &hellip;<\/p>\n<p class=\"read-more\"> <a class=\"\" href=\"https:\/\/www.railscarma.com\/sv\/outsourca-rubin-pa-ralsutveckling\/\"> <span class=\"screen-reader-text\">Outsourca Ruby On Rails utveckling<\/span> L\u00e4s mer \u00bb<\/a><\/p>","protected":false},"author":1,"featured_media":0,"parent":0,"menu_order":0,"comment_status":"closed","ping_status":"closed","template":"","meta":{"footnotes":""},"class_list":["post-32486","page","type-page","status-publish","hentry"],"yoast_head":"<!-- This site is optimized with the Yoast SEO plugin v26.8 - https:\/\/yoast.com\/product\/yoast-seo-wordpress\/ -->\n<title>Outsource Ruby on Rails Development - RailsCarma - Ruby on Rails Development Company specializing in Offshore Development - Bangalore, Qatar, California, Dallas, Newyork<\/title>\n<meta name=\"description\" content=\"Outsource Ruby on Rails Development from an offshore outsourcing partner like us and be assured about efficient and qualitative completion of your project.\" \/>\n<meta name=\"robots\" content=\"index, follow, max-snippet:-1, max-image-preview:large, max-video-preview:-1\" \/>\n<link rel=\"canonical\" href=\"https:\/\/www.railscarma.com\/sv\/outsourca-rubin-pa-ralsutveckling\/\" \/>\n<meta property=\"og:locale\" content=\"sv_SE\" \/>\n<meta property=\"og:type\" content=\"article\" \/>\n<meta property=\"og:title\" content=\"Outsource Ruby on Rails Development - RailsCarma - Ruby on Rails Development Company specializing in Offshore Development - Bangalore, Qatar, California, Dallas, Newyork\" \/>\n<meta property=\"og:description\" content=\"Outsource Ruby on Rails Development from an offshore outsourcing partner like us and be assured about efficient and qualitative completion of your project.\" \/>\n<meta property=\"og:url\" content=\"https:\/\/www.railscarma.com\/sv\/outsourca-rubin-pa-ralsutveckling\/\" \/>\n<meta property=\"og:site_name\" content=\"RailsCarma - Ruby on Rails Development Company specializing in Offshore Development\" \/>\n<meta property=\"article:publisher\" content=\"https:\/\/www.facebook.com\/RailsCarma\/\" \/>\n<meta property=\"article:modified_time\" content=\"2020-11-05T09:59:03+00:00\" \/>\n<meta property=\"og:image\" content=\"https:\/\/www.railscarma.com\/wp-content\/uploads\/2022\/09\/Ruby-on-Rails-Development-Company.jpg\" \/>\n\t<meta property=\"og:image:width\" content=\"1200\" \/>\n\t<meta property=\"og:image:height\" content=\"628\" \/>\n\t<meta property=\"og:image:type\" content=\"image\/jpeg\" \/>\n<meta name=\"twitter:card\" content=\"summary_large_image\" \/>\n<meta name=\"twitter:site\" content=\"@railscarma\" \/>\n<meta name=\"twitter:label1\" content=\"Ber\u00e4knad l\u00e4stid\" \/>\n\t<meta name=\"twitter:data1\" content=\"2 minuter\" \/>\n<script type=\"application\/ld+json\" class=\"yoast-schema-graph\">{\"@context\":\"https:\/\/schema.org\",\"@graph\":[{\"@type\":\"WebPage\",\"@id\":\"https:\/\/www.railscarma.com\/outsource-ruby-on-rails-development\/\",\"url\":\"https:\/\/www.railscarma.com\/outsource-ruby-on-rails-development\/\",\"name\":\"Outsource Ruby on Rails Development - RailsCarma - Ruby on Rails Development Company specializing in Offshore Development - Bangalore, Qatar, California, Dallas, Newyork\",\"isPartOf\":{\"@id\":\"https:\/\/www.railscarma.com\/#website\"},\"datePublished\":\"2020-09-22T17:38:49+00:00\",\"dateModified\":\"2020-11-05T09:59:03+00:00\",\"description\":\"Outsource Ruby on Rails Development from an offshore outsourcing partner like us and be assured about efficient and qualitative completion of your project.\",\"breadcrumb\":{\"@id\":\"https:\/\/www.railscarma.com\/outsource-ruby-on-rails-development\/#breadcrumb\"},\"inLanguage\":\"sv-SE\",\"potentialAction\":[{\"@type\":\"ReadAction\",\"target\":[\"https:\/\/www.railscarma.com\/outsource-ruby-on-rails-development\/\"]}]},{\"@type\":\"BreadcrumbList\",\"@id\":\"https:\/\/www.railscarma.com\/outsource-ruby-on-rails-development\/#breadcrumb\",\"itemListElement\":[{\"@type\":\"ListItem\",\"position\":1,\"name\":\"Home\",\"item\":\"https:\/\/www.railscarma.com\/\"},{\"@type\":\"ListItem\",\"position\":2,\"name\":\"Outsource Ruby On Rails Development\"}]},{\"@type\":\"WebSite\",\"@id\":\"https:\/\/www.railscarma.com\/#website\",\"url\":\"https:\/\/www.railscarma.com\/\",\"name\":\"RailsCarma - Ruby on Rails Development Company specializing in Offshore Development\",\"description\":\"RailsCarma is a Ruby on Rails Development Company in Bangalore. We specialize in Offshore Ruby on Rails Development based out in USA and India. Hire experienced Ruby on Rails developers for the ultimate Web Experience.\",\"publisher\":{\"@id\":\"https:\/\/www.railscarma.com\/#organization\"},\"potentialAction\":[{\"@type\":\"SearchAction\",\"target\":{\"@type\":\"EntryPoint\",\"urlTemplate\":\"https:\/\/www.railscarma.com\/?s={search_term_string}\"},\"query-input\":{\"@type\":\"PropertyValueSpecification\",\"valueRequired\":true,\"valueName\":\"search_term_string\"}}],\"inLanguage\":\"sv-SE\"},{\"@type\":\"Organization\",\"@id\":\"https:\/\/www.railscarma.com\/#organization\",\"name\":\"RailsCarma\",\"url\":\"https:\/\/www.railscarma.com\/\",\"logo\":{\"@type\":\"ImageObject\",\"inLanguage\":\"sv-SE\",\"@id\":\"https:\/\/www.railscarma.com\/#\/schema\/logo\/image\/\",\"url\":\"https:\/\/www.railscarma.com\/wp-content\/uploads\/2020\/08\/railscarma_logo.png\",\"contentUrl\":\"https:\/\/www.railscarma.com\/wp-content\/uploads\/2020\/08\/railscarma_logo.png\",\"width\":200,\"height\":46,\"caption\":\"RailsCarma\"},\"image\":{\"@id\":\"https:\/\/www.railscarma.com\/#\/schema\/logo\/image\/\"},\"sameAs\":[\"https:\/\/www.facebook.com\/RailsCarma\/\",\"https:\/\/x.com\/railscarma\",\"https:\/\/www.linkedin.com\/company\/railscarma\/\",\"https:\/\/myspace.com\/railscarma\",\"https:\/\/in.pinterest.com\/railscarma\/\",\"https:\/\/www.youtube.com\/channel\/UCx3Wil-aAnDARuatTEyMdpg\"]}]}<\/script>\n<!-- \/ Yoast SEO plugin. -->","yoast_head_json":{"title":"Outsourca Ruby on Rails Development - RailsCarma - Ruby on Rails Development Company specialiserat p\u00e5 offshoreutveckling - Bangalore, Qatar, Kalifornien, Dallas, Newyork","description":"L\u00e4gg ut Ruby on Rails Development p\u00e5 entreprenad fr\u00e5n en offshore outsourcingpartner som oss och f\u00f6rs\u00e4kra dig om ett effektivt och kvalitativt slutf\u00f6rande av ditt projekt.","robots":{"index":"index","follow":"follow","max-snippet":"max-snippet:-1","max-image-preview":"max-image-preview:large","max-video-preview":"max-video-preview:-1"},"canonical":"https:\/\/www.railscarma.com\/sv\/outsourca-rubin-pa-ralsutveckling\/","og_locale":"sv_SE","og_type":"article","og_title":"Outsource Ruby on Rails Development - RailsCarma - Ruby on Rails Development Company specializing in Offshore Development - Bangalore, Qatar, California, Dallas, Newyork","og_description":"Outsource Ruby on Rails Development from an offshore outsourcing partner like us and be assured about efficient and qualitative completion of your project.","og_url":"https:\/\/www.railscarma.com\/sv\/outsourca-rubin-pa-ralsutveckling\/","og_site_name":"RailsCarma - Ruby on Rails Development Company specializing in Offshore Development","article_publisher":"https:\/\/www.facebook.com\/RailsCarma\/","article_modified_time":"2020-11-05T09:59:03+00:00","og_image":[{"width":1200,"height":628,"url":"https:\/\/www.railscarma.com\/wp-content\/uploads\/2022\/09\/Ruby-on-Rails-Development-Company.jpg","type":"image\/jpeg"}],"twitter_card":"summary_large_image","twitter_site":"@railscarma","twitter_misc":{"Ber\u00e4knad l\u00e4stid":"2 minuter"},"schema":{"@context":"https:\/\/schema.org","@graph":[{"@type":"WebPage","@id":"https:\/\/www.railscarma.com\/outsource-ruby-on-rails-development\/","url":"https:\/\/www.railscarma.com\/outsource-ruby-on-rails-development\/","name":"Outsourca Ruby on Rails Development - RailsCarma - Ruby on Rails Development Company specialiserat p\u00e5 offshoreutveckling - Bangalore, Qatar, Kalifornien, Dallas, Newyork","isPartOf":{"@id":"https:\/\/www.railscarma.com\/#website"},"datePublished":"2020-09-22T17:38:49+00:00","dateModified":"2020-11-05T09:59:03+00:00","description":"L\u00e4gg ut Ruby on Rails Development p\u00e5 entreprenad fr\u00e5n en offshore outsourcingpartner som oss och f\u00f6rs\u00e4kra dig om ett effektivt och kvalitativt slutf\u00f6rande av ditt projekt.","breadcrumb":{"@id":"https:\/\/www.railscarma.com\/outsource-ruby-on-rails-development\/#breadcrumb"},"inLanguage":"sv-SE","potentialAction":[{"@type":"ReadAction","target":["https:\/\/www.railscarma.com\/outsource-ruby-on-rails-development\/"]}]},{"@type":"BreadcrumbList","@id":"https:\/\/www.railscarma.com\/outsource-ruby-on-rails-development\/#breadcrumb","itemListElement":[{"@type":"ListItem","position":1,"name":"Home","item":"https:\/\/www.railscarma.com\/"},{"@type":"ListItem","position":2,"name":"Outsource Ruby On Rails Development"}]},{"@type":"WebSite","@id":"https:\/\/www.railscarma.com\/#website","url":"https:\/\/www.railscarma.com\/","name":"RailsCarma - Ruby on Rails Development Company specialiserat p\u00e5 Offshore Development","description":"RailsCarma \u00e4r ett Ruby on Rails Development Company i Bangalore. Vi \u00e4r specialiserade p\u00e5 Offshore Ruby on Rails Development baserat i USA och Indien. Anst\u00e4ll erfarna Ruby on Rails-utvecklare f\u00f6r den ultimata webbupplevelsen.","publisher":{"@id":"https:\/\/www.railscarma.com\/#organization"},"potentialAction":[{"@type":"SearchAction","target":{"@type":"EntryPoint","urlTemplate":"https:\/\/www.railscarma.com\/?s={search_term_string}"},"query-input":{"@type":"PropertyValueSpecification","valueRequired":true,"valueName":"search_term_string"}}],"inLanguage":"sv-SE"},{"@type":"Organization","@id":"https:\/\/www.railscarma.com\/#organization","name":"RailsCarma","url":"https:\/\/www.railscarma.com\/","logo":{"@type":"ImageObject","inLanguage":"sv-SE","@id":"https:\/\/www.railscarma.com\/#\/schema\/logo\/image\/","url":"https:\/\/www.railscarma.com\/wp-content\/uploads\/2020\/08\/railscarma_logo.png","contentUrl":"https:\/\/www.railscarma.com\/wp-content\/uploads\/2020\/08\/railscarma_logo.png","width":200,"height":46,"caption":"RailsCarma"},"image":{"@id":"https:\/\/www.railscarma.com\/#\/schema\/logo\/image\/"},"sameAs":["https:\/\/www.facebook.com\/RailsCarma\/","https:\/\/x.com\/railscarma","https:\/\/www.linkedin.com\/company\/railscarma\/","https:\/\/myspace.com\/railscarma","https:\/\/in.pinterest.com\/railscarma\/","https:\/\/www.youtube.com\/channel\/UCx3Wil-aAnDARuatTEyMdpg"]}]}},"amp_enabled":false,"_links":{"self":[{"href":"https:\/\/www.railscarma.com\/sv\/wp-json\/wp\/v2\/pages\/32486","targetHints":{"allow":["GET"]}}],"collection":[{"href":"https:\/\/www.railscarma.com\/sv\/wp-json\/wp\/v2\/pages"}],"about":[{"href":"https:\/\/www.railscarma.com\/sv\/wp-json\/wp\/v2\/types\/page"}],"author":[{"embeddable":true,"href":"https:\/\/www.railscarma.com\/sv\/wp-json\/wp\/v2\/users\/1"}],"replies":[{"embeddable":true,"href":"https:\/\/www.railscarma.com\/sv\/wp-json\/wp\/v2\/comments?post=32486"}],"version-history":[{"count":0,"href":"https:\/\/www.railscarma.com\/sv\/wp-json\/wp\/v2\/pages\/32486\/revisions"}],"wp:attachment":[{"href":"https:\/\/www.railscarma.com\/sv\/wp-json\/wp\/v2\/media?parent=32486"}],"curies":[{"name":"wp","href":"https:\/\/api.w.org\/{rel}","templated":true}]}}